{"id":87,"date":"2021-03-02T16:03:30","date_gmt":"2021-03-02T15:03:30","guid":{"rendered":"https:\/\/cosquer.fr\/?page_id=87"},"modified":"2025-10-30T10:17:23","modified_gmt":"2025-10-30T09:17:23","slug":"presentation-de-la-societe-ste-cosquer-a-sautron-specialiste-de-la-tribofinition-projection-polissage-negoce","status":"publish","type":"page","link":"https:\/\/cosquer.fr\/en\/presentation-de-la-societe-ste-cosquer-a-sautron-specialiste-de-la-tribofinition-projection-polissage-negoce\/","title":{"rendered":"Pr\u00e9sentation"},"content":{"rendered":"<section class=\"l-section wpb_row height_medium with_img\"><div class=\"l-section-img\" role=\"img\" aria-label=\"St\u00e9 Cosquer traitement de surface\" data-img-width=\"1920\" data-img-height=\"940\" style=\"background-image: url(https:\/\/cosquer.fr\/wp-content\/uploads\/2021\/03\/Bandeau-Ste-Cosquer-traitement-de-surface.jpg);\"><\/div><div class=\"l-section-h i-cf\"><div class=\"g-cols vc_row via_flex valign_top type_default stacking_default\"><div class=\"vc_col-sm-12 wpb_column vc_column_container\"><div class=\"vc_column-inner\"><div class=\"wpb_wrapper\"><div class=\"w-separator size_huge\"><\/div><\/div><\/div><\/div><\/div><\/div><\/section><section class=\"l-section wpb_row us_custom_85ff217e height_large\"><div class=\"l-section-h i-cf\"><div class=\"g-cols vc_row via_flex valign_top type_default stacking_default\"><div class=\"vc_col-sm-12 wpb_column vc_column_container has_bg_color\"><div class=\"vc_column-inner us_custom_44302e61\"><div class=\"wpb_wrapper\"><div class=\"w-image us_custom_60d35a4b align_none\"><div class=\"w-image-h\"><img decoding=\"async\" width=\"21\" height=\"21\" src=\"https:\/\/cosquer.fr\/wp-content\/uploads\/2021\/03\/Calque-lt.png\" class=\"attachment-large size-large\" alt=\"\" loading=\"lazy\" \/><\/div><\/div><div class=\"w-image us_custom_dddc58af align_none\"><div class=\"w-image-h\"><img decoding=\"async\" width=\"21\" height=\"21\" src=\"https:\/\/cosquer.fr\/wp-content\/uploads\/2021\/03\/Calque-rt.png\" class=\"attachment-large size-large\" alt=\"\" loading=\"lazy\" \/><\/div><\/div><div class=\"w-image us_custom_f49b0cff align_none\"><div class=\"w-image-h\"><img decoding=\"async\" width=\"129\" height=\"102\" src=\"https:\/\/cosquer.fr\/wp-content\/uploads\/2021\/03\/Deco.png\" class=\"attachment-large size-large\" alt=\"\" loading=\"lazy\" \/><\/div><\/div><div class=\"g-cols wpb_row us_custom_49dc4fad via_flex valign_top type_default stacking_default\"><div class=\"vc_col-sm-5 wpb_column vc_column_container\"><div class=\"vc_column-inner\"><div class=\"wpb_wrapper\"><div id=\"ultimate-video-685969f0e66870fd8\" class=\"ult-video  ult-adjust-bottom-margin ultimate-video-685969f0e66870fd8 ultv-5413\"><div class=\"ultv-video ultv-aspect-ratio-4_3 ultv-subscribe-responsive-none\" data-videotype=\"uv_iframe\">\n\t\t\t\t\t\t<div class=\"ultv-video__outer-wrap\" data-autoplay=\"1\" data-device=\"false\"  data-iconbg=\"#3A3A3A\" data-overcolor=\"\" data-defaultbg=\"#1f1f1e\" data-defaultplay=\"defaulticon\"><div class=\"ultv-video__play\" data-src=\"https:\/\/www.youtube.com\/embed\/dZHDbC3aSF4?autoplay=1&amp;rel=0&amp;start=6&amp;end&amp;controls=1&amp;mute=0&amp;modestbranding=0&amp;autoplay=1\">\n\t\t\t\t\t\t\t\t<img decoding=\"async\" class=\"ultv-video__thumb\" src=\"https:\/\/i.ytimg.com\/vi\/dZHDbC3aSF4\/maxresdefault.jpg\"\/>\n\t\t\t\t\t\t\t\t<div class=\"ultv-video__play-icon  ultv-animation-none\" style=\"width:75px\"><svg height=\"100%\" version=\"1.1\" viewbox=\"0 0 68 48\" width=\"100%\"><path class=\"ultv-youtube-icon-bg\" d=\"m .66,37.62 c 0,0 .66,4.70 2.70,6.77 2.58,2.71 5.98,2.63 7.49,2.91 5.43,.52 23.10,.68 23.12,.68 .00,-1.3e-5 14.29,-0.02 23.81,-0.71 1.32,-0.15 4.22,-0.17 6.81,-2.89 2.03,-2.07 2.70,-6.77 2.70,-6.77 0,0 .67,-5.52 .67,-11.04 l 0,-5.17 c 0,-5.52 -0.67,-11.04 -0.67,-11.04 0,0 -0.66,-4.70 -2.70,-6.77 C 62.03,.86 59.13,.84 57.80,.69 48.28,0 34.00,0 34.00,0 33.97,0 19.69,0 10.18,.69 8.85,.84 5.95,.86 3.36,3.58 1.32,5.65 .66,10.35 .66,10.35 c 0,0 -0.55,4.50 -0.66,9.45 l 0,8.36 c .10,4.94 .66,9.45 .66,9.45 z\" fill=\"#1f1f1e\" ><\/path><path d=\"m 26.96,13.67 18.37,9.62 -18.37,9.55 -0.00,-19.17 z\" fill=\"#fff\"><\/path><path d=\"M 45.02,23.46 45.32,23.28 26.96,13.67 43.32,22.34 45.02,23.46 z\" fill=\"#ccc\"><\/path><\/svg><\/div> <\/div> <\/div><\/div><\/div><\/div><\/div><\/div><div class=\"vc_col-sm-7 wpb_column vc_column_container us_animate_afb\" style=\"animation-delay:0.5s\"><div class=\"vc_column-inner\"><div class=\"wpb_wrapper\"><div class=\"wpb_text_column us_custom_a4723516\"><div class=\"wpb_wrapper\"><p class=\"content-head line-bottom\" style=\"text-align: left;\">PR\u00c9SENTATION<\/p>\n<p>La soci\u00e9t\u00e9 Cosquer excelle dans la tribofinition, la projection et le polissage depuis plus de 30 ans. Nous collaborons avec les leaders europ\u00e9ens pour r\u00e9pondre \u00e0 vos besoins de finitions.<\/p>\n<p>Avec des d\u00e9finitions techniques personnalis\u00e9es adapt\u00e9es \u00e0 vos besoins sp\u00e9cifiques, nous \u00e9laborons des gammes uniques pour chaque nouvelle probl\u00e9matique. Notre expertise s&rsquo;\u00e9tend \u00e0 divers mat\u00e9riaux : le m\u00e9tal, les composites, les plastiques, le bois, la pierre et le cuir.<\/p>\n<\/div><\/div><\/div><\/div><\/div><\/div><div class=\"w-separator size_huge\"><\/div><div style=\"visibility: hidden;\" id=\"carousel-anything-1\" class=\"gambit-carousel-anything carousel-anything-container owl-ca-carousel  has-arrows presentation-timeline-carousel ca-equal-height\" data-slide-anim=\"\" data-rtl=\"false\" data-items=\"3\"data-totalitems=\"0\" data-scroll_per_page=\"\" data-autoplay=\"false\"data-items-tablet=\"2\" data-items-mobile=\"1\" data-stop-on-hover=\"\" data-speed-scroll=\"800\" data-speed-rewind=\"1000\"data-thumbnails=\"arrow\" data-navigation=\"true\" data-touchdrag=\"false\" data-keyboard=\"cursor\" data-alignment=\"20\"data-start=\"0\"><div class=\"g-cols wpb_row via_flex valign_top type_default stacking_default\" style=\"--additional-gap:10px;\"><div class=\"vc_col-sm-12 wpb_column vc_column_container presentation-timeline-col\"><div class=\"vc_column-inner us_custom_b6a72ce1\"><div class=\"wpb_wrapper\"><div id=\"highlight-box-wrap-9684\"  data-ultimate-target='#highlight-box-wrap-9684'  data-responsive-json-new='{\"font-size\":\"desktop:22px;\",\"line-height\":\"desktop:28px;\"}'  class=\"ultimate-call-to-action ult-adjust-bottom-margin timeline-date ctaction-text-center ult-responsive\" style=\"font-weight:bold;color:#ffffff;background:#502f91;padding-top:1px;padding-bottom:1px;padding-left:1px;padding-right:1px;margin-bottom:15px;\"  data-background=\"#502f91\"  data-background-hover=\"#ed6b34\"  data-override=\"0\" ><div class=\"uvc-ctaction-data uvc-ctaction-data-no-effect ult-responsive\">1919<\/div><\/div><div id=\"highlight-box-wrap-6595\"  data-ultimate-target='#highlight-box-wrap-6595'  data-responsive-json-new='{\"font-size\":\"desktop:24px;\",\"line-height\":\"desktop:30px;\"}'  class=\"ultimate-call-to-action ult-adjust-bottom-margin timeline-separator ctaction-text-center ult-responsive\" style=\"font-weight:bold;color:#ffffff;background:#054dad;padding-top:1px;padding-bottom:1px;padding-left:1px;padding-right:1px;margin-bottom:20px;\"  data-background=\"#054dad\"  data-background-hover=\"#393939\"  data-override=\"0\" ><div class=\"uvc-ctaction-data uvc-ctaction-data-no-effect ult-responsive\">Y<\/div><\/div><div class=\"wpb_text_column us_custom_91c54093\"><div class=\"wpb_wrapper\"><p>Emile Cosquer cr\u00e9\u00e9 la soci\u00e9t\u00e9 Cosquer, d\u00e9di\u00e9e \u00e0 la fourniture pour la marine marchande et la marine nationale, en raison de la concentration des chantiers navals dans l&rsquo;estuaire de la Loire entre Nantes et Saint-Nazaire \u00e0 l&rsquo;\u00e9poque.<\/p>\n<\/div><\/div><\/div><\/div><\/div><\/div><div class=\"g-cols wpb_row via_flex valign_top type_default stacking_default\" style=\"--additional-gap:10px;\"><div class=\"vc_col-sm-12 wpb_column vc_column_container presentation-timeline-col\"><div class=\"vc_column-inner us_custom_b6a72ce1\"><div class=\"wpb_wrapper\"><div id=\"highlight-box-wrap-7621\"  data-ultimate-target='#highlight-box-wrap-7621'  data-responsive-json-new='{\"font-size\":\"desktop:22px;\",\"line-height\":\"desktop:28px;\"}'  class=\"ultimate-call-to-action ult-adjust-bottom-margin timeline-date ctaction-text-center ult-responsive\" style=\"font-weight:bold;color:#ffffff;background:#502f91;padding-top:1px;padding-bottom:1px;padding-left:1px;padding-right:1px;margin-bottom:15px;\"  data-background=\"#502f91\"  data-background-hover=\"#ed6b34\"  data-override=\"0\" ><div class=\"uvc-ctaction-data uvc-ctaction-data-no-effect ult-responsive\">1965<\/div><\/div><div id=\"highlight-box-wrap-9711\"  data-ultimate-target='#highlight-box-wrap-9711'  data-responsive-json-new='{\"font-size\":\"desktop:24px;\",\"line-height\":\"desktop:30px;\"}'  class=\"ultimate-call-to-action ult-adjust-bottom-margin timeline-separator ctaction-text-center ult-responsive\" style=\"font-weight:bold;color:#ffffff;background:#054dad;padding-top:1px;padding-bottom:1px;padding-left:1px;padding-right:1px;margin-bottom:20px;\"  data-background=\"#054dad\"  data-background-hover=\"#393939\"  data-override=\"0\" ><div class=\"uvc-ctaction-data uvc-ctaction-data-no-effect ult-responsive\">Y<\/div><\/div><div class=\"wpb_text_column us_custom_91c54093\"><div class=\"wpb_wrapper\"><p>En r\u00e9ponse \u00e0 la fermeture progressive des chantiers navals, Jean-Pierre Cosquer, le fils d&rsquo;Emile Cosquer, r\u00e9oriente l&rsquo;entreprise vers la fourniture industrielle destin\u00e9e \u00e0 divers secteurs d&rsquo;activit\u00e9.<\/p>\n<\/div><\/div><\/div><\/div><\/div><\/div><div class=\"g-cols wpb_row via_flex valign_top type_default stacking_default\" style=\"--additional-gap:10px;\"><div class=\"vc_col-sm-12 wpb_column vc_column_container presentation-timeline-col\"><div class=\"vc_column-inner us_custom_b6a72ce1\"><div class=\"wpb_wrapper\"><div id=\"highlight-box-wrap-8154\"  data-ultimate-target='#highlight-box-wrap-8154'  data-responsive-json-new='{\"font-size\":\"desktop:22px;\",\"line-height\":\"desktop:28px;\"}'  class=\"ultimate-call-to-action ult-adjust-bottom-margin timeline-date ctaction-text-center ult-responsive\" style=\"font-weight:bold;color:#ffffff;background:#502f91;padding-top:1px;padding-bottom:1px;padding-left:1px;padding-right:1px;margin-bottom:15px;\"  data-background=\"#502f91\"  data-background-hover=\"#ed6b34\"  data-override=\"0\" ><div class=\"uvc-ctaction-data uvc-ctaction-data-no-effect ult-responsive\">1989<\/div><\/div><div id=\"highlight-box-wrap-3038\"  data-ultimate-target='#highlight-box-wrap-3038'  data-responsive-json-new='{\"font-size\":\"desktop:24px;\",\"line-height\":\"desktop:30px;\"}'  class=\"ultimate-call-to-action ult-adjust-bottom-margin timeline-separator ctaction-text-center ult-responsive\" style=\"font-weight:bold;color:#ffffff;background:#054dad;padding-top:1px;padding-bottom:1px;padding-left:1px;padding-right:1px;margin-bottom:20px;\"  data-background=\"#054dad\"  data-background-hover=\"#393939\"  data-override=\"0\" ><div class=\"uvc-ctaction-data uvc-ctaction-data-no-effect ult-responsive\">Y<\/div><\/div><div class=\"wpb_text_column us_custom_91c54093\"><div class=\"wpb_wrapper\"><p>Nicolas, constate que l&rsquo;activit\u00e9 existante ne g\u00e9n\u00e8re pas suffisamment de revenus pour lui et son p\u00e8re, il choisit donc de r\u00e9activer l&rsquo;entreprise en y int\u00e9grant la prestation de services et la sous traitance industrielle.<\/p>\n<\/div><\/div><\/div><\/div><\/div><\/div><\/div><div class=\"w-image us_custom_a04e5b6b align_none\"><div class=\"w-image-h\"><img decoding=\"async\" width=\"21\" height=\"21\" src=\"https:\/\/cosquer.fr\/wp-content\/uploads\/2021\/03\/Calque-lb.png\" class=\"attachment-large size-large\" alt=\"\" loading=\"lazy\" \/><\/div><\/div><div class=\"w-image us_custom_c2685eb8 align_none\"><div class=\"w-image-h\"><img decoding=\"async\" width=\"21\" height=\"21\" src=\"https:\/\/cosquer.fr\/wp-content\/uploads\/2021\/03\/Calque-rb.png\" class=\"attachment-large size-large\" alt=\"\" loading=\"lazy\" \/><\/div><\/div><div class=\"w-separator size_huge\"><\/div><\/div><\/div><\/div><\/div><\/div><\/section><section class=\"l-section wpb_row height_auto\"><div class=\"l-section-h i-cf\"><div class=\"g-cols vc_row via_flex valign_top type_default stacking_default\"><div class=\"vc_col-sm-12 wpb_column vc_column_container\"><div class=\"vc_column-inner\"><div class=\"wpb_wrapper\"><div class=\"g-cols wpb_row via_flex valign_top type_default stacking_default\" style=\"--additional-gap:5px;\"><div class=\"vc_col-sm-6 wpb_column vc_column_container overflow-h\"><div class=\"vc_column-inner us_custom_b6a72ce1\"><div class=\"wpb_wrapper\"><div class=\"w-text us_custom_88249d77 has_text_color\"><span class=\"w-text-h\"><span class=\"w-text-value\">Local (circuit court)<\/span><\/span><\/div><div class=\"w-image logo has_ratio align_center\"><div class=\"w-image-h\"><div style=\"padding-bottom:100%\"><\/div><img decoding=\"async\" width=\"676\" height=\"678\" src=\"https:\/\/cosquer.fr\/wp-content\/uploads\/2021\/03\/Local-circuit-court-Cosquer-a-sautron.jpg\" class=\"attachment-large size-large\" alt=\"\" loading=\"lazy\" \/><\/div><\/div><\/div><\/div><\/div><div class=\"vc_col-sm-6 wpb_column vc_column_container\"><div class=\"vc_column-inner us_custom_9ae08088\"><div class=\"wpb_wrapper\"><div class=\"w-text us_custom_88249d77 has_text_color\"><span class=\"w-text-h\"><span class=\"w-text-value\">d\u00e9veloppement durable (RSE)<\/span><\/span><\/div><div class=\"w-image logo has_ratio align_center\"><div class=\"w-image-h\"><div style=\"padding-bottom:100%\"><\/div><img decoding=\"async\" width=\"1024\" height=\"1024\" src=\"https:\/\/cosquer.fr\/wp-content\/uploads\/2023\/04\/vue-augmentee-gens-affaires-analysant-graphique-bureau-1024x1024.jpeg\" class=\"attachment-large size-large\" alt=\"\" loading=\"lazy\" \/><\/div><\/div><\/div><\/div><\/div><\/div><div class=\"w-separator size_large\"><\/div><\/div><\/div><\/div><\/div><\/div><\/section><section class=\"l-section wpb_row us_custom_28d56484 height_medium\"><div class=\"l-section-h i-cf\"><div class=\"g-cols vc_row via_flex valign_top type_default stacking_default\"><div class=\"vc_col-sm-12 wpb_column vc_column_container\"><div class=\"vc_column-inner\"><div class=\"wpb_wrapper\"><div class=\"g-cols wpb_row us_custom_580bd1b3 logo-container via_flex valign_top type_default stacking_default\"><div class=\"vc_col-sm-12 wpb_column vc_column_container\"><div class=\"vc_column-inner\"><div class=\"wpb_wrapper\"><div class=\"wpb_text_column us_custom_b7ffc744\"><div class=\"wpb_wrapper\"><h2><span style=\"color: #333333;\">Nos<\/span> r\u00e9f\u00e9rences<\/h2>\n<\/div><\/div><div class=\"w-separator size_medium\"><\/div><div class=\"w-image align_none\"><div class=\"w-image-h\"><img decoding=\"async\" width=\"1024\" height=\"246\" src=\"https:\/\/cosquer.fr\/wp-content\/uploads\/2022\/11\/logos-1024x246.png\" class=\"attachment-large size-large\" alt=\"\" loading=\"lazy\" srcset=\"https:\/\/cosquer.fr\/wp-content\/uploads\/2022\/11\/logos-1024x246.png 1024w, https:\/\/cosquer.fr\/wp-content\/uploads\/2022\/11\/logos-300x72.png 300w, https:\/\/cosquer.fr\/wp-content\/uploads\/2022\/11\/logos-18x4.png 18w, https:\/\/cosquer.fr\/wp-content\/uploads\/2022\/11\/logos-600x144.png 600w\" sizes=\"auto, (max-width: 1024px) 100vw, 1024px\" \/><\/div><\/div><div class=\"w-separator size_medium\"><\/div><\/div><\/div><\/div><\/div><div class=\"w-separator size_medium\"><\/div><div class=\"g-cols wpb_row us_custom_70a34eeb via_flex valign_middle type_default reversed stacking_default\"><div class=\"vc_col-sm-3 wpb_column vc_column_container\"><div class=\"vc_column-inner\"><div class=\"wpb_wrapper\"><div class=\"w-image align_center\"><div class=\"w-image-h\"><img decoding=\"async\" width=\"800\" height=\"600\" src=\"https:\/\/cosquer.fr\/wp-content\/uploads\/2022\/11\/certification_iso_9001.jpg\" class=\"attachment-large size-large\" alt=\"\" loading=\"lazy\" srcset=\"https:\/\/cosquer.fr\/wp-content\/uploads\/2022\/11\/certification_iso_9001.jpg 800w, https:\/\/cosquer.fr\/wp-content\/uploads\/2022\/11\/certification_iso_9001-300x225.jpg 300w, https:\/\/cosquer.fr\/wp-content\/uploads\/2022\/11\/certification_iso_9001-16x12.jpg 16w, https:\/\/cosquer.fr\/wp-content\/uploads\/2022\/11\/certification_iso_9001-600x450.jpg 600w\" sizes=\"auto, (max-width: 800px) 100vw, 800px\" \/><\/div><\/div><\/div><\/div><\/div><div class=\"vc_col-sm-9 wpb_column vc_column_container\"><div class=\"vc_column-inner\"><div class=\"wpb_wrapper\"><div class=\"wpb_text_column us_custom_46b77c57\"><div class=\"wpb_wrapper\"><p class=\"content-head line-bottom\" style=\"text-align: left; padding-bottom: 0; margin-bottom: 0; border-bottom: 0;\">ISO 9001 :<\/p>\n<p>La qualit\u00e9 a toujours \u00e9t\u00e9 un moteur de l\u2019entreprise.<br \/>\nNotre certification ISO 9001 V 2008 puis 2015 n\u2019a fait que confirmer notre engagement dans la qualit\u00e9 depuis le d\u00e9but vers la satisfaction des clients.<\/p>\n<\/div><\/div><div class=\"w-btn-wrapper align_none\"><a class=\"w-btn us-btn-style_1\" target=\"_blank\" rel=\"nofollow\" href=\"https:\/\/cosquer.fr\/wp-content\/uploads\/2025\/10\/Certificat-ISO2024-COSQUER-SARL-9001-V1.pdf\"><span class=\"w-btn-label\">Voir notre certification<\/span><\/a><\/div><\/div><\/div><\/div><\/div><\/div><\/div><\/div><\/div><\/div><\/section>","protected":false},"excerpt":{"rendered":"PR\u00c9SENTATION La soci\u00e9t\u00e9 Cosquer excelle dans la tribofinition, la projection et le polissage depuis plus de 30 ans. Nous collaborons avec les leaders europ\u00e9ens pour r\u00e9pondre \u00e0 vos besoins de finitions. Avec des d\u00e9finitions techniques personnalis\u00e9es adapt\u00e9es \u00e0 vos besoins sp\u00e9cifiques, nous \u00e9laborons des gammes uniques pour chaque nouvelle probl\u00e9matique. Notre expertise s&rsquo;\u00e9tend \u00e0 divers...","protected":false},"author":1,"featured_media":0,"parent":0,"menu_order":30,"comment_status":"closed","ping_status":"closed","template":"","meta":{"footnotes":""},"class_list":["post-87","page","type-page","status-publish","hentry"],"yoast_head":"<!-- This site is optimized with the Yoast SEO plugin v27.4 - https:\/\/yoast.com\/product\/yoast-seo-wordpress\/ -->\n<title>Pr\u00e9sentation - Cosquer Sautron<\/title>\n<meta name=\"description\" content=\"Pr\u00e9sentation : Tribofinition, projection, polissage, la soci\u00e9t\u00e9 Cosquer r\u00e9pond \u00e0 vos probl\u00e9matiques de finitions depuis plus de 30 ans.\" \/>\n<meta name=\"robots\" content=\"index, follow, max-snippet:-1, max-image-preview:large, max-video-preview:-1\" \/>\n<link rel=\"canonical\" href=\"https:\/\/cosquer.fr\/en\/presentation-de-la-societe-ste-cosquer-a-sautron-specialiste-de-la-tribofinition-projection-polissage-negoce\/\" \/>\n<meta property=\"og:locale\" content=\"en_US\" \/>\n<meta property=\"og:type\" content=\"article\" \/>\n<meta property=\"og:title\" content=\"Pr\u00e9sentation - Cosquer Sautron\" \/>\n<meta property=\"og:description\" content=\"Pr\u00e9sentation : Tribofinition, projection, polissage, la soci\u00e9t\u00e9 Cosquer r\u00e9pond \u00e0 vos probl\u00e9matiques de finitions depuis plus de 30 ans.\" \/>\n<meta property=\"og:url\" content=\"https:\/\/cosquer.fr\/en\/presentation-de-la-societe-ste-cosquer-a-sautron-specialiste-de-la-tribofinition-projection-polissage-negoce\/\" \/>\n<meta property=\"og:site_name\" content=\"Cosquer Sautron\" \/>\n<meta property=\"article:modified_time\" content=\"2025-10-30T09:17:23+00:00\" \/>\n<meta name=\"twitter:card\" content=\"summary_large_image\" \/>\n<meta name=\"twitter:label1\" content=\"Est. reading time\" \/>\n\t<meta name=\"twitter:data1\" content=\"2 minutes\" \/>\n<script type=\"application\/ld+json\" class=\"yoast-schema-graph\">{\"@context\":\"https:\\\/\\\/schema.org\",\"@graph\":[{\"@type\":\"WebPage\",\"@id\":\"https:\\\/\\\/cosquer.fr\\\/presentation-de-la-societe-ste-cosquer-a-sautron-specialiste-de-la-tribofinition-projection-polissage-negoce\\\/\",\"url\":\"https:\\\/\\\/cosquer.fr\\\/presentation-de-la-societe-ste-cosquer-a-sautron-specialiste-de-la-tribofinition-projection-polissage-negoce\\\/\",\"name\":\"Pr\u00e9sentation - Cosquer Sautron\",\"isPartOf\":{\"@id\":\"https:\\\/\\\/cosquer.fr\\\/#website\"},\"datePublished\":\"2021-03-02T15:03:30+00:00\",\"dateModified\":\"2025-10-30T09:17:23+00:00\",\"description\":\"Pr\u00e9sentation : Tribofinition, projection, polissage, la soci\u00e9t\u00e9 Cosquer r\u00e9pond \u00e0 vos probl\u00e9matiques de finitions depuis plus de 30 ans.\",\"breadcrumb\":{\"@id\":\"https:\\\/\\\/cosquer.fr\\\/presentation-de-la-societe-ste-cosquer-a-sautron-specialiste-de-la-tribofinition-projection-polissage-negoce\\\/#breadcrumb\"},\"inLanguage\":\"en-US\",\"potentialAction\":[{\"@type\":\"ReadAction\",\"target\":[\"https:\\\/\\\/cosquer.fr\\\/presentation-de-la-societe-ste-cosquer-a-sautron-specialiste-de-la-tribofinition-projection-polissage-negoce\\\/\"]}]},{\"@type\":\"BreadcrumbList\",\"@id\":\"https:\\\/\\\/cosquer.fr\\\/presentation-de-la-societe-ste-cosquer-a-sautron-specialiste-de-la-tribofinition-projection-polissage-negoce\\\/#breadcrumb\",\"itemListElement\":[{\"@type\":\"ListItem\",\"position\":1,\"name\":\"Accueil\",\"item\":\"https:\\\/\\\/cosquer.fr\\\/\"},{\"@type\":\"ListItem\",\"position\":2,\"name\":\"Pr\u00e9sentation\"}]},{\"@type\":\"WebSite\",\"@id\":\"https:\\\/\\\/cosquer.fr\\\/#website\",\"url\":\"https:\\\/\\\/cosquer.fr\\\/\",\"name\":\"Cosquer Sautron\",\"description\":\"Traitement de surfaces\",\"publisher\":{\"@id\":\"https:\\\/\\\/cosquer.fr\\\/#organization\"},\"potentialAction\":[{\"@type\":\"SearchAction\",\"target\":{\"@type\":\"EntryPoint\",\"urlTemplate\":\"https:\\\/\\\/cosquer.fr\\\/?s={search_term_string}\"},\"query-input\":{\"@type\":\"PropertyValueSpecification\",\"valueRequired\":true,\"valueName\":\"search_term_string\"}}],\"inLanguage\":\"en-US\"},{\"@type\":\"Organization\",\"@id\":\"https:\\\/\\\/cosquer.fr\\\/#organization\",\"name\":\"Cosquer - Traitement de surface, parach\u00e8vement m\u00e9canique\",\"url\":\"https:\\\/\\\/cosquer.fr\\\/\",\"logo\":{\"@type\":\"ImageObject\",\"inLanguage\":\"en-US\",\"@id\":\"https:\\\/\\\/cosquer.fr\\\/#\\\/schema\\\/logo\\\/image\\\/\",\"url\":\"https:\\\/\\\/cosquer.fr\\\/wp-content\\\/uploads\\\/2021\\\/05\\\/Atelier-Cosquer-a-Sautron-44.jpg\",\"contentUrl\":\"https:\\\/\\\/cosquer.fr\\\/wp-content\\\/uploads\\\/2021\\\/05\\\/Atelier-Cosquer-a-Sautron-44.jpg\",\"width\":1920,\"height\":940,\"caption\":\"Cosquer - Traitement de surface, parach\u00e8vement m\u00e9canique\"},\"image\":{\"@id\":\"https:\\\/\\\/cosquer.fr\\\/#\\\/schema\\\/logo\\\/image\\\/\"}}]}<\/script>\n<!-- \/ Yoast SEO plugin. -->","yoast_head_json":{"title":"Pr\u00e9sentation - Cosquer Sautron","description":"Pr\u00e9sentation : Tribofinition, projection, polissage, la soci\u00e9t\u00e9 Cosquer r\u00e9pond \u00e0 vos probl\u00e9matiques de finitions depuis plus de 30 ans.","robots":{"index":"index","follow":"follow","max-snippet":"max-snippet:-1","max-image-preview":"max-image-preview:large","max-video-preview":"max-video-preview:-1"},"canonical":"https:\/\/cosquer.fr\/en\/presentation-de-la-societe-ste-cosquer-a-sautron-specialiste-de-la-tribofinition-projection-polissage-negoce\/","og_locale":"en_US","og_type":"article","og_title":"Pr\u00e9sentation - Cosquer Sautron","og_description":"Pr\u00e9sentation : Tribofinition, projection, polissage, la soci\u00e9t\u00e9 Cosquer r\u00e9pond \u00e0 vos probl\u00e9matiques de finitions depuis plus de 30 ans.","og_url":"https:\/\/cosquer.fr\/en\/presentation-de-la-societe-ste-cosquer-a-sautron-specialiste-de-la-tribofinition-projection-polissage-negoce\/","og_site_name":"Cosquer Sautron","article_modified_time":"2025-10-30T09:17:23+00:00","twitter_card":"summary_large_image","twitter_misc":{"Est. reading time":"2 minutes"},"schema":{"@context":"https:\/\/schema.org","@graph":[{"@type":"WebPage","@id":"https:\/\/cosquer.fr\/presentation-de-la-societe-ste-cosquer-a-sautron-specialiste-de-la-tribofinition-projection-polissage-negoce\/","url":"https:\/\/cosquer.fr\/presentation-de-la-societe-ste-cosquer-a-sautron-specialiste-de-la-tribofinition-projection-polissage-negoce\/","name":"Pr\u00e9sentation - Cosquer Sautron","isPartOf":{"@id":"https:\/\/cosquer.fr\/#website"},"datePublished":"2021-03-02T15:03:30+00:00","dateModified":"2025-10-30T09:17:23+00:00","description":"Pr\u00e9sentation : Tribofinition, projection, polissage, la soci\u00e9t\u00e9 Cosquer r\u00e9pond \u00e0 vos probl\u00e9matiques de finitions depuis plus de 30 ans.","breadcrumb":{"@id":"https:\/\/cosquer.fr\/presentation-de-la-societe-ste-cosquer-a-sautron-specialiste-de-la-tribofinition-projection-polissage-negoce\/#breadcrumb"},"inLanguage":"en-US","potentialAction":[{"@type":"ReadAction","target":["https:\/\/cosquer.fr\/presentation-de-la-societe-ste-cosquer-a-sautron-specialiste-de-la-tribofinition-projection-polissage-negoce\/"]}]},{"@type":"BreadcrumbList","@id":"https:\/\/cosquer.fr\/presentation-de-la-societe-ste-cosquer-a-sautron-specialiste-de-la-tribofinition-projection-polissage-negoce\/#breadcrumb","itemListElement":[{"@type":"ListItem","position":1,"name":"Accueil","item":"https:\/\/cosquer.fr\/"},{"@type":"ListItem","position":2,"name":"Pr\u00e9sentation"}]},{"@type":"WebSite","@id":"https:\/\/cosquer.fr\/#website","url":"https:\/\/cosquer.fr\/","name":"Cosquer Sautron","description":"Traitement de surfaces","publisher":{"@id":"https:\/\/cosquer.fr\/#organization"},"potentialAction":[{"@type":"SearchAction","target":{"@type":"EntryPoint","urlTemplate":"https:\/\/cosquer.fr\/?s={search_term_string}"},"query-input":{"@type":"PropertyValueSpecification","valueRequired":true,"valueName":"search_term_string"}}],"inLanguage":"en-US"},{"@type":"Organization","@id":"https:\/\/cosquer.fr\/#organization","name":"Cosquer - Traitement de surface, parach\u00e8vement m\u00e9canique","url":"https:\/\/cosquer.fr\/","logo":{"@type":"ImageObject","inLanguage":"en-US","@id":"https:\/\/cosquer.fr\/#\/schema\/logo\/image\/","url":"https:\/\/cosquer.fr\/wp-content\/uploads\/2021\/05\/Atelier-Cosquer-a-Sautron-44.jpg","contentUrl":"https:\/\/cosquer.fr\/wp-content\/uploads\/2021\/05\/Atelier-Cosquer-a-Sautron-44.jpg","width":1920,"height":940,"caption":"Cosquer - Traitement de surface, parach\u00e8vement m\u00e9canique"},"image":{"@id":"https:\/\/cosquer.fr\/#\/schema\/logo\/image\/"}}]}},"_links":{"self":[{"href":"https:\/\/cosquer.fr\/en\/wp-json\/wp\/v2\/pages\/87","targetHints":{"allow":["GET"]}}],"collection":[{"href":"https:\/\/cosquer.fr\/en\/wp-json\/wp\/v2\/pages"}],"about":[{"href":"https:\/\/cosquer.fr\/en\/wp-json\/wp\/v2\/types\/page"}],"author":[{"embeddable":true,"href":"https:\/\/cosquer.fr\/en\/wp-json\/wp\/v2\/users\/1"}],"replies":[{"embeddable":true,"href":"https:\/\/cosquer.fr\/en\/wp-json\/wp\/v2\/comments?post=87"}],"version-history":[{"count":24,"href":"https:\/\/cosquer.fr\/en\/wp-json\/wp\/v2\/pages\/87\/revisions"}],"predecessor-version":[{"id":1147,"href":"https:\/\/cosquer.fr\/en\/wp-json\/wp\/v2\/pages\/87\/revisions\/1147"}],"wp:attachment":[{"href":"https:\/\/cosquer.fr\/en\/wp-json\/wp\/v2\/media?parent=87"}],"curies":[{"name":"wp","href":"https:\/\/api.w.org\/{rel}","templated":true}]}}