{"id":84,"date":"2021-03-02T16:02:20","date_gmt":"2021-03-02T15:02:20","guid":{"rendered":"https:\/\/cosquer.fr\/?page_id=84"},"modified":"2023-09-29T14:27:06","modified_gmt":"2023-09-29T12:27:06","slug":"contact-ste-cosquer-specialiste-du-traitement-de-surface-a-sautron","status":"publish","type":"page","link":"https:\/\/cosquer.fr\/en\/contact-ste-cosquer-specialiste-du-traitement-de-surface-a-sautron\/","title":{"rendered":"Contact"},"content":{"rendered":"<section class=\"l-section wpb_row height_huge with_img\"><div class=\"l-section-img\" role=\"img\" aria-label=\"St\u00e9 Cosquer traitement de surface\" data-img-width=\"1920\" data-img-height=\"940\" style=\"background-image: url(https:\/\/cosquer.fr\/wp-content\/uploads\/2021\/03\/Bandeau-Ste-Cosquer-traitement-de-surface.jpg);\"><\/div><div class=\"l-section-h i-cf\"><div class=\"g-cols vc_row via_flex valign_top type_default stacking_default\"><div class=\"vc_col-sm-12 wpb_column vc_column_container\"><div class=\"vc_column-inner\"><div class=\"wpb_wrapper\"><div class=\"w-separator size_huge\"><\/div><\/div><\/div><\/div><\/div><\/div><\/section><section class=\"l-section wpb_row us_custom_85ff217e height_large\"><div class=\"l-section-h i-cf\"><div class=\"g-cols vc_row via_flex valign_top type_default stacking_default\"><div class=\"vc_col-sm-12 wpb_column vc_column_container has_bg_color\"><div class=\"vc_column-inner us_custom_5a5da9c5\"><div class=\"wpb_wrapper\"><div class=\"w-image us_custom_60d35a4b align_none\"><div class=\"w-image-h\"><img decoding=\"async\" width=\"21\" height=\"21\" src=\"https:\/\/cosquer.fr\/wp-content\/uploads\/2021\/03\/Calque-lt.png\" class=\"attachment-large size-large\" alt=\"\" loading=\"lazy\" \/><\/div><\/div><div class=\"w-image us_custom_dddc58af align_none\"><div class=\"w-image-h\"><img decoding=\"async\" width=\"21\" height=\"21\" src=\"https:\/\/cosquer.fr\/wp-content\/uploads\/2021\/03\/Calque-rt.png\" class=\"attachment-large size-large\" alt=\"\" loading=\"lazy\" \/><\/div><\/div><h2 style=\"text-align: center\" class=\"vc_custom_heading vc_do_custom_heading heading-1 us_custom_926908d6\" >Informations<\/h2><div class=\"wpb_text_column us_custom_40824568\"><div class=\"wpb_wrapper\"><p>une question ? Besoin d\u2019un renseignement ? Contactez-nous !<\/p>\n<\/div><\/div><div class=\"g-cols wpb_row us_custom_22f43855 via_flex valign_middle type_default stacking_default\" style=\"--additional-gap:7px;\"><div class=\"vc_col-sm-12 wpb_column vc_column_container overflow-h\"><div class=\"vc_column-inner us_custom_3681f989\"><div class=\"wpb_wrapper\"><div class=\"w-hwrapper contact-infos valign_top wrap align_justify\"><div class=\"w-iconbox us_custom_eff860d0 contact-icons iconpos_left style_default color_primary align_left icontype_img\"><a target=\"_blank\" rel=\"nofollow\" href=\"https:\/\/goo.gl\/maps\/aFb9wphzbLr9h7D9A\" class=\"w-iconbox-link\" aria-label=\"ST\u00c9 Cosquer\"><div class=\"w-iconbox-icon\" style=\"font-size:45px;\"><img loading=\"lazy\" decoding=\"async\" width=\"45\" height=\"45\" src=\"https:\/\/cosquer.fr\/wp-content\/uploads\/2021\/03\/map-pin.jpg\" class=\"attachment-full size-full\" alt=\"\" \/><\/div><\/a><div class=\"w-iconbox-meta\"><p class=\"w-iconbox-title\" style=\"font-size:18px;\"><a target=\"_blank\" rel=\"nofollow\" href=\"https:\/\/goo.gl\/maps\/aFb9wphzbLr9h7D9A\" class=\"w-iconbox-link\" aria-label=\"ST\u00c9 Cosquer\">ST\u00c9 Cosquer<\/a><\/p><div class=\"w-iconbox-text\"><p><a href=\"https:\/\/maps.google.com\/maps?ll=47.257773,-1.660366&amp;z=16&amp;t=m&amp;hl=en&amp;gl=KR&amp;mapclient=embed&amp;cid=2347298518122749659\" target=\"_blank\" rel=\"noopener\">Z.A. du Moulin 16, rue Moulin &#8211; 44880 Sautron<\/a><\/p>\n<\/div><\/div><\/div><div class=\"w-iconbox us_custom_eff860d0 contact-icons iconpos_left style_default color_primary align_left icontype_img\"><a href=\"tel:0240639340\" class=\"w-iconbox-link\" aria-label=\"T\u00e9l\u00e9phone\"><div class=\"w-iconbox-icon\" style=\"font-size:45px;\"><img loading=\"lazy\" decoding=\"async\" width=\"45\" height=\"45\" src=\"https:\/\/cosquer.fr\/wp-content\/uploads\/2021\/03\/phone.jpg\" class=\"attachment-full size-full\" alt=\"\" \/><\/div><\/a><div class=\"w-iconbox-meta\"><p class=\"w-iconbox-title\" style=\"font-size:18px;\"><a href=\"tel:0240639340\" class=\"w-iconbox-link\" aria-label=\"T\u00e9l\u00e9phone\">T\u00e9l\u00e9phone<\/a><\/p><div class=\"w-iconbox-text\"><p><a href=\"tel:0240639340\">02 40 63 93 40<\/a><\/p>\n<\/div><\/div><\/div><div class=\"w-iconbox us_custom_eff860d0 contact-icons iconpos_left style_default color_primary align_left icontype_img\"><div class=\"w-iconbox-icon\" style=\"font-size:45px;\"><img loading=\"lazy\" decoding=\"async\" width=\"45\" height=\"45\" src=\"https:\/\/cosquer.fr\/wp-content\/uploads\/2021\/03\/fax.jpg\" class=\"attachment-full size-full\" alt=\"\" \/><\/div><div class=\"w-iconbox-meta\"><p class=\"w-iconbox-title\" style=\"font-size:18px;\">Fax<\/p><div class=\"w-iconbox-text\"><p>02 40 63 28 07<\/p>\n<\/div><\/div><\/div><div class=\"w-iconbox us_custom_5195ec9e contact-icons iconpos_left style_default color_primary align_left icontype_img\"><a href=\"mailto:commercial@cosquer.fr\" class=\"w-iconbox-link\" aria-label=\"Email\"><div class=\"w-iconbox-icon\" style=\"font-size:45px;\"><img loading=\"lazy\" decoding=\"async\" width=\"45\" height=\"45\" src=\"https:\/\/cosquer.fr\/wp-content\/uploads\/2021\/03\/fax.jpg\" class=\"attachment-full size-full\" alt=\"\" \/><\/div><\/a><div class=\"w-iconbox-meta\"><p class=\"w-iconbox-title\" style=\"font-size:18px;\"><a href=\"mailto:commercial@cosquer.fr\" class=\"w-iconbox-link\" aria-label=\"Email\">Email<\/a><\/p><div class=\"w-iconbox-text\"><p><a href=\"mailto:commercial@cosquer.fr\">commercial@cosquer.fr<\/a><\/p>\n<\/div><\/div><\/div><\/div><\/div><\/div><\/div><\/div><div class=\"g-cols wpb_row us_custom_566f7a2d contact-columns via_flex valign_top type_default stacking_default\" style=\"--additional-gap:15px;\"><div class=\"vc_col-sm-7 wpb_column vc_column_container\"><div class=\"vc_column-inner us_custom_58c7af7c\"><div class=\"wpb_wrapper\">\n<div class=\"wpcf7 no-js\" id=\"wpcf7-f5-o1\" lang=\"fr-FR\" dir=\"ltr\" data-wpcf7-id=\"5\">\n<div class=\"screen-reader-response\"><p role=\"status\" aria-live=\"polite\" aria-atomic=\"true\"><\/p> <ul><\/ul><\/div>\n<form action=\"\/en\/wp-json\/wp\/v2\/pages\/84#wpcf7-f5-o1\" method=\"post\" class=\"wpcf7-form init\" aria-label=\"Formulaire de contact\" novalidate=\"novalidate\" data-status=\"init\" data-trp-original-action=\"\/en\/wp-json\/wp\/v2\/pages\/84#wpcf7-f5-o1\">\n<fieldset class=\"hidden-fields-container\"><input type=\"hidden\" name=\"_wpcf7\" value=\"5\" \/><input type=\"hidden\" name=\"_wpcf7_version\" value=\"6.1.5\" \/><input type=\"hidden\" name=\"_wpcf7_locale\" value=\"fr_FR\" \/><input type=\"hidden\" name=\"_wpcf7_unit_tag\" value=\"wpcf7-f5-o1\" \/><input type=\"hidden\" name=\"_wpcf7_container_post\" value=\"0\" \/><input type=\"hidden\" name=\"_wpcf7_posted_data_hash\" value=\"\" \/>\n<\/fieldset>\n<div class=\"wpcf7-turnstile cf-turnstile\" data-sitekey=\"93f0b7c5e906fc1dc002491a55834392\" data-response-field-name=\"_wpcf7_turnstile_response\"><\/div>\n\n<div class=\"g-cols vc_row valign_top\">\n\t<div class=\"vc_col-sm-12 wpb_column vc_column_container\">\n\t\t<div class=\"vc_column-inner\">\n\t\t\t<p><span class=\"wpcf7-form-control-wrap\" data-name=\"your-name\"><input size=\"40\" maxlength=\"400\" class=\"wpcf7-form-control wpcf7-text wpcf7-validates-as-required\" aria-required=\"true\" aria-invalid=\"false\" placeholder=\"Nom...\" value=\"\" type=\"text\" name=\"your-name\" \/><\/span>\n\t\t\t<\/p>\n\t\t<\/div>\n\t<\/div>\n<\/div>\n<div class=\"g-cols vc_row valign_top\">\n\t<div class=\"vc_col-sm-6 wpb_column vc_column_container\">\n\t\t<div class=\"vc_column-inner\">\n\t\t\t<p><span class=\"wpcf7-form-control-wrap\" data-name=\"your-email\"><input size=\"40\" maxlength=\"400\" class=\"wpcf7-form-control wpcf7-email wpcf7-validates-as-required wpcf7-text wpcf7-validates-as-email\" aria-required=\"true\" aria-invalid=\"false\" placeholder=\"Email...\" value=\"\" type=\"email\" name=\"your-email\" \/><\/span>\n\t\t\t<\/p>\n\t\t<\/div>\n\t<\/div>\n\t<div class=\"vc_col-sm-6 wpb_column vc_column_container\">\n\t\t<div class=\"vc_column-inner\">\n\t\t\t<p><span class=\"wpcf7-form-control-wrap\" data-name=\"your-number\"><input size=\"40\" maxlength=\"400\" class=\"wpcf7-form-control wpcf7-tel wpcf7-validates-as-required wpcf7-text wpcf7-validates-as-tel\" aria-required=\"true\" aria-invalid=\"false\" placeholder=\"T\u00e9l\u00e9phone...\" value=\"\" type=\"tel\" name=\"your-number\" \/><\/span>\n\t\t\t<\/p>\n\t\t<\/div>\n\t<\/div>\n<\/div>\n<div class=\"g-cols vc_row valign_top\">\n\t<div class=\"vc_col-sm-12 wpb_column vc_column_container\">\n\t\t<div class=\"vc_column-inner\">\n\t\t\t<p><span class=\"wpcf7-form-control-wrap\" data-name=\"menu-941\"><select class=\"wpcf7-form-control wpcf7-select wpcf7-validates-as-required\" aria-required=\"true\" aria-invalid=\"false\" name=\"menu-941\"><option value=\"Type de demande\">Type de demande<\/option><option value=\"Prestation\">Prestation<\/option><option value=\"Sous-Traitance\">Sous-Traitance<\/option><option value=\"N\u00e9goce\">N\u00e9goce<\/option><option value=\"Emploi\/stage\">Emploi\/stage<\/option><option value=\"Autres\">Autres<\/option><\/select><\/span>\n\t\t\t<\/p>\n\t\t<\/div>\n\t<\/div>\n<\/div>\n<div class=\"g-cols vc_row valign_top\">\n\t<div class=\"vc_col-sm-12 wpb_column vc_column_container\">\n\t\t<div class=\"vc_column-inner\">\n\t\t\t<p><span class=\"wpcf7-form-control-wrap\" data-name=\"your-message\"><textarea cols=\"40\" rows=\"10\" maxlength=\"2000\" class=\"wpcf7-form-control wpcf7-textarea\" aria-invalid=\"false\" placeholder=\"Description\" name=\"your-message\"><\/textarea><\/span>\n\t\t\t<\/p>\n\t\t<\/div>\n\t<\/div>\n<\/div>\n<div class=\"g-cols vc_row valign_top\">\n\t<div class=\"vc_col-sm-12 wpb_column vc_column_container\">\n\t\t<div class=\"vc_column-inner\">\n\t\t\t<p><span class=\"wpcf7-form-control-wrap\" data-name=\"acceptance\"><span class=\"wpcf7-form-control wpcf7-acceptance\"><span class=\"wpcf7-list-item\"><label><input type=\"checkbox\" name=\"acceptance\" value=\"1\" aria-invalid=\"false\" \/><span class=\"wpcf7-list-item-label\">En soumettant ce formulaire, j\u2019accepte que les informations saisies soient exploit\u00e9es dans le cadre de ma demande et de la relation commerciale qui peut en d\u00e9couler. Plus d'informations sur notre <a href=\"\/en\/mentions-legales-et-politique-de-confidentialite\/\" target=\"_blank\">politique de confidentialit\u00e9<\/a>.<\/span><\/label><\/span><\/span><\/span>\n\t\t\t<\/p>\n\t\t<\/div>\n\t<\/div>\n<\/div>\n<div class=\"g-cols vc_row valign_top\">\n\t<div class=\"vc_col-sm-12 wpb_column vc_column_container\">\n\t\t<div class=\"vc_column-inner\">\n\t\t\t<p><input class=\"wpcf7-form-control wpcf7-submit has-spinner w-btn us-btn-style_6\" type=\"submit\" value=\"Envoyer ma demande\" \/>\n\t\t\t<\/p>\n\t\t<\/div>\n\t<\/div>\n<\/div><p style=\"display: none !important;\" class=\"akismet-fields-container\" data-prefix=\"_wpcf7_ak_\"><label>&#916;<textarea name=\"_wpcf7_ak_hp_textarea\" cols=\"45\" rows=\"8\" maxlength=\"100\"><\/textarea><\/label><input type=\"hidden\" id=\"ak_js_1\" name=\"_wpcf7_ak_js\" value=\"229\"\/><script>\ndocument.getElementById( \"ak_js_1\" ).setAttribute( \"value\", ( new Date() ).getTime() );\n<\/script>\n<\/p><div class=\"wpcf7-response-output\" aria-hidden=\"true\"><\/div>\n<input type=\"hidden\" name=\"trp-form-language\" value=\"en\"\/><\/form>\n<\/div>\n<\/div><\/div><\/div><div class=\"vc_col-sm-5 wpb_column vc_column_container\"><div class=\"vc_column-inner us_custom_f2ed2a5c\"><div class=\"wpb_wrapper\"><div style=\"text-align: left\" class=\"vc_custom_heading vc_do_custom_heading us_custom_07960aae\" >Nos horaires<\/div><div class=\"w-separator size_medium\"><\/div><div class=\"wpb_text_column\"><div class=\"wpb_wrapper\"><table width=\"100%\">\n<tbody>\n<tr>\n<td>Lundi<\/td>\n<td>8h00-12h30 \/ 13h30-17h00<\/td>\n<\/tr>\n<tr>\n<td>Mardi<\/td>\n<td>8h00-12h30 \/ 13h30-17h00<\/td>\n<\/tr>\n<tr>\n<td>Mercredi<\/td>\n<td>8h00-12h30 \/ 13h30-17h00<\/td>\n<\/tr>\n<tr>\n<td>Jeudi<\/td>\n<td>8h00-12h30 \/ 13h30-17h00<\/td>\n<\/tr>\n<tr>\n<td>Vendredi<\/td>\n<td>8h00-12h30 \/ 13h30-15h30<\/td>\n<\/tr>\n<tr>\n<td>Samedi<\/td>\n<td><span class=\"primary_color\">Ferm\u00e9<\/span><\/td>\n<\/tr>\n<tr>\n<td>Dimanche<\/td>\n<td><span class=\"primary_color\">Ferm\u00e9<\/span><\/td>\n<\/tr>\n<\/tbody>\n<\/table>\n<\/div><\/div><div class=\"w-separator size_medium\"><\/div><div class=\"w-socials color_brand shape_circle style_colored hover_fade\" style=\"--gap:0.5px;\"><div class=\"w-socials-list\"><div class=\"w-socials-item linkedin\"><a target=\"_blank\" rel=\"nofollow\" href=\"https:\/\/www.linkedin.com\/company\/cosquer-sarl?trk=biz-companies-cym\" class=\"w-socials-item-link\" aria-label=\"LinkedIn\"><span class=\"w-socials-item-link-hover\"><\/span><i class=\"fab fa-linkedin\"><\/i><\/a><div class=\"w-socials-item-popup\"><span>LinkedIn<\/span><\/div><\/div><div class=\"w-socials-item youtube\"><a target=\"_blank\" rel=\"nofollow\" href=\"https:\/\/www.youtube.com\/channel\/UCg3JgmTOMDynKUlx66KD62A\" class=\"w-socials-item-link\" aria-label=\"YouTube\"><span class=\"w-socials-item-link-hover\"><\/span><i class=\"fab fa-youtube\"><\/i><\/a><div class=\"w-socials-item-popup\"><span>YouTube<\/span><\/div><\/div><div class=\"w-socials-item facebook\"><a target=\"_blank\" rel=\"nofollow\" href=\"https:\/\/www.facebook.com\/Cosquer44\/\" class=\"w-socials-item-link\" aria-label=\"Facebook\"><span class=\"w-socials-item-link-hover\"><\/span><i class=\"fab fa-facebook\"><\/i><\/a><div class=\"w-socials-item-popup\"><span>Facebook<\/span><\/div><\/div><\/div><\/div><\/div><\/div><\/div><\/div><div class=\"w-image us_custom_a04e5b6b align_none\"><div class=\"w-image-h\"><img decoding=\"async\" width=\"21\" height=\"21\" src=\"https:\/\/cosquer.fr\/wp-content\/uploads\/2021\/03\/Calque-lb.png\" class=\"attachment-large size-large\" alt=\"\" loading=\"lazy\" \/><\/div><\/div><div class=\"w-image us_custom_c2685eb8 align_none\"><div class=\"w-image-h\"><img decoding=\"async\" width=\"21\" height=\"21\" src=\"https:\/\/cosquer.fr\/wp-content\/uploads\/2021\/03\/Calque-rb.png\" class=\"attachment-large size-large\" alt=\"\" loading=\"lazy\" \/><\/div><\/div><\/div><\/div><\/div><\/div><\/div><\/section><section class=\"l-section wpb_row height_medium\"><div class=\"l-section-h i-cf\"><div class=\"g-cols vc_row via_flex valign_top type_default stacking_default\"><div class=\"vc_col-sm-12 wpb_column vc_column_container\"><div class=\"vc_column-inner\"><div class=\"wpb_wrapper\">\n\t<div class=\"wpb_raw_code wpb_raw_html wpb_content_element footer-map desktop-only us_custom_909b2fd0\" >\n\t\t<div class=\"wpb_wrapper\">\n\t\t\t<iframe src=\"https:\/\/www.google.com\/maps\/embed?pb=!1m18!1m12!1m3!1d2707.8941550314375!2d-1.6625546841381218!3d47.25777297916323!2m3!1f0!2f0!3f0!3m2!1i1024!2i768!4f13.1!3m3!1m2!1s0x480592c6e85de87d%3A0x20934790d281dedb!2sCompany%20Cosquer!5e0!3m2!1sen!2skr!4v1614695784160!5m2!1sen!2skr\" width=\"100%\" height=\"450\" style=\"border:0;\" allowfullscreen=\"\" loading=\"lazy\"><\/iframe>\n\t\t<\/div>\n\t<\/div>\n<\/div><\/div><\/div><\/div><\/div><\/section>","protected":false},"excerpt":{"rendered":"Informationsune question ? Besoin d\u2019un renseignement ? Contactez-nous ! ST\u00c9 CosquerZ.A. du Moulin 16, rue Moulin - 44880 Sautron T\u00e9l\u00e9phone02 40 63 93 40 Fax02 40 63 28 07 Emailcommercial@cosquer.fr Type de demandePrestationSous-TraitanceN\u00e9goceEmploi\/stageAutres En soumettant ce formulaire, j\u2019accepte que les informations saisies soient exploit\u00e9es dans le cadre de ma demande et de la relation commerciale...","protected":false},"author":1,"featured_media":0,"parent":0,"menu_order":150,"comment_status":"closed","ping_status":"closed","template":"","meta":{"footnotes":""},"class_list":["post-84","page","type-page","status-publish","hentry"],"yoast_head":"<!-- This site is optimized with the Yoast SEO plugin v27.4 - https:\/\/yoast.com\/product\/yoast-seo-wordpress\/ -->\n<title>Contact - Cosquer Sautron<\/title>\n<meta name=\"description\" content=\"Contact de la soci\u00e9t\u00e9 Cosquer situ\u00e9 au 16 rue du Moulin \u00e0 Sautron 44880. E-mail, num\u00e9ro de t\u00e9l\u00e9phone, num\u00e9ro de fax.\" \/>\n<meta name=\"robots\" content=\"index, follow, max-snippet:-1, max-image-preview:large, max-video-preview:-1\" \/>\n<link rel=\"canonical\" href=\"https:\/\/cosquer.fr\/en\/contact-ste-cosquer-specialiste-du-traitement-de-surface-a-sautron\/\" \/>\n<meta property=\"og:locale\" content=\"en_US\" \/>\n<meta property=\"og:type\" content=\"article\" \/>\n<meta property=\"og:title\" content=\"Contact - Cosquer Sautron\" \/>\n<meta property=\"og:description\" content=\"Contact de la soci\u00e9t\u00e9 Cosquer situ\u00e9 au 16 rue du Moulin \u00e0 Sautron 44880. E-mail, num\u00e9ro de t\u00e9l\u00e9phone, num\u00e9ro de fax.\" \/>\n<meta property=\"og:url\" content=\"https:\/\/cosquer.fr\/en\/contact-ste-cosquer-specialiste-du-traitement-de-surface-a-sautron\/\" \/>\n<meta property=\"og:site_name\" content=\"Cosquer Sautron\" \/>\n<meta property=\"article:modified_time\" content=\"2023-09-29T12:27:06+00:00\" \/>\n<meta name=\"twitter:card\" content=\"summary_large_image\" \/>\n<meta name=\"twitter:label1\" content=\"Est. reading time\" \/>\n\t<meta name=\"twitter:data1\" content=\"1 minute\" \/>\n<script type=\"application\/ld+json\" class=\"yoast-schema-graph\">{\"@context\":\"https:\\\/\\\/schema.org\",\"@graph\":[{\"@type\":\"WebPage\",\"@id\":\"https:\\\/\\\/cosquer.fr\\\/contact-ste-cosquer-specialiste-du-traitement-de-surface-a-sautron\\\/\",\"url\":\"https:\\\/\\\/cosquer.fr\\\/contact-ste-cosquer-specialiste-du-traitement-de-surface-a-sautron\\\/\",\"name\":\"Contact - Cosquer Sautron\",\"isPartOf\":{\"@id\":\"https:\\\/\\\/cosquer.fr\\\/#website\"},\"datePublished\":\"2021-03-02T15:02:20+00:00\",\"dateModified\":\"2023-09-29T12:27:06+00:00\",\"description\":\"Contact de la soci\u00e9t\u00e9 Cosquer situ\u00e9 au 16 rue du Moulin \u00e0 Sautron 44880. E-mail, num\u00e9ro de t\u00e9l\u00e9phone, num\u00e9ro de fax.\",\"breadcrumb\":{\"@id\":\"https:\\\/\\\/cosquer.fr\\\/contact-ste-cosquer-specialiste-du-traitement-de-surface-a-sautron\\\/#breadcrumb\"},\"inLanguage\":\"en-US\",\"potentialAction\":[{\"@type\":\"ReadAction\",\"target\":[\"https:\\\/\\\/cosquer.fr\\\/contact-ste-cosquer-specialiste-du-traitement-de-surface-a-sautron\\\/\"]}]},{\"@type\":\"BreadcrumbList\",\"@id\":\"https:\\\/\\\/cosquer.fr\\\/contact-ste-cosquer-specialiste-du-traitement-de-surface-a-sautron\\\/#breadcrumb\",\"itemListElement\":[{\"@type\":\"ListItem\",\"position\":1,\"name\":\"Accueil\",\"item\":\"https:\\\/\\\/cosquer.fr\\\/\"},{\"@type\":\"ListItem\",\"position\":2,\"name\":\"Contact\"}]},{\"@type\":\"WebSite\",\"@id\":\"https:\\\/\\\/cosquer.fr\\\/#website\",\"url\":\"https:\\\/\\\/cosquer.fr\\\/\",\"name\":\"Cosquer Sautron\",\"description\":\"Traitement de surfaces\",\"publisher\":{\"@id\":\"https:\\\/\\\/cosquer.fr\\\/#organization\"},\"potentialAction\":[{\"@type\":\"SearchAction\",\"target\":{\"@type\":\"EntryPoint\",\"urlTemplate\":\"https:\\\/\\\/cosquer.fr\\\/?s={search_term_string}\"},\"query-input\":{\"@type\":\"PropertyValueSpecification\",\"valueRequired\":true,\"valueName\":\"search_term_string\"}}],\"inLanguage\":\"en-US\"},{\"@type\":\"Organization\",\"@id\":\"https:\\\/\\\/cosquer.fr\\\/#organization\",\"name\":\"Cosquer - Traitement de surface, parach\u00e8vement m\u00e9canique\",\"url\":\"https:\\\/\\\/cosquer.fr\\\/\",\"logo\":{\"@type\":\"ImageObject\",\"inLanguage\":\"en-US\",\"@id\":\"https:\\\/\\\/cosquer.fr\\\/#\\\/schema\\\/logo\\\/image\\\/\",\"url\":\"https:\\\/\\\/cosquer.fr\\\/wp-content\\\/uploads\\\/2021\\\/05\\\/Atelier-Cosquer-a-Sautron-44.jpg\",\"contentUrl\":\"https:\\\/\\\/cosquer.fr\\\/wp-content\\\/uploads\\\/2021\\\/05\\\/Atelier-Cosquer-a-Sautron-44.jpg\",\"width\":1920,\"height\":940,\"caption\":\"Cosquer - Traitement de surface, parach\u00e8vement m\u00e9canique\"},\"image\":{\"@id\":\"https:\\\/\\\/cosquer.fr\\\/#\\\/schema\\\/logo\\\/image\\\/\"}}]}<\/script>\n<!-- \/ Yoast SEO plugin. -->","yoast_head_json":{"title":"Contact - Cosquer Sautron","description":"Contact de la soci\u00e9t\u00e9 Cosquer situ\u00e9 au 16 rue du Moulin \u00e0 Sautron 44880. E-mail, num\u00e9ro de t\u00e9l\u00e9phone, num\u00e9ro de fax.","robots":{"index":"index","follow":"follow","max-snippet":"max-snippet:-1","max-image-preview":"max-image-preview:large","max-video-preview":"max-video-preview:-1"},"canonical":"https:\/\/cosquer.fr\/en\/contact-ste-cosquer-specialiste-du-traitement-de-surface-a-sautron\/","og_locale":"en_US","og_type":"article","og_title":"Contact - Cosquer Sautron","og_description":"Contact de la soci\u00e9t\u00e9 Cosquer situ\u00e9 au 16 rue du Moulin \u00e0 Sautron 44880. E-mail, num\u00e9ro de t\u00e9l\u00e9phone, num\u00e9ro de fax.","og_url":"https:\/\/cosquer.fr\/en\/contact-ste-cosquer-specialiste-du-traitement-de-surface-a-sautron\/","og_site_name":"Cosquer Sautron","article_modified_time":"2023-09-29T12:27:06+00:00","twitter_card":"summary_large_image","twitter_misc":{"Est. reading time":"1 minute"},"schema":{"@context":"https:\/\/schema.org","@graph":[{"@type":"WebPage","@id":"https:\/\/cosquer.fr\/contact-ste-cosquer-specialiste-du-traitement-de-surface-a-sautron\/","url":"https:\/\/cosquer.fr\/contact-ste-cosquer-specialiste-du-traitement-de-surface-a-sautron\/","name":"Contact - Cosquer Sautron","isPartOf":{"@id":"https:\/\/cosquer.fr\/#website"},"datePublished":"2021-03-02T15:02:20+00:00","dateModified":"2023-09-29T12:27:06+00:00","description":"Contact de la soci\u00e9t\u00e9 Cosquer situ\u00e9 au 16 rue du Moulin \u00e0 Sautron 44880. E-mail, num\u00e9ro de t\u00e9l\u00e9phone, num\u00e9ro de fax.","breadcrumb":{"@id":"https:\/\/cosquer.fr\/contact-ste-cosquer-specialiste-du-traitement-de-surface-a-sautron\/#breadcrumb"},"inLanguage":"en-US","potentialAction":[{"@type":"ReadAction","target":["https:\/\/cosquer.fr\/contact-ste-cosquer-specialiste-du-traitement-de-surface-a-sautron\/"]}]},{"@type":"BreadcrumbList","@id":"https:\/\/cosquer.fr\/contact-ste-cosquer-specialiste-du-traitement-de-surface-a-sautron\/#breadcrumb","itemListElement":[{"@type":"ListItem","position":1,"name":"Accueil","item":"https:\/\/cosquer.fr\/"},{"@type":"ListItem","position":2,"name":"Contact"}]},{"@type":"WebSite","@id":"https:\/\/cosquer.fr\/#website","url":"https:\/\/cosquer.fr\/","name":"Cosquer Sautron","description":"Traitement de surfaces","publisher":{"@id":"https:\/\/cosquer.fr\/#organization"},"potentialAction":[{"@type":"SearchAction","target":{"@type":"EntryPoint","urlTemplate":"https:\/\/cosquer.fr\/?s={search_term_string}"},"query-input":{"@type":"PropertyValueSpecification","valueRequired":true,"valueName":"search_term_string"}}],"inLanguage":"en-US"},{"@type":"Organization","@id":"https:\/\/cosquer.fr\/#organization","name":"Cosquer - Traitement de surface, parach\u00e8vement m\u00e9canique","url":"https:\/\/cosquer.fr\/","logo":{"@type":"ImageObject","inLanguage":"en-US","@id":"https:\/\/cosquer.fr\/#\/schema\/logo\/image\/","url":"https:\/\/cosquer.fr\/wp-content\/uploads\/2021\/05\/Atelier-Cosquer-a-Sautron-44.jpg","contentUrl":"https:\/\/cosquer.fr\/wp-content\/uploads\/2021\/05\/Atelier-Cosquer-a-Sautron-44.jpg","width":1920,"height":940,"caption":"Cosquer - Traitement de surface, parach\u00e8vement m\u00e9canique"},"image":{"@id":"https:\/\/cosquer.fr\/#\/schema\/logo\/image\/"}}]}},"_links":{"self":[{"href":"https:\/\/cosquer.fr\/en\/wp-json\/wp\/v2\/pages\/84","targetHints":{"allow":["GET"]}}],"collection":[{"href":"https:\/\/cosquer.fr\/en\/wp-json\/wp\/v2\/pages"}],"about":[{"href":"https:\/\/cosquer.fr\/en\/wp-json\/wp\/v2\/types\/page"}],"author":[{"embeddable":true,"href":"https:\/\/cosquer.fr\/en\/wp-json\/wp\/v2\/users\/1"}],"replies":[{"embeddable":true,"href":"https:\/\/cosquer.fr\/en\/wp-json\/wp\/v2\/comments?post=84"}],"version-history":[{"count":13,"href":"https:\/\/cosquer.fr\/en\/wp-json\/wp\/v2\/pages\/84\/revisions"}],"predecessor-version":[{"id":895,"href":"https:\/\/cosquer.fr\/en\/wp-json\/wp\/v2\/pages\/84\/revisions\/895"}],"wp:attachment":[{"href":"https:\/\/cosquer.fr\/en\/wp-json\/wp\/v2\/media?parent=84"}],"curies":[{"name":"wp","href":"https:\/\/api.w.org\/{rel}","templated":true}]}}