{"id":75,"date":"2021-03-02T16:01:32","date_gmt":"2021-03-02T15:01:32","guid":{"rendered":"https:\/\/cosquer.fr\/?page_id=75"},"modified":"2023-11-16T10:58:04","modified_gmt":"2023-11-16T09:58:04","slug":"prestations-agence-commercial-audit-et-formation-ste-cosquer-a-sautron","status":"publish","type":"page","link":"https:\/\/cosquer.fr\/en\/prestations-agence-commercial-audit-et-formation-ste-cosquer-a-sautron\/","title":{"rendered":"Prestations"},"content":{"rendered":"<section class=\"l-section wpb_row height_huge with_img\"><div class=\"l-section-img\" role=\"img\" aria-label=\"St\u00e9 Cosquer traitement de surface\" data-img-width=\"1920\" data-img-height=\"940\" style=\"background-image: url(https:\/\/cosquer.fr\/wp-content\/uploads\/2021\/03\/Bandeau-Ste-Cosquer-traitement-de-surface.jpg);\"><\/div><div class=\"l-section-h i-cf\"><div class=\"g-cols vc_row via_flex valign_top type_default stacking_default\"><div class=\"vc_col-sm-12 wpb_column vc_column_container\"><div class=\"vc_column-inner\"><div class=\"wpb_wrapper\"><div class=\"w-separator size_huge\"><\/div><\/div><\/div><\/div><\/div><\/div><\/section><section class=\"l-section wpb_row us_custom_85ff217e height_large\"><div class=\"l-section-h i-cf\"><div class=\"g-cols vc_row via_flex valign_top type_default stacking_default\"><div class=\"vc_col-sm-12 wpb_column vc_column_container has_bg_color\"><div class=\"vc_column-inner us_custom_e7ab06ed\"><div class=\"wpb_wrapper\"><div class=\"w-image us_custom_60d35a4b align_none\"><div class=\"w-image-h\"><img decoding=\"async\" width=\"21\" height=\"21\" src=\"https:\/\/cosquer.fr\/wp-content\/uploads\/2021\/03\/Calque-lt.png\" class=\"attachment-large size-large\" alt=\"\" loading=\"lazy\" \/><\/div><\/div><div class=\"w-image us_custom_dddc58af align_none\"><div class=\"w-image-h\"><img decoding=\"async\" width=\"21\" height=\"21\" src=\"https:\/\/cosquer.fr\/wp-content\/uploads\/2021\/03\/Calque-rt.png\" class=\"attachment-large size-large\" alt=\"\" loading=\"lazy\" \/><\/div><\/div><div class=\"wpb_text_column us_custom_eb849559\"><div class=\"wpb_wrapper\"><h2><span style=\"color: #242424\">Agence<\/span> commerciale<\/h2>\n<\/div><\/div><div class=\"w-image logo align_center us_animate_afb\" style=\"animation-delay:0.5s\"><div class=\"w-image-h\"><img decoding=\"async\" width=\"1920\" height=\"940\" src=\"https:\/\/cosquer.fr\/wp-content\/uploads\/2021\/03\/Agence-Commercial-traitement-de-surface-COSQUER-SAUTRON-44.jpg\" class=\"attachment-full size-full\" alt=\"Agence Commercial traitement de surface COSQUER SAUTRON 44\" loading=\"lazy\" srcset=\"https:\/\/cosquer.fr\/wp-content\/uploads\/2021\/03\/Agence-Commercial-traitement-de-surface-COSQUER-SAUTRON-44.jpg 1920w, https:\/\/cosquer.fr\/wp-content\/uploads\/2021\/03\/Agence-Commercial-traitement-de-surface-COSQUER-SAUTRON-44-300x147.jpg 300w, https:\/\/cosquer.fr\/wp-content\/uploads\/2021\/03\/Agence-Commercial-traitement-de-surface-COSQUER-SAUTRON-44-1024x501.jpg 1024w, https:\/\/cosquer.fr\/wp-content\/uploads\/2021\/03\/Agence-Commercial-traitement-de-surface-COSQUER-SAUTRON-44-16x8.jpg 16w, https:\/\/cosquer.fr\/wp-content\/uploads\/2021\/03\/Agence-Commercial-traitement-de-surface-COSQUER-SAUTRON-44-600x294.jpg 600w\" sizes=\"auto, (max-width: 1920px) 100vw, 1920px\" \/><\/div><\/div><div class=\"w-separator size_medium\"><\/div><div class=\"g-cols wpb_row via_flex valign_middle type_default stacking_default\"><div class=\"vc_col-sm-2 wpb_column vc_column_container\"><div class=\"vc_column-inner\"><div class=\"wpb_wrapper\"><div class=\"w-image us_custom_a39797a2 align_center\"><div class=\"w-image-h\"><img decoding=\"async\" width=\"129\" height=\"102\" src=\"https:\/\/cosquer.fr\/wp-content\/uploads\/2021\/03\/Deco.png\" class=\"attachment-large size-large\" alt=\"\" loading=\"lazy\" \/><\/div><\/div><\/div><\/div><\/div><div class=\"vc_col-sm-10 wpb_column vc_column_container\"><div class=\"vc_column-inner\"><div class=\"wpb_wrapper\"><div class=\"wpb_text_column us_custom_15bfd543\"><div class=\"wpb_wrapper\"><p>Pendant trois g\u00e9n\u00e9rations, les Cosquer ont \u00e9t\u00e9 \u00e0 la fois agents d&rsquo;usines et distributeurs r\u00e9gionaux. Cela leur permet de servir directement les grands comptes et les soci\u00e9t\u00e9s de taille interm\u00e9diaire depuis notre base locale \u00e0 Sautron. En tant que sous-traitants, nous utilisons quotidiennement les produits que nous vendons. Notre expertise nous permet de d\u00e9finir des solutions \u00e9volutives et p\u00e9rennes en lien avec les besoins du client.<\/p>\n<\/div><\/div><\/div><\/div><\/div><\/div><div class=\"w-separator size_medium\"><\/div><div class=\"w-tabs prestation-tabs layout_hor style_default switch_click has_scrolling\" style=\"--sections-title-size:1em\"><div class=\"w-tabs-list items_3 align_none\" style=\"text-transform:uppercase;\"><div class=\"w-tabs-list-h\"><button class=\"w-tabs-item active defined-active\" aria-controls=\"content-s5bd\" aria-expanded=\"true\"><span class=\"w-tabs-item-title\">R\u00f6sler<\/span><\/button><button class=\"w-tabs-item\" aria-controls=\"content-h69a\" aria-expanded=\"false\"><span class=\"w-tabs-item-title\">Jean Brel<\/span><\/button><button class=\"w-tabs-item\" aria-controls=\"content-u772\" aria-expanded=\"false\"><span class=\"w-tabs-item-title\">Fladder<\/span><\/button><\/div><\/div><div class=\"w-tabs-sections titles-align_none icon_chevron cpos_right\"><div class=\"w-tabs-section active\" id=\"s5bd\" style=\"background:#f5f5f5;\"><button class=\"w-tabs-section-header active\" aria-controls=\"content-s5bd\" aria-expanded=\"true\"><div class=\"w-tabs-section-title\">R\u00f6sler<\/div><div class=\"w-tabs-section-control\"><\/div><\/button><div  class=\"w-tabs-section-content\" id=\"content-s5bd\"><div class=\"w-tabs-section-content-h i-cf\"><div class=\"wpb_text_column us_custom_2a14d113\"><div class=\"wpb_wrapper\"><p>R\u00f6sler est le seul fournisseur mondial proposant un traitement de surface combinant Tribofinition, Grenaillage et installations de lavage industriel. Le groupe d\u00e9veloppe et produit tous les composants en interne. Les mat\u00e9riels de Tribofinition R\u00f6sler sont leaders mondiaux gr\u00e2ce \u00e0 leur rentabilit\u00e9 \u00e9lev\u00e9e et leur technologie efficiente, r\u00e9duisant significativement les co\u00fbts. Ils sont polyvalents et adapt\u00e9s \u00e0 tous les domaines du traitement de surface, manuel ou n\u00e9cessitant des moyens techniques importants.<\/p>\n<p><a href=\"https:\/\/fr.rosler.com\/fr-fr\/\" target=\"_blank\" rel=\"noopener\">D\u00e9couvrir leur site<\/a><\/p>\n<\/div><\/div><\/div><\/div><\/div><div class=\"w-tabs-section\" id=\"h69a\"><button class=\"w-tabs-section-header\" aria-controls=\"content-h69a\" aria-expanded=\"false\"><div class=\"w-tabs-section-title\">Jean Brel<\/div><div class=\"w-tabs-section-control\"><\/div><\/button><div  class=\"w-tabs-section-content\" id=\"content-h69a\"><div class=\"w-tabs-section-content-h i-cf\"><div class=\"wpb_text_column us_custom_2a14d113\"><div class=\"wpb_wrapper\"><p>Depuis 1973, Jean Brel SA, expert du traitement de surface, propose des solutions vari\u00e9es : d\u00e9graissage, lavage par aspersion, nettoyage ultrasonique, sablage, sablage humide et microbillage. Fort de milliers de r\u00e9f\u00e9rences dans des secteurs tels que l&rsquo;a\u00e9ronautique, la m\u00e9canique, la sant\u00e9 ou la fabrication additive 3D, l&rsquo;entreprise est sp\u00e9cialis\u00e9e et exp\u00e9riment\u00e9e.<\/p>\n<p><a href=\"https:\/\/www.jeanbrel.com\/\" target=\"_blank\" rel=\"noopener\">D\u00e9couvrir leur site<\/a><\/p>\n<\/div><\/div><\/div><\/div><\/div><div class=\"w-tabs-section\" id=\"u772\" style=\"background:#f5f5f5;\"><button class=\"w-tabs-section-header\" aria-controls=\"content-u772\" aria-expanded=\"false\"><div class=\"w-tabs-section-title\">Fladder<\/div><div class=\"w-tabs-section-control\"><\/div><\/button><div  class=\"w-tabs-section-content\" id=\"content-u772\"><div class=\"w-tabs-section-content-h i-cf\"><div class=\"wpb_text_column us_custom_2a14d113\"><div class=\"wpb_wrapper\"><p>Fladder Danmark propose une large gamme de machines manuelles, automatiques et sp\u00e9ciales. Les machines sont utilis\u00e9es pour l&rsquo;\u00e9bavurage, l&rsquo;\u00e9limination des oxydes et des scories, la finition de surface, le d\u00e9nudage et le pon\u00e7age interm\u00e9diaire. Ils sont utilis\u00e9s par l&rsquo;industrie m\u00e9tallurgique, l&rsquo;industrie du bois et l&rsquo;industrie du plastique et des composites.<\/p>\n<p><a href=\"https:\/\/fladder.dk\/en\/\" target=\"_blank\" rel=\"noopener\">D\u00e9couvrir leur site<\/a><\/p>\n<\/div><\/div><\/div><\/div><\/div><\/div><\/div><div class=\"w-image us_custom_a04e5b6b align_none\"><div class=\"w-image-h\"><img decoding=\"async\" width=\"21\" height=\"21\" src=\"https:\/\/cosquer.fr\/wp-content\/uploads\/2021\/03\/Calque-lb.png\" class=\"attachment-large size-large\" alt=\"\" loading=\"lazy\" \/><\/div><\/div><div class=\"w-image us_custom_c2685eb8 align_none\"><div class=\"w-image-h\"><img decoding=\"async\" width=\"21\" height=\"21\" src=\"https:\/\/cosquer.fr\/wp-content\/uploads\/2021\/03\/Calque-rb.png\" class=\"attachment-large size-large\" alt=\"\" loading=\"lazy\" \/><\/div><\/div><\/div><\/div><\/div><\/div><\/div><\/section><section class=\"l-section wpb_row height_auto\"><div class=\"l-section-h i-cf\"><div class=\"g-cols vc_row via_flex valign_top type_default stacking_default\"><div class=\"vc_col-sm-12 wpb_column vc_column_container\"><div class=\"vc_column-inner\"><div class=\"wpb_wrapper\"><div class=\"wpb_text_column us_custom_eb849559\"><div class=\"wpb_wrapper\"><h2><span style=\"color: #242424\">Prestations : <\/span><span style=\"color: #242424\">Audit &amp;<\/span> Formation<\/h2>\n<\/div><\/div><div class=\"w-separator size_medium\"><\/div><div class=\"g-cols wpb_row via_flex valign_top type_default stacking_default\"><div class=\"vc_col-sm-7 wpb_column vc_column_container us_animate_fade\" style=\"animation-delay:0.4s\"><div class=\"vc_column-inner\"><div class=\"wpb_wrapper\"><div class=\"wpb_text_column us_custom_153eeeee\"><div class=\"wpb_wrapper\"><p>Le pr\u00e9ambule \u00e0 toutes formations est un audit complet des moyens de productions et des comp\u00e9tences de l\u2019entreprise. Puis, une liste de conseils et de suggestions donnera lieux ou non \u00e0 des formations professionnelles. Nous sommes r\u00e9f\u00e9renc\u00e9s par l\u2019\u00e9tat sous le logo DATADOCK.<\/p>\n<p>Avec plus de 35 ans d&rsquo;exp\u00e9rience dans ces domaines non standardis\u00e9s, nous concevons des formations adapt\u00e9es aux enjeux identifi\u00e9s pr\u00e9c\u00e9demment.<\/p>\n<\/div><\/div><\/div><\/div><\/div><div class=\"vc_col-sm-5 wpb_column vc_column_container\"><div class=\"vc_column-inner\"><div class=\"wpb_wrapper\"><div class=\"w-image us_custom_3e9d1bc9 logo us_animate_this align_center\"><div class=\"w-image-h\"><img decoding=\"async\" width=\"1920\" height=\"940\" src=\"https:\/\/cosquer.fr\/wp-content\/uploads\/2022\/11\/Audit-et-formation-ste-cosquer-sautron-44.jpg\" class=\"attachment-full size-full\" alt=\"\" loading=\"lazy\" srcset=\"https:\/\/cosquer.fr\/wp-content\/uploads\/2022\/11\/Audit-et-formation-ste-cosquer-sautron-44.jpg 1920w, https:\/\/cosquer.fr\/wp-content\/uploads\/2022\/11\/Audit-et-formation-ste-cosquer-sautron-44-300x147.jpg 300w, https:\/\/cosquer.fr\/wp-content\/uploads\/2022\/11\/Audit-et-formation-ste-cosquer-sautron-44-1024x501.jpg 1024w, https:\/\/cosquer.fr\/wp-content\/uploads\/2022\/11\/Audit-et-formation-ste-cosquer-sautron-44-18x9.jpg 18w, https:\/\/cosquer.fr\/wp-content\/uploads\/2022\/11\/Audit-et-formation-ste-cosquer-sautron-44-600x294.jpg 600w\" sizes=\"auto, (max-width: 1920px) 100vw, 1920px\" \/><\/div><\/div><\/div><\/div><\/div><\/div><div class=\"w-separator size_medium\"><\/div><div class=\"g-cols wpb_row us_custom_a21ea65f via_flex valign_top type_default stacking_default\" style=\"--additional-gap:5px;\"><div class=\"vc_col-sm-3 wpb_column vc_column_container\"><div class=\"vc_column-inner us_custom_e7f5d98a\"><div class=\"wpb_wrapper\"><div class=\"w-text us_custom_6516cb62 prestation-buttons has_text_color\"><a href=\"#\" class=\"w-text-h\"><span class=\"w-text-value\">35 ans d\u2019exp\u00e9rience<\/span><\/a><\/div><\/div><\/div><\/div><div class=\"vc_col-sm-3 wpb_column vc_column_container\"><div class=\"vc_column-inner us_custom_e7f5d98a\"><div class=\"wpb_wrapper\"><div class=\"w-text us_custom_6516cb62 prestation-buttons has_text_color\"><a href=\"#\" class=\"w-text-h\"><span class=\"w-text-value\">Atelier d\u2019essais et de sous-traitance<\/span><\/a><\/div><\/div><\/div><\/div><div class=\"vc_col-sm-3 wpb_column vc_column_container\"><div class=\"vc_column-inner us_custom_e7f5d98a\"><div class=\"wpb_wrapper\"><div class=\"w-text us_custom_6516cb62 prestation-buttons has_text_color\"><a href=\"#\" class=\"w-text-h\"><span class=\"w-text-value\">Agent commercial des leaders europ\u00e9ens<\/span><\/a><\/div><\/div><\/div><\/div><div class=\"vc_col-sm-3 wpb_column vc_column_container\"><div class=\"vc_column-inner us_custom_e7f5d98a\"><div class=\"wpb_wrapper\"><div class=\"w-text us_custom_6516cb62 prestation-buttons has_text_color\"><a href=\"#\" class=\"w-text-h\"><span class=\"w-text-value\">Exp\u00e9riences dans tous les domaines industriels<\/span><\/a><\/div><\/div><\/div><\/div><\/div><div class=\"w-separator size_large\"><\/div><div class=\"g-cols wpb_row via_flex valign_middle type_default stacking_default\"><div class=\"vc_col-sm-2\/5 wpb_column vc_column_container\"><div class=\"vc_column-inner\"><div class=\"wpb_wrapper\"><div class=\"w-image has_ratio align_center us_animate_afb\" style=\"animation-delay:0.4s\"><a ref=\"magnificPopup\" href=\"https:\/\/cosquer.fr\/wp-content\/uploads\/2021\/03\/Cosquer-formation-et-audit.jpg\" aria-label=\"Cosquer formation et audit\" class=\"w-image-h\"><div style=\"padding-bottom:56.25%\"><\/div><img decoding=\"async\" width=\"1024\" height=\"501\" src=\"https:\/\/cosquer.fr\/wp-content\/uploads\/2021\/03\/Cosquer-formation-et-audit-1024x501.jpg\" class=\"attachment-large size-large\" alt=\"\" loading=\"lazy\" \/><\/a><\/div><\/div><\/div><\/div><div class=\"vc_col-sm-3\/5 wpb_column vc_column_container us_animate_afb\" style=\"animation-delay:0.4s\"><div class=\"vc_column-inner\"><div class=\"wpb_wrapper\"><div class=\"wpb_text_column us_custom_8cad594b\"><div class=\"wpb_wrapper\"><p><span class=\"primary_color\">L\u2019audit, le conseil et la formation sont des prestations qui peuvent \u00eatre prise de fa\u00e7on s\u00e9par\u00e9es. <\/span><\/p>\n<p><strong>3 \u00e0 4 points forts<\/strong><\/p>\n<ul class=\"content-list\">\n<li>35 ans d\u2019exp\u00e9rience<\/li>\n<li>Atelier d\u2019essais et de sous-traitance<\/li>\n<li>Agent commercial des leaders europ\u00e9ens<\/li>\n<li>Exp\u00e9riences dans tous les domaines industriels<\/li>\n<\/ul>\n<\/div><\/div><\/div><\/div><\/div><\/div><div class=\"w-separator size_medium\"><\/div><div class=\"g-cols wpb_row via_flex valign_middle type_default reversed stacking_default\"><div class=\"vc_col-sm-3\/5 wpb_column vc_column_container us_animate_afb\" style=\"animation-delay:0.4s\"><div class=\"vc_column-inner\"><div class=\"wpb_wrapper\"><div class=\"wpb_text_column us_custom_8cad594b\"><div class=\"wpb_wrapper\"><p>Besoin d\u2019une machine mais vous ne savez pas laquelle choisir ?<\/p>\n<p>Une envie d&rsquo;apportez une formation sur mesure \u00e0 vos \u00e9quipes de production ?<\/p>\n<p>Le d\u00e9sir de renouvelez votre formation sur vos machines, ou faire une transmission de savoir \u00e0 vos \u00e9quipes ?<\/p>\n<p>Nous vous formons sur vos machines en traitements de surface. Nous avons 3 niveaux de formations. Cette prestation se d\u00e9roule en 2 jours, une premi\u00e8re journ\u00e9e dans nos locaux, et une seconde chez vous avec vos machines.<\/p>\n<\/div><\/div><\/div><\/div><\/div><div class=\"vc_col-sm-2\/5 wpb_column vc_column_container\"><div class=\"vc_column-inner\"><div class=\"wpb_wrapper\"><div class=\"w-btn-wrapper align_none\"><a class=\"w-btn us-btn-style_1\" title=\"Les Formations\" href=\"https:\/\/cosquer.fr\/en\/les-formations-dans-le-domaines-en-traitement-de-surface\/\"><span class=\"w-btn-label\">Voir nos formations<\/span><\/a><\/div><\/div><\/div><\/div><\/div><div class=\"w-separator size_medium\"><\/div><div class=\"w-separator size_large\"><\/div><\/div><\/div><\/div><\/div><\/div><\/section>","protected":false},"excerpt":{"rendered":"Agence commerciale Pendant trois g\u00e9n\u00e9rations, les Cosquer ont \u00e9t\u00e9 \u00e0 la fois agents d&rsquo;usines et distributeurs r\u00e9gionaux. Cela leur permet de servir directement les grands comptes et les soci\u00e9t\u00e9s de taille interm\u00e9diaire depuis notre base locale \u00e0 Sautron. En tant que sous-traitants, nous utilisons quotidiennement les produits que nous vendons. Notre expertise nous permet de...","protected":false},"author":1,"featured_media":0,"parent":0,"menu_order":35,"comment_status":"closed","ping_status":"closed","template":"","meta":{"footnotes":""},"class_list":["post-75","page","type-page","status-publish","hentry"],"yoast_head":"<!-- This site is optimized with the Yoast SEO plugin v27.4 - https:\/\/yoast.com\/product\/yoast-seo-wordpress\/ -->\n<title>Prestations - Cosquer Sautron<\/title>\n<meta name=\"description\" content=\"La gamme de prestation offerte par COSQUER comprend des prestations telles que l&#039;audit, le conseil, la formation, etc.\" \/>\n<meta name=\"robots\" content=\"index, follow, max-snippet:-1, max-image-preview:large, max-video-preview:-1\" \/>\n<link rel=\"canonical\" href=\"https:\/\/cosquer.fr\/en\/prestations-agence-commercial-audit-et-formation-ste-cosquer-a-sautron\/\" \/>\n<meta property=\"og:locale\" content=\"en_US\" \/>\n<meta property=\"og:type\" content=\"article\" \/>\n<meta property=\"og:title\" content=\"Prestations - Cosquer Sautron\" \/>\n<meta property=\"og:description\" content=\"La gamme de prestation offerte par COSQUER comprend des prestations telles que l&#039;audit, le conseil, la formation, etc.\" \/>\n<meta property=\"og:url\" content=\"https:\/\/cosquer.fr\/en\/prestations-agence-commercial-audit-et-formation-ste-cosquer-a-sautron\/\" \/>\n<meta property=\"og:site_name\" content=\"Cosquer Sautron\" \/>\n<meta property=\"article:modified_time\" content=\"2023-11-16T09:58:04+00:00\" \/>\n<meta name=\"twitter:card\" content=\"summary_large_image\" \/>\n<meta name=\"twitter:label1\" content=\"Est. reading time\" \/>\n\t<meta name=\"twitter:data1\" content=\"3 minutes\" \/>\n<script type=\"application\/ld+json\" class=\"yoast-schema-graph\">{\"@context\":\"https:\\\/\\\/schema.org\",\"@graph\":[{\"@type\":\"WebPage\",\"@id\":\"https:\\\/\\\/cosquer.fr\\\/prestations-agence-commercial-audit-et-formation-ste-cosquer-a-sautron\\\/\",\"url\":\"https:\\\/\\\/cosquer.fr\\\/prestations-agence-commercial-audit-et-formation-ste-cosquer-a-sautron\\\/\",\"name\":\"Prestations - Cosquer Sautron\",\"isPartOf\":{\"@id\":\"https:\\\/\\\/cosquer.fr\\\/#website\"},\"datePublished\":\"2021-03-02T15:01:32+00:00\",\"dateModified\":\"2023-11-16T09:58:04+00:00\",\"description\":\"La gamme de prestation offerte par COSQUER comprend des prestations telles que l'audit, le conseil, la formation, etc.\",\"breadcrumb\":{\"@id\":\"https:\\\/\\\/cosquer.fr\\\/prestations-agence-commercial-audit-et-formation-ste-cosquer-a-sautron\\\/#breadcrumb\"},\"inLanguage\":\"en-US\",\"potentialAction\":[{\"@type\":\"ReadAction\",\"target\":[\"https:\\\/\\\/cosquer.fr\\\/prestations-agence-commercial-audit-et-formation-ste-cosquer-a-sautron\\\/\"]}]},{\"@type\":\"BreadcrumbList\",\"@id\":\"https:\\\/\\\/cosquer.fr\\\/prestations-agence-commercial-audit-et-formation-ste-cosquer-a-sautron\\\/#breadcrumb\",\"itemListElement\":[{\"@type\":\"ListItem\",\"position\":1,\"name\":\"Accueil\",\"item\":\"https:\\\/\\\/cosquer.fr\\\/\"},{\"@type\":\"ListItem\",\"position\":2,\"name\":\"Prestations\"}]},{\"@type\":\"WebSite\",\"@id\":\"https:\\\/\\\/cosquer.fr\\\/#website\",\"url\":\"https:\\\/\\\/cosquer.fr\\\/\",\"name\":\"Cosquer Sautron\",\"description\":\"Traitement de surfaces\",\"publisher\":{\"@id\":\"https:\\\/\\\/cosquer.fr\\\/#organization\"},\"potentialAction\":[{\"@type\":\"SearchAction\",\"target\":{\"@type\":\"EntryPoint\",\"urlTemplate\":\"https:\\\/\\\/cosquer.fr\\\/?s={search_term_string}\"},\"query-input\":{\"@type\":\"PropertyValueSpecification\",\"valueRequired\":true,\"valueName\":\"search_term_string\"}}],\"inLanguage\":\"en-US\"},{\"@type\":\"Organization\",\"@id\":\"https:\\\/\\\/cosquer.fr\\\/#organization\",\"name\":\"Cosquer - Traitement de surface, parach\u00e8vement m\u00e9canique\",\"url\":\"https:\\\/\\\/cosquer.fr\\\/\",\"logo\":{\"@type\":\"ImageObject\",\"inLanguage\":\"en-US\",\"@id\":\"https:\\\/\\\/cosquer.fr\\\/#\\\/schema\\\/logo\\\/image\\\/\",\"url\":\"https:\\\/\\\/cosquer.fr\\\/wp-content\\\/uploads\\\/2021\\\/05\\\/Atelier-Cosquer-a-Sautron-44.jpg\",\"contentUrl\":\"https:\\\/\\\/cosquer.fr\\\/wp-content\\\/uploads\\\/2021\\\/05\\\/Atelier-Cosquer-a-Sautron-44.jpg\",\"width\":1920,\"height\":940,\"caption\":\"Cosquer - Traitement de surface, parach\u00e8vement m\u00e9canique\"},\"image\":{\"@id\":\"https:\\\/\\\/cosquer.fr\\\/#\\\/schema\\\/logo\\\/image\\\/\"}}]}<\/script>\n<!-- \/ Yoast SEO plugin. -->","yoast_head_json":{"title":"Prestations - Cosquer Sautron","description":"La gamme de prestation offerte par COSQUER comprend des prestations telles que l'audit, le conseil, la formation, etc.","robots":{"index":"index","follow":"follow","max-snippet":"max-snippet:-1","max-image-preview":"max-image-preview:large","max-video-preview":"max-video-preview:-1"},"canonical":"https:\/\/cosquer.fr\/en\/prestations-agence-commercial-audit-et-formation-ste-cosquer-a-sautron\/","og_locale":"en_US","og_type":"article","og_title":"Prestations - Cosquer Sautron","og_description":"La gamme de prestation offerte par COSQUER comprend des prestations telles que l'audit, le conseil, la formation, etc.","og_url":"https:\/\/cosquer.fr\/en\/prestations-agence-commercial-audit-et-formation-ste-cosquer-a-sautron\/","og_site_name":"Cosquer Sautron","article_modified_time":"2023-11-16T09:58:04+00:00","twitter_card":"summary_large_image","twitter_misc":{"Est. reading time":"3 minutes"},"schema":{"@context":"https:\/\/schema.org","@graph":[{"@type":"WebPage","@id":"https:\/\/cosquer.fr\/prestations-agence-commercial-audit-et-formation-ste-cosquer-a-sautron\/","url":"https:\/\/cosquer.fr\/prestations-agence-commercial-audit-et-formation-ste-cosquer-a-sautron\/","name":"Prestations - Cosquer Sautron","isPartOf":{"@id":"https:\/\/cosquer.fr\/#website"},"datePublished":"2021-03-02T15:01:32+00:00","dateModified":"2023-11-16T09:58:04+00:00","description":"La gamme de prestation offerte par COSQUER comprend des prestations telles que l'audit, le conseil, la formation, etc.","breadcrumb":{"@id":"https:\/\/cosquer.fr\/prestations-agence-commercial-audit-et-formation-ste-cosquer-a-sautron\/#breadcrumb"},"inLanguage":"en-US","potentialAction":[{"@type":"ReadAction","target":["https:\/\/cosquer.fr\/prestations-agence-commercial-audit-et-formation-ste-cosquer-a-sautron\/"]}]},{"@type":"BreadcrumbList","@id":"https:\/\/cosquer.fr\/prestations-agence-commercial-audit-et-formation-ste-cosquer-a-sautron\/#breadcrumb","itemListElement":[{"@type":"ListItem","position":1,"name":"Accueil","item":"https:\/\/cosquer.fr\/"},{"@type":"ListItem","position":2,"name":"Prestations"}]},{"@type":"WebSite","@id":"https:\/\/cosquer.fr\/#website","url":"https:\/\/cosquer.fr\/","name":"Cosquer Sautron","description":"Traitement de surfaces","publisher":{"@id":"https:\/\/cosquer.fr\/#organization"},"potentialAction":[{"@type":"SearchAction","target":{"@type":"EntryPoint","urlTemplate":"https:\/\/cosquer.fr\/?s={search_term_string}"},"query-input":{"@type":"PropertyValueSpecification","valueRequired":true,"valueName":"search_term_string"}}],"inLanguage":"en-US"},{"@type":"Organization","@id":"https:\/\/cosquer.fr\/#organization","name":"Cosquer - Traitement de surface, parach\u00e8vement m\u00e9canique","url":"https:\/\/cosquer.fr\/","logo":{"@type":"ImageObject","inLanguage":"en-US","@id":"https:\/\/cosquer.fr\/#\/schema\/logo\/image\/","url":"https:\/\/cosquer.fr\/wp-content\/uploads\/2021\/05\/Atelier-Cosquer-a-Sautron-44.jpg","contentUrl":"https:\/\/cosquer.fr\/wp-content\/uploads\/2021\/05\/Atelier-Cosquer-a-Sautron-44.jpg","width":1920,"height":940,"caption":"Cosquer - Traitement de surface, parach\u00e8vement m\u00e9canique"},"image":{"@id":"https:\/\/cosquer.fr\/#\/schema\/logo\/image\/"}}]}},"_links":{"self":[{"href":"https:\/\/cosquer.fr\/en\/wp-json\/wp\/v2\/pages\/75","targetHints":{"allow":["GET"]}}],"collection":[{"href":"https:\/\/cosquer.fr\/en\/wp-json\/wp\/v2\/pages"}],"about":[{"href":"https:\/\/cosquer.fr\/en\/wp-json\/wp\/v2\/types\/page"}],"author":[{"embeddable":true,"href":"https:\/\/cosquer.fr\/en\/wp-json\/wp\/v2\/users\/1"}],"replies":[{"embeddable":true,"href":"https:\/\/cosquer.fr\/en\/wp-json\/wp\/v2\/comments?post=75"}],"version-history":[{"count":13,"href":"https:\/\/cosquer.fr\/en\/wp-json\/wp\/v2\/pages\/75\/revisions"}],"predecessor-version":[{"id":946,"href":"https:\/\/cosquer.fr\/en\/wp-json\/wp\/v2\/pages\/75\/revisions\/946"}],"wp:attachment":[{"href":"https:\/\/cosquer.fr\/en\/wp-json\/wp\/v2\/media?parent=75"}],"curies":[{"name":"wp","href":"https:\/\/api.w.org\/{rel}","templated":true}]}}