{"id":510,"date":"2021-12-08T10:34:26","date_gmt":"2021-12-08T09:34:26","guid":{"rendered":"https:\/\/cosquer.fr\/?page_id=510"},"modified":"2023-11-16T11:44:41","modified_gmt":"2023-11-16T10:44:41","slug":"les-moyens-de-formation","status":"publish","type":"page","link":"https:\/\/cosquer.fr\/en\/les-moyens-de-formation\/","title":{"rendered":"Les moyens de formation"},"content":{"rendered":"<section class=\"l-section wpb_row height_huge with_img\"><div class=\"l-section-img\" role=\"img\" aria-label=\"St\u00e9 Cosquer traitement de surface\" data-img-width=\"1920\" data-img-height=\"940\" style=\"background-image: url(https:\/\/cosquer.fr\/wp-content\/uploads\/2021\/03\/Bandeau-Ste-Cosquer-traitement-de-surface.jpg);\"><\/div><div class=\"l-section-h i-cf\"><div class=\"g-cols vc_row via_flex valign_top type_default stacking_default\"><div class=\"vc_col-sm-12 wpb_column vc_column_container\"><div class=\"vc_column-inner\"><div class=\"wpb_wrapper\"><div class=\"w-separator size_huge\"><\/div><\/div><\/div><\/div><\/div><\/div><\/section><section class=\"l-section wpb_row us_custom_85ff217e height_large\"><div class=\"l-section-h i-cf\"><div class=\"g-cols vc_row via_flex valign_top type_default stacking_default\"><div class=\"vc_col-sm-12 wpb_column vc_column_container has_bg_color\"><div class=\"vc_column-inner us_custom_e7ab06ed\"><div class=\"wpb_wrapper\"><div class=\"w-image us_custom_60d35a4b align_none\"><div class=\"w-image-h\"><img decoding=\"async\" width=\"21\" height=\"21\" src=\"https:\/\/cosquer.fr\/wp-content\/uploads\/2021\/03\/Calque-lt.png\" class=\"attachment-large size-large\" alt=\"\" loading=\"lazy\" \/><\/div><\/div><div class=\"w-image us_custom_dddc58af align_none\"><div class=\"w-image-h\"><img decoding=\"async\" width=\"21\" height=\"21\" src=\"https:\/\/cosquer.fr\/wp-content\/uploads\/2021\/03\/Calque-rt.png\" class=\"attachment-large size-large\" alt=\"\" loading=\"lazy\" \/><\/div><\/div><div class=\"wpb_text_column us_custom_eb849559\"><div class=\"wpb_wrapper\"><h1>Exp\u00e9rience et formation en traitement de surface<\/h1>\n<\/div><\/div><div class=\"w-separator size_medium\"><\/div><div class=\"g-cols wpb_row via_flex valign_middle type_default stacking_default\"><div class=\"vc_col-sm-2 wpb_column vc_column_container\"><div class=\"vc_column-inner\"><div class=\"wpb_wrapper\"><div class=\"w-image us_custom_a39797a2 align_center\"><div class=\"w-image-h\"><img decoding=\"async\" width=\"129\" height=\"102\" src=\"https:\/\/cosquer.fr\/wp-content\/uploads\/2021\/03\/Deco.png\" class=\"attachment-large size-large\" alt=\"\" loading=\"lazy\" \/><\/div><\/div><\/div><\/div><\/div><div class=\"vc_col-sm-10 wpb_column vc_column_container\"><div class=\"vc_column-inner\"><div class=\"wpb_wrapper\"><div class=\"wpb_text_column us_custom_15bfd543\"><div class=\"wpb_wrapper\"><div class=\"row-fluid\">\n<p><strong>Les moyens de formation :<\/strong><\/p>\n<p class=\"blubox-jck\">A la t\u00eate d\u2019un atelier de sous-traitance depuis plus 30 ans dans le domaine du parach\u00e8vement m\u00e9canique, Mr Cosquer, Chef d\u2019entreprise de la soci\u00e9t\u00e9 assure lui-m\u00eame les formations. La permanente \u00e9volution du march\u00e9 nous a pouss\u00e9s \u00e0 r\u00e9fl\u00e9chir sur des probl\u00e9matiques toujours plus sp\u00e9cifiques.<\/p>\n<p class=\"blubox-jck\">Vous b\u00e9n\u00e9ficierez donc de la ma\u00eetrise technique\u00a0acquise depuis plusieurs ann\u00e9es dans nos domaines de comp\u00e9tences. Vous profiterez \u00e9galement d\u2019une bonne connaissance des probl\u00e9matiques existantes, notamment gr\u00e2ce \u00e0 notre statut d\u2019agent d\u2019usine.<\/p>\n<\/div>\n<\/div><\/div><div class=\"w-separator size_medium\"><\/div><div class=\"wpb_text_column us_custom_15bfd543\"><div class=\"wpb_wrapper\"><div class=\"row-fluid\">\n<p><strong>Mat\u00e9riels\u00a0\u00e0 disposition :<\/strong><\/p>\n<p><img loading=\"lazy\" decoding=\"async\" class=\"wp-image-950 alignleft\" src=\"https:\/\/cosquer.fr\/wp-content\/uploads\/2023\/11\/DSC05613-300x200.jpg\" alt=\"\" width=\"131\" height=\"87\" srcset=\"https:\/\/cosquer.fr\/wp-content\/uploads\/2023\/11\/DSC05613-300x200.jpg 300w, https:\/\/cosquer.fr\/wp-content\/uploads\/2023\/11\/DSC05613-1024x683.jpg 1024w, https:\/\/cosquer.fr\/wp-content\/uploads\/2023\/11\/DSC05613-18x12.jpg 18w, https:\/\/cosquer.fr\/wp-content\/uploads\/2023\/11\/DSC05613-600x400.jpg 600w, https:\/\/cosquer.fr\/wp-content\/uploads\/2023\/11\/DSC05613-150x100.jpg 150w\" sizes=\"auto, (max-width: 131px) 100vw, 131px\" \/>Nous disposons d\u2019une salle de formation avec vid\u00e9o projecteur, \u00e9cran et ordinateur d\u00e9di\u00e9. Nous avons \u00e9galement l\u2019atelier de production comme centre d\u2019essais et support physique pour le d\u00e9veloppement des gammes.<\/p>\n<\/div>\n<\/div><\/div><div class=\"w-separator size_medium\"><\/div><div class=\"wpb_text_column us_custom_15bfd543\"><div class=\"wpb_wrapper\"><div class=\"row-fluid\">\n<p><img loading=\"lazy\" decoding=\"async\" class=\"alignleft wp-image-512 size-full\" src=\"https:\/\/cosquer.fr\/wp-content\/uploads\/2021\/12\/ISO_9001.jpg\" alt=\"\" width=\"180\" height=\"88\" srcset=\"https:\/\/cosquer.fr\/wp-content\/uploads\/2021\/12\/ISO_9001.jpg 180w, https:\/\/cosquer.fr\/wp-content\/uploads\/2021\/12\/ISO_9001-18x9.jpg 18w\" sizes=\"auto, (max-width: 180px) 100vw, 180px\" \/>Une d\u00e9marche ISO 9001 a \u00e9t\u00e9 valid\u00e9e en 2015 afin de faire reconna\u00eetre les savoirs et savoirs faire d\u00e9velopp\u00e9s depuis de nombreuses ann\u00e9es. Cela nous permet de garantir aux clients une constance dans la qualit\u00e9 produite ainsi qu\u2019une tra\u00e7abilit\u00e9 de leurs pi\u00e8ces. D\u2019autre part, nous nous basons sur le principe d\u2019am\u00e9lioration continue pour d\u00e9velopper les relations commerciales.<\/p>\n<\/div>\n<\/div><\/div><\/div><\/div><\/div><\/div><div class=\"w-separator size_medium\"><\/div><div class=\"w-image us_custom_a04e5b6b align_none\"><div class=\"w-image-h\"><img decoding=\"async\" width=\"21\" height=\"21\" src=\"https:\/\/cosquer.fr\/wp-content\/uploads\/2021\/03\/Calque-lb.png\" class=\"attachment-large size-large\" alt=\"\" loading=\"lazy\" \/><\/div><\/div><div class=\"w-image us_custom_c2685eb8 align_none\"><div class=\"w-image-h\"><img decoding=\"async\" width=\"21\" height=\"21\" src=\"https:\/\/cosquer.fr\/wp-content\/uploads\/2021\/03\/Calque-rb.png\" class=\"attachment-large size-large\" alt=\"\" loading=\"lazy\" \/><\/div><\/div><\/div><\/div><\/div><\/div><\/div><\/section><section class=\"l-section wpb_row height_auto\"><div class=\"l-section-h i-cf\"><div class=\"g-cols vc_row via_flex valign_top type_default stacking_default\"><div class=\"vc_col-sm-12 wpb_column vc_column_container\"><div class=\"vc_column-inner\"><div class=\"wpb_wrapper\"><div class=\"w-separator size_medium\"><\/div><div class=\"w-separator size_medium\"><\/div><div class=\"w-separator size_large\"><\/div><\/div><\/div><\/div><\/div><\/div><\/section>","protected":false},"excerpt":{"rendered":"Exp\u00e9rience et formation en traitement de surface Les moyens de formation : A la t\u00eate d\u2019un atelier de sous-traitance depuis plus 30 ans dans le domaine du parach\u00e8vement m\u00e9canique, Mr Cosquer, Chef d\u2019entreprise de la soci\u00e9t\u00e9 assure lui-m\u00eame les formations. La permanente \u00e9volution du march\u00e9 nous a pouss\u00e9s \u00e0 r\u00e9fl\u00e9chir sur des probl\u00e9matiques toujours plus...","protected":false},"author":1,"featured_media":0,"parent":0,"menu_order":0,"comment_status":"closed","ping_status":"closed","template":"","meta":{"footnotes":""},"class_list":["post-510","page","type-page","status-publish","hentry"],"yoast_head":"<!-- This site is optimized with the Yoast SEO plugin v27.4 - https:\/\/yoast.com\/product\/yoast-seo-wordpress\/ -->\n<title>Les moyens de formation - Cosquer Sautron<\/title>\n<meta name=\"description\" content=\"Nicolas Cosquer, chef et formateur de la soci\u00e9t\u00e9 COSQUER, dispose de tout les moyens pour vous former au traitement de surface.\" \/>\n<meta name=\"robots\" content=\"index, follow, max-snippet:-1, max-image-preview:large, max-video-preview:-1\" \/>\n<link rel=\"canonical\" href=\"https:\/\/cosquer.fr\/en\/les-moyens-de-formation\/\" \/>\n<meta property=\"og:locale\" content=\"en_US\" \/>\n<meta property=\"og:type\" content=\"article\" \/>\n<meta property=\"og:title\" content=\"Les moyens de formation - Cosquer Sautron\" \/>\n<meta property=\"og:description\" content=\"Nicolas Cosquer, chef et formateur de la soci\u00e9t\u00e9 COSQUER, dispose de tout les moyens pour vous former au traitement de surface.\" \/>\n<meta property=\"og:url\" content=\"https:\/\/cosquer.fr\/en\/les-moyens-de-formation\/\" \/>\n<meta property=\"og:site_name\" content=\"Cosquer Sautron\" \/>\n<meta property=\"article:modified_time\" content=\"2023-11-16T10:44:41+00:00\" \/>\n<meta property=\"og:image\" content=\"https:\/\/cosquer.fr\/wp-content\/uploads\/2023\/11\/DSC05613-300x200.jpg\" \/>\n<meta name=\"twitter:card\" content=\"summary_large_image\" \/>\n<meta name=\"twitter:label1\" content=\"Est. reading time\" \/>\n\t<meta name=\"twitter:data1\" content=\"2 minutes\" \/>\n<script type=\"application\/ld+json\" class=\"yoast-schema-graph\">{\"@context\":\"https:\\\/\\\/schema.org\",\"@graph\":[{\"@type\":\"WebPage\",\"@id\":\"https:\\\/\\\/cosquer.fr\\\/les-moyens-de-formation\\\/\",\"url\":\"https:\\\/\\\/cosquer.fr\\\/les-moyens-de-formation\\\/\",\"name\":\"Les moyens de formation - Cosquer Sautron\",\"isPartOf\":{\"@id\":\"https:\\\/\\\/cosquer.fr\\\/#website\"},\"primaryImageOfPage\":{\"@id\":\"https:\\\/\\\/cosquer.fr\\\/les-moyens-de-formation\\\/#primaryimage\"},\"image\":{\"@id\":\"https:\\\/\\\/cosquer.fr\\\/les-moyens-de-formation\\\/#primaryimage\"},\"thumbnailUrl\":\"https:\\\/\\\/cosquer.fr\\\/wp-content\\\/uploads\\\/2023\\\/11\\\/DSC05613-300x200.jpg\",\"datePublished\":\"2021-12-08T09:34:26+00:00\",\"dateModified\":\"2023-11-16T10:44:41+00:00\",\"description\":\"Nicolas Cosquer, chef et formateur de la soci\u00e9t\u00e9 COSQUER, dispose de tout les moyens pour vous former au traitement de surface.\",\"breadcrumb\":{\"@id\":\"https:\\\/\\\/cosquer.fr\\\/les-moyens-de-formation\\\/#breadcrumb\"},\"inLanguage\":\"en-US\",\"potentialAction\":[{\"@type\":\"ReadAction\",\"target\":[\"https:\\\/\\\/cosquer.fr\\\/les-moyens-de-formation\\\/\"]}]},{\"@type\":\"ImageObject\",\"inLanguage\":\"en-US\",\"@id\":\"https:\\\/\\\/cosquer.fr\\\/les-moyens-de-formation\\\/#primaryimage\",\"url\":\"https:\\\/\\\/cosquer.fr\\\/wp-content\\\/uploads\\\/2023\\\/11\\\/DSC05613-300x200.jpg\",\"contentUrl\":\"https:\\\/\\\/cosquer.fr\\\/wp-content\\\/uploads\\\/2023\\\/11\\\/DSC05613-300x200.jpg\"},{\"@type\":\"BreadcrumbList\",\"@id\":\"https:\\\/\\\/cosquer.fr\\\/les-moyens-de-formation\\\/#breadcrumb\",\"itemListElement\":[{\"@type\":\"ListItem\",\"position\":1,\"name\":\"Accueil\",\"item\":\"https:\\\/\\\/cosquer.fr\\\/\"},{\"@type\":\"ListItem\",\"position\":2,\"name\":\"Les moyens de formation\"}]},{\"@type\":\"WebSite\",\"@id\":\"https:\\\/\\\/cosquer.fr\\\/#website\",\"url\":\"https:\\\/\\\/cosquer.fr\\\/\",\"name\":\"Cosquer Sautron\",\"description\":\"Traitement de surfaces\",\"publisher\":{\"@id\":\"https:\\\/\\\/cosquer.fr\\\/#organization\"},\"potentialAction\":[{\"@type\":\"SearchAction\",\"target\":{\"@type\":\"EntryPoint\",\"urlTemplate\":\"https:\\\/\\\/cosquer.fr\\\/?s={search_term_string}\"},\"query-input\":{\"@type\":\"PropertyValueSpecification\",\"valueRequired\":true,\"valueName\":\"search_term_string\"}}],\"inLanguage\":\"en-US\"},{\"@type\":\"Organization\",\"@id\":\"https:\\\/\\\/cosquer.fr\\\/#organization\",\"name\":\"Cosquer - Traitement de surface, parach\u00e8vement m\u00e9canique\",\"url\":\"https:\\\/\\\/cosquer.fr\\\/\",\"logo\":{\"@type\":\"ImageObject\",\"inLanguage\":\"en-US\",\"@id\":\"https:\\\/\\\/cosquer.fr\\\/#\\\/schema\\\/logo\\\/image\\\/\",\"url\":\"https:\\\/\\\/cosquer.fr\\\/wp-content\\\/uploads\\\/2021\\\/05\\\/Atelier-Cosquer-a-Sautron-44.jpg\",\"contentUrl\":\"https:\\\/\\\/cosquer.fr\\\/wp-content\\\/uploads\\\/2021\\\/05\\\/Atelier-Cosquer-a-Sautron-44.jpg\",\"width\":1920,\"height\":940,\"caption\":\"Cosquer - Traitement de surface, parach\u00e8vement m\u00e9canique\"},\"image\":{\"@id\":\"https:\\\/\\\/cosquer.fr\\\/#\\\/schema\\\/logo\\\/image\\\/\"}}]}<\/script>\n<!-- \/ Yoast SEO plugin. -->","yoast_head_json":{"title":"Les moyens de formation - Cosquer Sautron","description":"Nicolas Cosquer, chef et formateur de la soci\u00e9t\u00e9 COSQUER, dispose de tout les moyens pour vous former au traitement de surface.","robots":{"index":"index","follow":"follow","max-snippet":"max-snippet:-1","max-image-preview":"max-image-preview:large","max-video-preview":"max-video-preview:-1"},"canonical":"https:\/\/cosquer.fr\/en\/les-moyens-de-formation\/","og_locale":"en_US","og_type":"article","og_title":"Les moyens de formation - Cosquer Sautron","og_description":"Nicolas Cosquer, chef et formateur de la soci\u00e9t\u00e9 COSQUER, dispose de tout les moyens pour vous former au traitement de surface.","og_url":"https:\/\/cosquer.fr\/en\/les-moyens-de-formation\/","og_site_name":"Cosquer Sautron","article_modified_time":"2023-11-16T10:44:41+00:00","og_image":[{"url":"https:\/\/cosquer.fr\/wp-content\/uploads\/2023\/11\/DSC05613-300x200.jpg","type":"","width":"","height":""}],"twitter_card":"summary_large_image","twitter_misc":{"Est. reading time":"2 minutes"},"schema":{"@context":"https:\/\/schema.org","@graph":[{"@type":"WebPage","@id":"https:\/\/cosquer.fr\/les-moyens-de-formation\/","url":"https:\/\/cosquer.fr\/les-moyens-de-formation\/","name":"Les moyens de formation - Cosquer Sautron","isPartOf":{"@id":"https:\/\/cosquer.fr\/#website"},"primaryImageOfPage":{"@id":"https:\/\/cosquer.fr\/les-moyens-de-formation\/#primaryimage"},"image":{"@id":"https:\/\/cosquer.fr\/les-moyens-de-formation\/#primaryimage"},"thumbnailUrl":"https:\/\/cosquer.fr\/wp-content\/uploads\/2023\/11\/DSC05613-300x200.jpg","datePublished":"2021-12-08T09:34:26+00:00","dateModified":"2023-11-16T10:44:41+00:00","description":"Nicolas Cosquer, chef et formateur de la soci\u00e9t\u00e9 COSQUER, dispose de tout les moyens pour vous former au traitement de surface.","breadcrumb":{"@id":"https:\/\/cosquer.fr\/les-moyens-de-formation\/#breadcrumb"},"inLanguage":"en-US","potentialAction":[{"@type":"ReadAction","target":["https:\/\/cosquer.fr\/les-moyens-de-formation\/"]}]},{"@type":"ImageObject","inLanguage":"en-US","@id":"https:\/\/cosquer.fr\/les-moyens-de-formation\/#primaryimage","url":"https:\/\/cosquer.fr\/wp-content\/uploads\/2023\/11\/DSC05613-300x200.jpg","contentUrl":"https:\/\/cosquer.fr\/wp-content\/uploads\/2023\/11\/DSC05613-300x200.jpg"},{"@type":"BreadcrumbList","@id":"https:\/\/cosquer.fr\/les-moyens-de-formation\/#breadcrumb","itemListElement":[{"@type":"ListItem","position":1,"name":"Accueil","item":"https:\/\/cosquer.fr\/"},{"@type":"ListItem","position":2,"name":"Les moyens de formation"}]},{"@type":"WebSite","@id":"https:\/\/cosquer.fr\/#website","url":"https:\/\/cosquer.fr\/","name":"Cosquer Sautron","description":"Traitement de surfaces","publisher":{"@id":"https:\/\/cosquer.fr\/#organization"},"potentialAction":[{"@type":"SearchAction","target":{"@type":"EntryPoint","urlTemplate":"https:\/\/cosquer.fr\/?s={search_term_string}"},"query-input":{"@type":"PropertyValueSpecification","valueRequired":true,"valueName":"search_term_string"}}],"inLanguage":"en-US"},{"@type":"Organization","@id":"https:\/\/cosquer.fr\/#organization","name":"Cosquer - Traitement de surface, parach\u00e8vement m\u00e9canique","url":"https:\/\/cosquer.fr\/","logo":{"@type":"ImageObject","inLanguage":"en-US","@id":"https:\/\/cosquer.fr\/#\/schema\/logo\/image\/","url":"https:\/\/cosquer.fr\/wp-content\/uploads\/2021\/05\/Atelier-Cosquer-a-Sautron-44.jpg","contentUrl":"https:\/\/cosquer.fr\/wp-content\/uploads\/2021\/05\/Atelier-Cosquer-a-Sautron-44.jpg","width":1920,"height":940,"caption":"Cosquer - Traitement de surface, parach\u00e8vement m\u00e9canique"},"image":{"@id":"https:\/\/cosquer.fr\/#\/schema\/logo\/image\/"}}]}},"_links":{"self":[{"href":"https:\/\/cosquer.fr\/en\/wp-json\/wp\/v2\/pages\/510","targetHints":{"allow":["GET"]}}],"collection":[{"href":"https:\/\/cosquer.fr\/en\/wp-json\/wp\/v2\/pages"}],"about":[{"href":"https:\/\/cosquer.fr\/en\/wp-json\/wp\/v2\/types\/page"}],"author":[{"embeddable":true,"href":"https:\/\/cosquer.fr\/en\/wp-json\/wp\/v2\/users\/1"}],"replies":[{"embeddable":true,"href":"https:\/\/cosquer.fr\/en\/wp-json\/wp\/v2\/comments?post=510"}],"version-history":[{"count":4,"href":"https:\/\/cosquer.fr\/en\/wp-json\/wp\/v2\/pages\/510\/revisions"}],"predecessor-version":[{"id":952,"href":"https:\/\/cosquer.fr\/en\/wp-json\/wp\/v2\/pages\/510\/revisions\/952"}],"wp:attachment":[{"href":"https:\/\/cosquer.fr\/en\/wp-json\/wp\/v2\/media?parent=510"}],"curies":[{"name":"wp","href":"https:\/\/api.w.org\/{rel}","templated":true}]}}