{"id":506,"date":"2021-12-08T10:18:27","date_gmt":"2021-12-08T09:18:27","guid":{"rendered":"https:\/\/cosquer.fr\/?page_id=506"},"modified":"2023-10-10T11:55:58","modified_gmt":"2023-10-10T09:55:58","slug":"nos-formations-sintegrent-a-vos-projets","status":"publish","type":"page","link":"https:\/\/cosquer.fr\/en\/nos-formations-sintegrent-a-vos-projets\/","title":{"rendered":"Nos formations s&rsquo;int\u00e8grent \u00e0 vos projets"},"content":{"rendered":"<section class=\"l-section wpb_row height_huge with_img\"><div class=\"l-section-img\" role=\"img\" aria-label=\"St\u00e9 Cosquer traitement de surface\" data-img-width=\"1920\" data-img-height=\"940\" style=\"background-image: url(https:\/\/cosquer.fr\/wp-content\/uploads\/2021\/03\/Bandeau-Ste-Cosquer-traitement-de-surface.jpg);\"><\/div><div class=\"l-section-h i-cf\"><div class=\"g-cols vc_row via_flex valign_top type_default stacking_default\"><div class=\"vc_col-sm-12 wpb_column vc_column_container\"><div class=\"vc_column-inner\"><div class=\"wpb_wrapper\"><div class=\"w-separator size_huge\"><\/div><\/div><\/div><\/div><\/div><\/div><\/section><section class=\"l-section wpb_row us_custom_85ff217e height_large\"><div class=\"l-section-h i-cf\"><div class=\"g-cols vc_row via_flex valign_top type_default stacking_default\"><div class=\"vc_col-sm-12 wpb_column vc_column_container has_bg_color\"><div class=\"vc_column-inner us_custom_e7ab06ed\"><div class=\"wpb_wrapper\"><div class=\"w-image us_custom_60d35a4b align_none\"><div class=\"w-image-h\"><img decoding=\"async\" width=\"21\" height=\"21\" src=\"https:\/\/cosquer.fr\/wp-content\/uploads\/2021\/03\/Calque-lt.png\" class=\"attachment-large size-large\" alt=\"\" loading=\"lazy\" \/><\/div><\/div><div class=\"w-image us_custom_dddc58af align_none\"><div class=\"w-image-h\"><img decoding=\"async\" width=\"21\" height=\"21\" src=\"https:\/\/cosquer.fr\/wp-content\/uploads\/2021\/03\/Calque-rt.png\" class=\"attachment-large size-large\" alt=\"\" loading=\"lazy\" \/><\/div><\/div><div class=\"wpb_text_column us_custom_eb849559\"><div class=\"wpb_wrapper\"><h1>Int\u00e9gration des formations en traitement de surface<\/h1>\n<\/div><\/div><div class=\"w-separator size_medium\"><\/div><div class=\"g-cols wpb_row via_flex valign_middle type_default stacking_default\"><div class=\"vc_col-sm-2 wpb_column vc_column_container\"><div class=\"vc_column-inner\"><div class=\"wpb_wrapper\"><div class=\"w-image us_custom_a39797a2 align_center\"><div class=\"w-image-h\"><img decoding=\"async\" width=\"129\" height=\"102\" src=\"https:\/\/cosquer.fr\/wp-content\/uploads\/2021\/03\/Deco.png\" class=\"attachment-large size-large\" alt=\"\" loading=\"lazy\" \/><\/div><\/div><\/div><\/div><\/div><div class=\"vc_col-sm-10 wpb_column vc_column_container\"><div class=\"vc_column-inner\"><div class=\"wpb_wrapper\"><div class=\"wpb_text_column us_custom_15bfd543\"><div class=\"wpb_wrapper\"><div class=\"row-fluid\">\n<p><strong>Nos Formations s&rsquo;int\u00e8grent \u00e0 vos projets :<\/strong><\/p>\n<p><em><strong>Sur une ou deux journ\u00e9es, nous vous proposons une formation sur mesure r\u00e9pondant \u00e0 vos besoins et ceux des op\u00e9rateurs :<\/strong><\/em><\/p>\n<p class=\"chattip-jck\">&gt; Formation sur 1 journ\u00e9e, in-situ directement sur vos moyens de production<\/p>\n<p class=\"chattip-jck\">&gt; Formation sur 1 journ\u00e9e, au sein du centre de formation de la soci\u00e9t\u00e9 Cosquer<\/p>\n<p class=\"chattip-jck\">&gt; 2 journ\u00e9es de formation, au centre de formation de la soci\u00e9t\u00e9 Cosquer pour une vision globale des techniques de parach\u00e8vement. Puis in-situ directement sur vos moyens de production<\/p>\n<\/div>\n<\/div><\/div><div class=\"w-separator size_medium\"><\/div><div class=\"wpb_text_column us_custom_eb849559\"><div class=\"wpb_wrapper\"><h2>Cosquer vous accompagne pendant les formations<\/h2>\n<\/div><\/div><div class=\"w-separator size_medium\"><\/div><div class=\"wpb_text_column us_custom_15bfd543\"><div class=\"wpb_wrapper\"><div class=\"row-fluid\">\n<p><strong>Aide \u00e0 la recherche de moyens et solutions\u00a0:<\/strong><\/p>\n<p class=\"accessibletip-jck\">&gt; Nous vous accompagnons dans la d\u00e9finition technique de vos besoins avec la recherche du proc\u00e9d\u00e9 et du mat\u00e9riel adapt\u00e9<\/p>\n<p class=\"accessibletip-jck\">&gt; Nous d\u00e9veloppons et testons la gamme de travail sur le moyen s\u00e9lectionn\u00e9<\/p>\n<p class=\"accessibletip-jck\">&gt; Validation en interne du process gr\u00e2ce \u00e0 notre centre d\u2019essai \u00e0 Sautron<\/p>\n<p class=\"accessibletip-jck\">&gt; Accompagnement dans l\u2019int\u00e9gration du process sur votre moyen de finition<\/p>\n<\/div>\n<\/div><\/div><div class=\"w-separator size_medium\"><\/div><div class=\"wpb_text_column us_custom_15bfd543\"><div class=\"wpb_wrapper\"><div class=\"row-fluid\">\n<p><strong>Aide au pilotage des lignes :<\/strong><\/p>\n<p class=\"infotip-jck\">&gt; Apr\u00e8s diagnostic, nous r\u00e9visons vos gammes existantes gr\u00e2ce aux nouveaut\u00e9s technologiques de nos partenaires en mati\u00e8re d\u2019abrasifs et de compos\u00e9s chimiques<\/p>\n<p class=\"infotip-jck\">&gt; Apr\u00e8s diagnostic de votre mat\u00e9riel, nous vous pr\u00e9conisons les solutions les plus adapt\u00e9es : Kit de r\u00e9paration, regarnissage de cuve et changement des \u00e9l\u00e9ments d\u2019usure.<\/p>\n<p class=\"infotip-jck\">&gt; Nous vous fournissons tous les consommables et pi\u00e8ces d\u2019usure n\u00e9cessaires au r\u00e9trofit de vos machines gr\u00e2ce au large stock sur notre centre d\u2019essais et de production.<\/p>\n<p class=\"infotip-jck\">&gt; Nous rappelons les r\u00e8gles d\u2019utilisation aux op\u00e9rateurs, les \u00e9l\u00e9ments de maintenance auxquels \u00eatre attentif, et nous apportons nos astuces gr\u00e2ce \u00e0 notre exp\u00e9rience<\/p>\n<\/div>\n<\/div><\/div><div class=\"w-separator size_medium\"><\/div><div class=\"wpb_text_column us_custom_15bfd543\"><div class=\"wpb_wrapper\"><div class=\"row-fluid\">\n<p><strong>Aide \u00e0 l\u2019int\u00e9gration en ligne de process :<\/strong><\/p>\n<p class=\"nexttip-jck\">&gt; Suite \u00e0 l\u2019achat d\u2019un mat\u00e9riel, nous installons la ligne sur site en fonction des flux de production souhait\u00e9s<\/p>\n<p class=\"nexttip-jck\">&gt; Nous formons les op\u00e9rateurs aux moyens mis en place : r\u00e8gles d\u2019utilisation, \u00e9l\u00e9ments de maintenance, trucs et astuces<\/p>\n<p class=\"nexttip-jck\">&gt; Nous d\u00e9marrons avec vous la ligne de production install\u00e9e afin de garantir un niveau de qualit\u00e9 \u00e0 la hauteur de ce qui a \u00e9t\u00e9 d\u00e9fini durant les essais<\/p>\n<\/div>\n<\/div><\/div><\/div><\/div><\/div><\/div><div class=\"w-separator size_medium\"><\/div><div class=\"w-image us_custom_a04e5b6b align_none\"><div class=\"w-image-h\"><img decoding=\"async\" width=\"21\" height=\"21\" src=\"https:\/\/cosquer.fr\/wp-content\/uploads\/2021\/03\/Calque-lb.png\" class=\"attachment-large size-large\" alt=\"\" loading=\"lazy\" \/><\/div><\/div><div class=\"w-image us_custom_c2685eb8 align_none\"><div class=\"w-image-h\"><img decoding=\"async\" width=\"21\" height=\"21\" src=\"https:\/\/cosquer.fr\/wp-content\/uploads\/2021\/03\/Calque-rb.png\" class=\"attachment-large size-large\" alt=\"\" loading=\"lazy\" \/><\/div><\/div><\/div><\/div><\/div><\/div><\/div><\/section><section class=\"l-section wpb_row height_auto\"><div class=\"l-section-h i-cf\"><div class=\"g-cols vc_row via_flex valign_top type_default stacking_default\"><div class=\"vc_col-sm-12 wpb_column vc_column_container\"><div class=\"vc_column-inner\"><div class=\"wpb_wrapper\"><div class=\"w-separator size_medium\"><\/div><div class=\"w-separator size_medium\"><\/div><div class=\"w-separator size_large\"><\/div><\/div><\/div><\/div><\/div><\/div><\/section>","protected":false},"excerpt":{"rendered":"Int\u00e9gration des formations en traitement de surface Nos Formations s&rsquo;int\u00e8grent \u00e0 vos projets : Sur une ou deux journ\u00e9es, nous vous proposons une formation sur mesure r\u00e9pondant \u00e0 vos besoins et ceux des op\u00e9rateurs : &gt; Formation sur 1 journ\u00e9e, in-situ directement sur vos moyens de production &gt; Formation sur 1 journ\u00e9e, au sein du...","protected":false},"author":1,"featured_media":0,"parent":0,"menu_order":0,"comment_status":"closed","ping_status":"closed","template":"","meta":{"footnotes":""},"class_list":["post-506","page","type-page","status-publish","hentry"],"yoast_head":"<!-- This site is optimized with the Yoast SEO plugin v27.4 - https:\/\/yoast.com\/product\/yoast-seo-wordpress\/ -->\n<title>Nos formations s&#039;int\u00e8grent \u00e0 vos projets - Cosquer Sautron<\/title>\n<meta name=\"description\" content=\"A la soci\u00e9t\u00e9 COSQUER, nos formations sont personnalis\u00e9es et con\u00e7ues pour r\u00e9pondre \u00e0 vos exigences et vos projets.\" \/>\n<meta name=\"robots\" content=\"index, follow, max-snippet:-1, max-image-preview:large, max-video-preview:-1\" \/>\n<link rel=\"canonical\" href=\"https:\/\/cosquer.fr\/en\/nos-formations-sintegrent-a-vos-projets\/\" \/>\n<meta property=\"og:locale\" content=\"en_US\" \/>\n<meta property=\"og:type\" content=\"article\" \/>\n<meta property=\"og:title\" content=\"Nos formations s&#039;int\u00e8grent \u00e0 vos projets - Cosquer Sautron\" \/>\n<meta property=\"og:description\" content=\"A la soci\u00e9t\u00e9 COSQUER, nos formations sont personnalis\u00e9es et con\u00e7ues pour r\u00e9pondre \u00e0 vos exigences et vos projets.\" \/>\n<meta property=\"og:url\" content=\"https:\/\/cosquer.fr\/en\/nos-formations-sintegrent-a-vos-projets\/\" \/>\n<meta property=\"og:site_name\" content=\"Cosquer Sautron\" \/>\n<meta property=\"article:modified_time\" content=\"2023-10-10T09:55:58+00:00\" \/>\n<meta name=\"twitter:card\" content=\"summary_large_image\" \/>\n<meta name=\"twitter:label1\" content=\"Est. reading time\" \/>\n\t<meta name=\"twitter:data1\" content=\"2 minutes\" \/>\n<script type=\"application\/ld+json\" class=\"yoast-schema-graph\">{\"@context\":\"https:\\\/\\\/schema.org\",\"@graph\":[{\"@type\":\"WebPage\",\"@id\":\"https:\\\/\\\/cosquer.fr\\\/nos-formations-sintegrent-a-vos-projets\\\/\",\"url\":\"https:\\\/\\\/cosquer.fr\\\/nos-formations-sintegrent-a-vos-projets\\\/\",\"name\":\"Nos formations s'int\u00e8grent \u00e0 vos projets - Cosquer Sautron\",\"isPartOf\":{\"@id\":\"https:\\\/\\\/cosquer.fr\\\/#website\"},\"datePublished\":\"2021-12-08T09:18:27+00:00\",\"dateModified\":\"2023-10-10T09:55:58+00:00\",\"description\":\"A la soci\u00e9t\u00e9 COSQUER, nos formations sont personnalis\u00e9es et con\u00e7ues pour r\u00e9pondre \u00e0 vos exigences et vos projets.\",\"breadcrumb\":{\"@id\":\"https:\\\/\\\/cosquer.fr\\\/nos-formations-sintegrent-a-vos-projets\\\/#breadcrumb\"},\"inLanguage\":\"en-US\",\"potentialAction\":[{\"@type\":\"ReadAction\",\"target\":[\"https:\\\/\\\/cosquer.fr\\\/nos-formations-sintegrent-a-vos-projets\\\/\"]}]},{\"@type\":\"BreadcrumbList\",\"@id\":\"https:\\\/\\\/cosquer.fr\\\/nos-formations-sintegrent-a-vos-projets\\\/#breadcrumb\",\"itemListElement\":[{\"@type\":\"ListItem\",\"position\":1,\"name\":\"Accueil\",\"item\":\"https:\\\/\\\/cosquer.fr\\\/\"},{\"@type\":\"ListItem\",\"position\":2,\"name\":\"Nos formations s&rsquo;int\u00e8grent \u00e0 vos projets\"}]},{\"@type\":\"WebSite\",\"@id\":\"https:\\\/\\\/cosquer.fr\\\/#website\",\"url\":\"https:\\\/\\\/cosquer.fr\\\/\",\"name\":\"Cosquer Sautron\",\"description\":\"Traitement de surfaces\",\"publisher\":{\"@id\":\"https:\\\/\\\/cosquer.fr\\\/#organization\"},\"potentialAction\":[{\"@type\":\"SearchAction\",\"target\":{\"@type\":\"EntryPoint\",\"urlTemplate\":\"https:\\\/\\\/cosquer.fr\\\/?s={search_term_string}\"},\"query-input\":{\"@type\":\"PropertyValueSpecification\",\"valueRequired\":true,\"valueName\":\"search_term_string\"}}],\"inLanguage\":\"en-US\"},{\"@type\":\"Organization\",\"@id\":\"https:\\\/\\\/cosquer.fr\\\/#organization\",\"name\":\"Cosquer - Traitement de surface, parach\u00e8vement m\u00e9canique\",\"url\":\"https:\\\/\\\/cosquer.fr\\\/\",\"logo\":{\"@type\":\"ImageObject\",\"inLanguage\":\"en-US\",\"@id\":\"https:\\\/\\\/cosquer.fr\\\/#\\\/schema\\\/logo\\\/image\\\/\",\"url\":\"https:\\\/\\\/cosquer.fr\\\/wp-content\\\/uploads\\\/2021\\\/05\\\/Atelier-Cosquer-a-Sautron-44.jpg\",\"contentUrl\":\"https:\\\/\\\/cosquer.fr\\\/wp-content\\\/uploads\\\/2021\\\/05\\\/Atelier-Cosquer-a-Sautron-44.jpg\",\"width\":1920,\"height\":940,\"caption\":\"Cosquer - Traitement de surface, parach\u00e8vement m\u00e9canique\"},\"image\":{\"@id\":\"https:\\\/\\\/cosquer.fr\\\/#\\\/schema\\\/logo\\\/image\\\/\"}}]}<\/script>\n<!-- \/ Yoast SEO plugin. -->","yoast_head_json":{"title":"Nos formations s'int\u00e8grent \u00e0 vos projets - Cosquer Sautron","description":"A la soci\u00e9t\u00e9 COSQUER, nos formations sont personnalis\u00e9es et con\u00e7ues pour r\u00e9pondre \u00e0 vos exigences et vos projets.","robots":{"index":"index","follow":"follow","max-snippet":"max-snippet:-1","max-image-preview":"max-image-preview:large","max-video-preview":"max-video-preview:-1"},"canonical":"https:\/\/cosquer.fr\/en\/nos-formations-sintegrent-a-vos-projets\/","og_locale":"en_US","og_type":"article","og_title":"Nos formations s'int\u00e8grent \u00e0 vos projets - Cosquer Sautron","og_description":"A la soci\u00e9t\u00e9 COSQUER, nos formations sont personnalis\u00e9es et con\u00e7ues pour r\u00e9pondre \u00e0 vos exigences et vos projets.","og_url":"https:\/\/cosquer.fr\/en\/nos-formations-sintegrent-a-vos-projets\/","og_site_name":"Cosquer Sautron","article_modified_time":"2023-10-10T09:55:58+00:00","twitter_card":"summary_large_image","twitter_misc":{"Est. reading time":"2 minutes"},"schema":{"@context":"https:\/\/schema.org","@graph":[{"@type":"WebPage","@id":"https:\/\/cosquer.fr\/nos-formations-sintegrent-a-vos-projets\/","url":"https:\/\/cosquer.fr\/nos-formations-sintegrent-a-vos-projets\/","name":"Nos formations s'int\u00e8grent \u00e0 vos projets - Cosquer Sautron","isPartOf":{"@id":"https:\/\/cosquer.fr\/#website"},"datePublished":"2021-12-08T09:18:27+00:00","dateModified":"2023-10-10T09:55:58+00:00","description":"A la soci\u00e9t\u00e9 COSQUER, nos formations sont personnalis\u00e9es et con\u00e7ues pour r\u00e9pondre \u00e0 vos exigences et vos projets.","breadcrumb":{"@id":"https:\/\/cosquer.fr\/nos-formations-sintegrent-a-vos-projets\/#breadcrumb"},"inLanguage":"en-US","potentialAction":[{"@type":"ReadAction","target":["https:\/\/cosquer.fr\/nos-formations-sintegrent-a-vos-projets\/"]}]},{"@type":"BreadcrumbList","@id":"https:\/\/cosquer.fr\/nos-formations-sintegrent-a-vos-projets\/#breadcrumb","itemListElement":[{"@type":"ListItem","position":1,"name":"Accueil","item":"https:\/\/cosquer.fr\/"},{"@type":"ListItem","position":2,"name":"Nos formations s&rsquo;int\u00e8grent \u00e0 vos projets"}]},{"@type":"WebSite","@id":"https:\/\/cosquer.fr\/#website","url":"https:\/\/cosquer.fr\/","name":"Cosquer Sautron","description":"Traitement de surfaces","publisher":{"@id":"https:\/\/cosquer.fr\/#organization"},"potentialAction":[{"@type":"SearchAction","target":{"@type":"EntryPoint","urlTemplate":"https:\/\/cosquer.fr\/?s={search_term_string}"},"query-input":{"@type":"PropertyValueSpecification","valueRequired":true,"valueName":"search_term_string"}}],"inLanguage":"en-US"},{"@type":"Organization","@id":"https:\/\/cosquer.fr\/#organization","name":"Cosquer - Traitement de surface, parach\u00e8vement m\u00e9canique","url":"https:\/\/cosquer.fr\/","logo":{"@type":"ImageObject","inLanguage":"en-US","@id":"https:\/\/cosquer.fr\/#\/schema\/logo\/image\/","url":"https:\/\/cosquer.fr\/wp-content\/uploads\/2021\/05\/Atelier-Cosquer-a-Sautron-44.jpg","contentUrl":"https:\/\/cosquer.fr\/wp-content\/uploads\/2021\/05\/Atelier-Cosquer-a-Sautron-44.jpg","width":1920,"height":940,"caption":"Cosquer - Traitement de surface, parach\u00e8vement m\u00e9canique"},"image":{"@id":"https:\/\/cosquer.fr\/#\/schema\/logo\/image\/"}}]}},"_links":{"self":[{"href":"https:\/\/cosquer.fr\/en\/wp-json\/wp\/v2\/pages\/506","targetHints":{"allow":["GET"]}}],"collection":[{"href":"https:\/\/cosquer.fr\/en\/wp-json\/wp\/v2\/pages"}],"about":[{"href":"https:\/\/cosquer.fr\/en\/wp-json\/wp\/v2\/types\/page"}],"author":[{"embeddable":true,"href":"https:\/\/cosquer.fr\/en\/wp-json\/wp\/v2\/users\/1"}],"replies":[{"embeddable":true,"href":"https:\/\/cosquer.fr\/en\/wp-json\/wp\/v2\/comments?post=506"}],"version-history":[{"count":7,"href":"https:\/\/cosquer.fr\/en\/wp-json\/wp\/v2\/pages\/506\/revisions"}],"predecessor-version":[{"id":917,"href":"https:\/\/cosquer.fr\/en\/wp-json\/wp\/v2\/pages\/506\/revisions\/917"}],"wp:attachment":[{"href":"https:\/\/cosquer.fr\/en\/wp-json\/wp\/v2\/media?parent=506"}],"curies":[{"name":"wp","href":"https:\/\/api.w.org\/{rel}","templated":true}]}}