{"id":500,"date":"2021-12-08T10:15:04","date_gmt":"2021-12-08T09:15:04","guid":{"rendered":"https:\/\/cosquer.fr\/?page_id=500"},"modified":"2023-10-06T13:57:53","modified_gmt":"2023-10-06T11:57:53","slug":"pour-qui-sont-nos-formations","status":"publish","type":"page","link":"https:\/\/cosquer.fr\/en\/pour-qui-sont-nos-formations\/","title":{"rendered":"Pour qui sont nos formations"},"content":{"rendered":"<section class=\"l-section wpb_row height_huge with_img\"><div class=\"l-section-img\" role=\"img\" aria-label=\"St\u00e9 Cosquer traitement de surface\" data-img-width=\"1920\" data-img-height=\"940\" style=\"background-image: url(https:\/\/cosquer.fr\/wp-content\/uploads\/2021\/03\/Bandeau-Ste-Cosquer-traitement-de-surface.jpg);\"><\/div><div class=\"l-section-h i-cf\"><div class=\"g-cols vc_row via_flex valign_top type_default stacking_default\"><div class=\"vc_col-sm-12 wpb_column vc_column_container\"><div class=\"vc_column-inner\"><div class=\"wpb_wrapper\"><div class=\"w-separator size_huge\"><\/div><\/div><\/div><\/div><\/div><\/div><\/section><section class=\"l-section wpb_row us_custom_85ff217e height_large\"><div class=\"l-section-h i-cf\"><div class=\"g-cols vc_row via_flex valign_top type_default stacking_default\"><div class=\"vc_col-sm-12 wpb_column vc_column_container has_bg_color\"><div class=\"vc_column-inner us_custom_e7ab06ed\"><div class=\"wpb_wrapper\"><div class=\"w-image us_custom_60d35a4b align_none\"><div class=\"w-image-h\"><img decoding=\"async\" width=\"21\" height=\"21\" src=\"https:\/\/cosquer.fr\/wp-content\/uploads\/2021\/03\/Calque-lt.png\" class=\"attachment-large size-large\" alt=\"\" loading=\"lazy\" \/><\/div><\/div><div class=\"w-image us_custom_dddc58af align_none\"><div class=\"w-image-h\"><img decoding=\"async\" width=\"21\" height=\"21\" src=\"https:\/\/cosquer.fr\/wp-content\/uploads\/2021\/03\/Calque-rt.png\" class=\"attachment-large size-large\" alt=\"\" loading=\"lazy\" \/><\/div><\/div><div class=\"wpb_text_column us_custom_eb849559\"><div class=\"wpb_wrapper\"><h1>Op\u00e9rateur en traitement de surface<\/h1>\n<\/div><\/div><div class=\"w-image us_custom_3e9d1bc9 logo us_animate_this align_center\"><div class=\"w-image-h\"><img decoding=\"async\" width=\"690\" height=\"131\" src=\"https:\/\/cosquer.fr\/wp-content\/uploads\/2021\/12\/machines-parachevement-mecanique.jpg\" class=\"attachment-full size-full\" alt=\"\" loading=\"lazy\" srcset=\"https:\/\/cosquer.fr\/wp-content\/uploads\/2021\/12\/machines-parachevement-mecanique.jpg 690w, https:\/\/cosquer.fr\/wp-content\/uploads\/2021\/12\/machines-parachevement-mecanique-300x57.jpg 300w, https:\/\/cosquer.fr\/wp-content\/uploads\/2021\/12\/machines-parachevement-mecanique-18x3.jpg 18w, https:\/\/cosquer.fr\/wp-content\/uploads\/2021\/12\/machines-parachevement-mecanique-600x114.jpg 600w\" sizes=\"auto, (max-width: 690px) 100vw, 690px\" \/><\/div><\/div><div class=\"w-separator size_medium\"><\/div><div class=\"g-cols wpb_row via_flex valign_middle type_default stacking_default\"><div class=\"vc_col-sm-2 wpb_column vc_column_container\"><div class=\"vc_column-inner\"><div class=\"wpb_wrapper\"><div class=\"w-image us_custom_a39797a2 align_center\"><div class=\"w-image-h\"><img decoding=\"async\" width=\"129\" height=\"102\" src=\"https:\/\/cosquer.fr\/wp-content\/uploads\/2021\/03\/Deco.png\" class=\"attachment-large size-large\" alt=\"\" loading=\"lazy\" \/><\/div><\/div><\/div><\/div><\/div><div class=\"vc_col-sm-10 wpb_column vc_column_container\"><div class=\"vc_column-inner\"><div class=\"wpb_wrapper\"><div class=\"wpb_text_column us_custom_15bfd543\"><div class=\"wpb_wrapper\"><div class=\"row-fluid\">\n<p class=\"nexttip-jck\">&gt; Les entreprises qui poss\u00e8dent un moyen de finition d\u00e9j\u00e0 implant\u00e9<\/p>\n<p class=\"nexttip-jck\">&gt; Les soci\u00e9t\u00e9s qui souhaitent int\u00e9grer un moyen de finition<\/p>\n<p class=\"nexttip-jck\">&gt; Les entreprises qui ont recrut\u00e9 de nouveaux op\u00e9rateurs<\/p>\n<p class=\"nexttip-jck\">&gt; Les soci\u00e9t\u00e9s qui souhaitent d\u00e9velopper les comp\u00e9tences de leurs op\u00e9rateurs<\/p>\n<\/div>\n<\/div><\/div><\/div><\/div><\/div><\/div><div class=\"w-separator size_medium\"><\/div><div class=\"w-image us_custom_a04e5b6b align_none\"><div class=\"w-image-h\"><img decoding=\"async\" width=\"21\" height=\"21\" src=\"https:\/\/cosquer.fr\/wp-content\/uploads\/2021\/03\/Calque-lb.png\" class=\"attachment-large size-large\" alt=\"\" loading=\"lazy\" \/><\/div><\/div><div class=\"w-image us_custom_c2685eb8 align_none\"><div class=\"w-image-h\"><img decoding=\"async\" width=\"21\" height=\"21\" src=\"https:\/\/cosquer.fr\/wp-content\/uploads\/2021\/03\/Calque-rb.png\" class=\"attachment-large size-large\" alt=\"\" loading=\"lazy\" \/><\/div><\/div><\/div><\/div><\/div><\/div><\/div><\/section><section class=\"l-section wpb_row height_auto\"><div class=\"l-section-h i-cf\"><div class=\"g-cols vc_row via_flex valign_top type_default stacking_default\"><div class=\"vc_col-sm-12 wpb_column vc_column_container\"><div class=\"vc_column-inner\"><div class=\"wpb_wrapper\"><div class=\"wpb_text_column us_custom_eb849559\"><div class=\"wpb_wrapper\"><h2>Secteurs d\u2019activit\u00e9s\u00a0concern\u00e9s\u00a0:<\/h2>\n<\/div><\/div><div class=\"wpb_text_column us_custom_15bfd543\"><div class=\"wpb_wrapper\"><div class=\"row-fluid\">\n<p style=\"text-align: center\">A\u00e9ronautique, Naval, Agro alimentaire, Nucl\u00e9aire, M\u00e9dical, Armement, Automobile, D\u00e9coration int\u00e9rieure, Luxe<\/p>\n<\/div>\n<\/div><\/div><div class=\"g-cols wpb_row via_flex valign_top type_default stacking_default\"><div class=\"vc_col-sm-12 wpb_column vc_column_container us_animate_fade\" style=\"animation-delay:0.4s\"><div class=\"vc_column-inner\"><div class=\"wpb_wrapper\"><div class=\"w-image us_custom_3e9d1bc9 logo us_animate_this align_center\"><div class=\"w-image-h\"><img decoding=\"async\" width=\"700\" height=\"350\" src=\"https:\/\/cosquer.fr\/wp-content\/uploads\/2021\/12\/secteur-activite-tribofinition.jpg\" class=\"attachment-full size-full\" alt=\"\" loading=\"lazy\" srcset=\"https:\/\/cosquer.fr\/wp-content\/uploads\/2021\/12\/secteur-activite-tribofinition.jpg 700w, https:\/\/cosquer.fr\/wp-content\/uploads\/2021\/12\/secteur-activite-tribofinition-300x150.jpg 300w, https:\/\/cosquer.fr\/wp-content\/uploads\/2021\/12\/secteur-activite-tribofinition-18x9.jpg 18w, https:\/\/cosquer.fr\/wp-content\/uploads\/2021\/12\/secteur-activite-tribofinition-600x300.jpg 600w\" sizes=\"auto, (max-width: 700px) 100vw, 700px\" \/><\/div><\/div><\/div><\/div><\/div><\/div><div class=\"w-separator size_large\"><\/div><div class=\"wpb_text_column us_custom_15bfd543\"><div class=\"wpb_wrapper\"><p><strong>Typologie de clients\u00a0:<\/strong><\/p>\n<\/div><\/div><div class=\"g-cols wpb_row via_flex valign_middle type_default stacking_default\"><div class=\"vc_col-sm-4 wpb_column vc_column_container\"><div class=\"vc_column-inner\"><div class=\"wpb_wrapper\"><div class=\"wpb_text_column\"><div class=\"wpb_wrapper\"><ul>\n<li>Entreprises de production<\/li>\n<li>Entreprises de m\u00e9canique<\/li>\n<li>T\u00f4lerie industrielle<\/li>\n<li>Chaudronnerie<\/li>\n<\/ul>\n<\/div><\/div><\/div><\/div><\/div><div class=\"vc_col-sm-4 wpb_column vc_column_container\"><div class=\"vc_column-inner\"><div class=\"wpb_wrapper\"><div class=\"wpb_text_column\"><div class=\"wpb_wrapper\"><ul>\n<li>D\u00e9coupe<\/li>\n<li>Emboutissage<\/li>\n<li>Fonderie<\/li>\n<li>Produits en m\u00e9taux<\/li>\n<\/ul>\n<\/div><\/div><\/div><\/div><\/div><div class=\"vc_col-sm-4 wpb_column vc_column_container\"><div class=\"vc_column-inner\"><div class=\"wpb_wrapper\"><div class=\"wpb_text_column\"><div class=\"wpb_wrapper\"><ul>\n<li>Outillage de pr\u00e9cision<\/li>\n<li>Traitement des m\u00e9taux<\/li>\n<li>Traitement thermique<\/li>\n<li>Traitement de surface<\/li>\n<\/ul>\n<\/div><\/div><\/div><\/div><\/div><\/div><div class=\"w-separator size_medium\"><\/div><div class=\"w-separator size_medium\"><\/div><div class=\"w-separator size_large\"><\/div><\/div><\/div><\/div><\/div><\/div><\/section>","protected":false},"excerpt":{"rendered":"Op\u00e9rateur en traitement de surface &gt; Les entreprises qui poss\u00e8dent un moyen de finition d\u00e9j\u00e0 implant\u00e9 &gt; Les soci\u00e9t\u00e9s qui souhaitent int\u00e9grer un moyen de finition &gt; Les entreprises qui ont recrut\u00e9 de nouveaux op\u00e9rateurs &gt; Les soci\u00e9t\u00e9s qui souhaitent d\u00e9velopper les comp\u00e9tences de leurs op\u00e9rateurs Secteurs d\u2019activit\u00e9s\u00a0concern\u00e9s\u00a0: A\u00e9ronautique, Naval, Agro alimentaire, Nucl\u00e9aire, M\u00e9dical, Armement,...","protected":false},"author":1,"featured_media":0,"parent":0,"menu_order":0,"comment_status":"closed","ping_status":"closed","template":"","meta":{"footnotes":""},"class_list":["post-500","page","type-page","status-publish","hentry"],"yoast_head":"<!-- This site is optimized with the Yoast SEO plugin v27.4 - https:\/\/yoast.com\/product\/yoast-seo-wordpress\/ -->\n<title>Pour qui sont nos formations - Cosquer Sautron<\/title>\n<meta name=\"description\" content=\"Les formations offertes par COSQUER s&#039;adressent \u00e0 un large \u00e9ventail d&#039;entreprises et \u00e0 divers secteurs d&#039;activit\u00e9.\" \/>\n<meta name=\"robots\" content=\"index, follow, max-snippet:-1, max-image-preview:large, max-video-preview:-1\" \/>\n<link rel=\"canonical\" href=\"https:\/\/cosquer.fr\/en\/pour-qui-sont-nos-formations\/\" \/>\n<meta property=\"og:locale\" content=\"en_US\" \/>\n<meta property=\"og:type\" content=\"article\" \/>\n<meta property=\"og:title\" content=\"Pour qui sont nos formations - Cosquer Sautron\" \/>\n<meta property=\"og:description\" content=\"Les formations offertes par COSQUER s&#039;adressent \u00e0 un large \u00e9ventail d&#039;entreprises et \u00e0 divers secteurs d&#039;activit\u00e9.\" \/>\n<meta property=\"og:url\" content=\"https:\/\/cosquer.fr\/en\/pour-qui-sont-nos-formations\/\" \/>\n<meta property=\"og:site_name\" content=\"Cosquer Sautron\" \/>\n<meta property=\"article:modified_time\" content=\"2023-10-06T11:57:53+00:00\" \/>\n<meta name=\"twitter:card\" content=\"summary_large_image\" \/>\n<meta name=\"twitter:label1\" content=\"Est. reading time\" \/>\n\t<meta name=\"twitter:data1\" content=\"1 minute\" \/>\n<script type=\"application\/ld+json\" class=\"yoast-schema-graph\">{\"@context\":\"https:\\\/\\\/schema.org\",\"@graph\":[{\"@type\":\"WebPage\",\"@id\":\"https:\\\/\\\/cosquer.fr\\\/pour-qui-sont-nos-formations\\\/\",\"url\":\"https:\\\/\\\/cosquer.fr\\\/pour-qui-sont-nos-formations\\\/\",\"name\":\"Pour qui sont nos formations - Cosquer Sautron\",\"isPartOf\":{\"@id\":\"https:\\\/\\\/cosquer.fr\\\/#website\"},\"datePublished\":\"2021-12-08T09:15:04+00:00\",\"dateModified\":\"2023-10-06T11:57:53+00:00\",\"description\":\"Les formations offertes par COSQUER s'adressent \u00e0 un large \u00e9ventail d'entreprises et \u00e0 divers secteurs d'activit\u00e9.\",\"breadcrumb\":{\"@id\":\"https:\\\/\\\/cosquer.fr\\\/pour-qui-sont-nos-formations\\\/#breadcrumb\"},\"inLanguage\":\"en-US\",\"potentialAction\":[{\"@type\":\"ReadAction\",\"target\":[\"https:\\\/\\\/cosquer.fr\\\/pour-qui-sont-nos-formations\\\/\"]}]},{\"@type\":\"BreadcrumbList\",\"@id\":\"https:\\\/\\\/cosquer.fr\\\/pour-qui-sont-nos-formations\\\/#breadcrumb\",\"itemListElement\":[{\"@type\":\"ListItem\",\"position\":1,\"name\":\"Accueil\",\"item\":\"https:\\\/\\\/cosquer.fr\\\/\"},{\"@type\":\"ListItem\",\"position\":2,\"name\":\"Pour qui sont nos formations\"}]},{\"@type\":\"WebSite\",\"@id\":\"https:\\\/\\\/cosquer.fr\\\/#website\",\"url\":\"https:\\\/\\\/cosquer.fr\\\/\",\"name\":\"Cosquer Sautron\",\"description\":\"Traitement de surfaces\",\"publisher\":{\"@id\":\"https:\\\/\\\/cosquer.fr\\\/#organization\"},\"potentialAction\":[{\"@type\":\"SearchAction\",\"target\":{\"@type\":\"EntryPoint\",\"urlTemplate\":\"https:\\\/\\\/cosquer.fr\\\/?s={search_term_string}\"},\"query-input\":{\"@type\":\"PropertyValueSpecification\",\"valueRequired\":true,\"valueName\":\"search_term_string\"}}],\"inLanguage\":\"en-US\"},{\"@type\":\"Organization\",\"@id\":\"https:\\\/\\\/cosquer.fr\\\/#organization\",\"name\":\"Cosquer - Traitement de surface, parach\u00e8vement m\u00e9canique\",\"url\":\"https:\\\/\\\/cosquer.fr\\\/\",\"logo\":{\"@type\":\"ImageObject\",\"inLanguage\":\"en-US\",\"@id\":\"https:\\\/\\\/cosquer.fr\\\/#\\\/schema\\\/logo\\\/image\\\/\",\"url\":\"https:\\\/\\\/cosquer.fr\\\/wp-content\\\/uploads\\\/2021\\\/05\\\/Atelier-Cosquer-a-Sautron-44.jpg\",\"contentUrl\":\"https:\\\/\\\/cosquer.fr\\\/wp-content\\\/uploads\\\/2021\\\/05\\\/Atelier-Cosquer-a-Sautron-44.jpg\",\"width\":1920,\"height\":940,\"caption\":\"Cosquer - Traitement de surface, parach\u00e8vement m\u00e9canique\"},\"image\":{\"@id\":\"https:\\\/\\\/cosquer.fr\\\/#\\\/schema\\\/logo\\\/image\\\/\"}}]}<\/script>\n<!-- \/ Yoast SEO plugin. -->","yoast_head_json":{"title":"Pour qui sont nos formations - Cosquer Sautron","description":"Les formations offertes par COSQUER s'adressent \u00e0 un large \u00e9ventail d'entreprises et \u00e0 divers secteurs d'activit\u00e9.","robots":{"index":"index","follow":"follow","max-snippet":"max-snippet:-1","max-image-preview":"max-image-preview:large","max-video-preview":"max-video-preview:-1"},"canonical":"https:\/\/cosquer.fr\/en\/pour-qui-sont-nos-formations\/","og_locale":"en_US","og_type":"article","og_title":"Pour qui sont nos formations - Cosquer Sautron","og_description":"Les formations offertes par COSQUER s'adressent \u00e0 un large \u00e9ventail d'entreprises et \u00e0 divers secteurs d'activit\u00e9.","og_url":"https:\/\/cosquer.fr\/en\/pour-qui-sont-nos-formations\/","og_site_name":"Cosquer Sautron","article_modified_time":"2023-10-06T11:57:53+00:00","twitter_card":"summary_large_image","twitter_misc":{"Est. reading time":"1 minute"},"schema":{"@context":"https:\/\/schema.org","@graph":[{"@type":"WebPage","@id":"https:\/\/cosquer.fr\/pour-qui-sont-nos-formations\/","url":"https:\/\/cosquer.fr\/pour-qui-sont-nos-formations\/","name":"Pour qui sont nos formations - Cosquer Sautron","isPartOf":{"@id":"https:\/\/cosquer.fr\/#website"},"datePublished":"2021-12-08T09:15:04+00:00","dateModified":"2023-10-06T11:57:53+00:00","description":"Les formations offertes par COSQUER s'adressent \u00e0 un large \u00e9ventail d'entreprises et \u00e0 divers secteurs d'activit\u00e9.","breadcrumb":{"@id":"https:\/\/cosquer.fr\/pour-qui-sont-nos-formations\/#breadcrumb"},"inLanguage":"en-US","potentialAction":[{"@type":"ReadAction","target":["https:\/\/cosquer.fr\/pour-qui-sont-nos-formations\/"]}]},{"@type":"BreadcrumbList","@id":"https:\/\/cosquer.fr\/pour-qui-sont-nos-formations\/#breadcrumb","itemListElement":[{"@type":"ListItem","position":1,"name":"Accueil","item":"https:\/\/cosquer.fr\/"},{"@type":"ListItem","position":2,"name":"Pour qui sont nos formations"}]},{"@type":"WebSite","@id":"https:\/\/cosquer.fr\/#website","url":"https:\/\/cosquer.fr\/","name":"Cosquer Sautron","description":"Traitement de surfaces","publisher":{"@id":"https:\/\/cosquer.fr\/#organization"},"potentialAction":[{"@type":"SearchAction","target":{"@type":"EntryPoint","urlTemplate":"https:\/\/cosquer.fr\/?s={search_term_string}"},"query-input":{"@type":"PropertyValueSpecification","valueRequired":true,"valueName":"search_term_string"}}],"inLanguage":"en-US"},{"@type":"Organization","@id":"https:\/\/cosquer.fr\/#organization","name":"Cosquer - Traitement de surface, parach\u00e8vement m\u00e9canique","url":"https:\/\/cosquer.fr\/","logo":{"@type":"ImageObject","inLanguage":"en-US","@id":"https:\/\/cosquer.fr\/#\/schema\/logo\/image\/","url":"https:\/\/cosquer.fr\/wp-content\/uploads\/2021\/05\/Atelier-Cosquer-a-Sautron-44.jpg","contentUrl":"https:\/\/cosquer.fr\/wp-content\/uploads\/2021\/05\/Atelier-Cosquer-a-Sautron-44.jpg","width":1920,"height":940,"caption":"Cosquer - Traitement de surface, parach\u00e8vement m\u00e9canique"},"image":{"@id":"https:\/\/cosquer.fr\/#\/schema\/logo\/image\/"}}]}},"_links":{"self":[{"href":"https:\/\/cosquer.fr\/en\/wp-json\/wp\/v2\/pages\/500","targetHints":{"allow":["GET"]}}],"collection":[{"href":"https:\/\/cosquer.fr\/en\/wp-json\/wp\/v2\/pages"}],"about":[{"href":"https:\/\/cosquer.fr\/en\/wp-json\/wp\/v2\/types\/page"}],"author":[{"embeddable":true,"href":"https:\/\/cosquer.fr\/en\/wp-json\/wp\/v2\/users\/1"}],"replies":[{"embeddable":true,"href":"https:\/\/cosquer.fr\/en\/wp-json\/wp\/v2\/comments?post=500"}],"version-history":[{"count":4,"href":"https:\/\/cosquer.fr\/en\/wp-json\/wp\/v2\/pages\/500\/revisions"}],"predecessor-version":[{"id":901,"href":"https:\/\/cosquer.fr\/en\/wp-json\/wp\/v2\/pages\/500\/revisions\/901"}],"wp:attachment":[{"href":"https:\/\/cosquer.fr\/en\/wp-json\/wp\/v2\/media?parent=500"}],"curies":[{"name":"wp","href":"https:\/\/api.w.org\/{rel}","templated":true}]}}