{"id":493,"date":"2021-12-08T10:08:07","date_gmt":"2021-12-08T09:08:07","guid":{"rendered":"https:\/\/cosquer.fr\/?page_id=493"},"modified":"2023-11-21T16:38:25","modified_gmt":"2023-11-21T15:38:25","slug":"les-formations-dans-le-domaines-en-traitement-de-surface","status":"publish","type":"page","link":"https:\/\/cosquer.fr\/en\/les-formations-dans-le-domaines-en-traitement-de-surface\/","title":{"rendered":"Les Formations"},"content":{"rendered":"<section class=\"l-section wpb_row height_huge with_img\"><div class=\"l-section-img\" role=\"img\" aria-label=\"St\u00e9 Cosquer traitement de surface\" data-img-width=\"1920\" data-img-height=\"940\" style=\"background-image: url(https:\/\/cosquer.fr\/wp-content\/uploads\/2021\/03\/Bandeau-Ste-Cosquer-traitement-de-surface.jpg);\"><\/div><div class=\"l-section-h i-cf\"><div class=\"g-cols vc_row via_flex valign_top type_default stacking_default\"><div class=\"vc_col-sm-12 wpb_column vc_column_container\"><div class=\"vc_column-inner\"><div class=\"wpb_wrapper\"><div class=\"w-separator size_huge\"><\/div><\/div><\/div><\/div><\/div><\/div><\/section><section class=\"l-section wpb_row us_custom_85ff217e height_large\"><div class=\"l-section-h i-cf\"><div class=\"g-cols vc_row via_flex valign_top type_default stacking_default\"><div class=\"vc_col-sm-12 wpb_column vc_column_container has_bg_color\"><div class=\"vc_column-inner us_custom_e7ab06ed\"><div class=\"wpb_wrapper\"><div class=\"w-image us_custom_60d35a4b align_none\"><div class=\"w-image-h\"><img decoding=\"async\" width=\"21\" height=\"21\" src=\"https:\/\/cosquer.fr\/wp-content\/uploads\/2021\/03\/Calque-lt.png\" class=\"attachment-large size-large\" alt=\"\" loading=\"lazy\" \/><\/div><\/div><div class=\"w-image us_custom_dddc58af align_none\"><div class=\"w-image-h\"><img decoding=\"async\" width=\"21\" height=\"21\" src=\"https:\/\/cosquer.fr\/wp-content\/uploads\/2021\/03\/Calque-rt.png\" class=\"attachment-large size-large\" alt=\"\" loading=\"lazy\" \/><\/div><\/div><div class=\"wpb_text_column us_custom_eb849559\"><div class=\"wpb_wrapper\"><h1>Domaines de formation en traitement de surface<\/h1>\n<\/div><\/div><div class=\"w-separator size_medium\"><\/div><div class=\"g-cols wpb_row via_flex valign_middle type_default stacking_default\"><div class=\"vc_col-sm-2 wpb_column vc_column_container\"><div class=\"vc_column-inner\"><div class=\"wpb_wrapper\"><div class=\"w-image us_custom_a39797a2 align_center\"><div class=\"w-image-h\"><img decoding=\"async\" width=\"129\" height=\"102\" src=\"https:\/\/cosquer.fr\/wp-content\/uploads\/2021\/03\/Deco.png\" class=\"attachment-large size-large\" alt=\"\" loading=\"lazy\" \/><\/div><\/div><\/div><\/div><\/div><div class=\"vc_col-sm-10 wpb_column vc_column_container\"><div class=\"vc_column-inner\"><div class=\"wpb_wrapper\"><div class=\"wpb_text_column us_custom_15bfd543\"><div class=\"wpb_wrapper\"><div class=\"row-fluid\">\n<p><em><strong>Les 3 niveaux de formations qu&rsquo;on vous propose vont de l\u2019initiation \u00e0 l\u2019expertise et l&rsquo;autonomie :<\/strong><\/em><\/p>\n<p class=\"nexttip-jck\">Niveau 1 : Techniques de base en parach\u00e8vement m\u00e9canique.<br \/>\n<a href=\"https:\/\/cosquer.fr\/wp-content\/uploads\/2023\/11\/fiche-formation-niveau-1.pdf\" target=\"_blank\" rel=\"noopener\">T\u00e9l\u00e9charger la fiche PDF<\/a><\/p>\n<p class=\"nexttip-jck\">Niveau 2 : Perfectionnement en parach\u00e8vement m\u00e9canique.<br \/>\n<a href=\"https:\/\/cosquer.fr\/wp-content\/uploads\/2023\/11\/fiche-formation-niveau-2.pdf\" target=\"_blank\" rel=\"noopener\">T\u00e9l\u00e9charger la fiche PDF<\/a><\/p>\n<p class=\"nexttip-jck\">Niveau 3 : Expertise en parach\u00e8vement m\u00e9canique.<br \/>\n<a href=\"https:\/\/cosquer.fr\/wp-content\/uploads\/2023\/11\/fiche-formation-niveau-3.pdf\" target=\"_blank\" rel=\"noopener\">T\u00e9l\u00e9charger la fiche PDF<\/a><\/p>\n<p><img loading=\"lazy\" decoding=\"async\" class=\"alignnone wp-image-606\" src=\"https:\/\/cosquer.fr\/wp-content\/uploads\/2022\/11\/logo-qualiopi-e1667898277532-300x212.png\" alt=\"\" width=\"231\" height=\"163\" srcset=\"https:\/\/cosquer.fr\/wp-content\/uploads\/2022\/11\/logo-qualiopi-e1667898277532-300x212.png 300w, https:\/\/cosquer.fr\/wp-content\/uploads\/2022\/11\/logo-qualiopi-e1667898277532-1024x724.png 1024w, https:\/\/cosquer.fr\/wp-content\/uploads\/2022\/11\/logo-qualiopi-e1667898277532-18x12.png 18w, https:\/\/cosquer.fr\/wp-content\/uploads\/2022\/11\/logo-qualiopi-e1667898277532-600x424.png 600w\" sizes=\"auto, (max-width: 231px) 100vw, 231px\" \/><br \/>\nR\u00e9f\u00e9renc\u00e9 Qualiopi par le gouvernement<br \/>\npour une prise en charge de votre formation<br \/>\npar vos OPCA r\u00e9f\u00e9rents<\/p>\n<\/div>\n<\/div><\/div><div class=\"wpb_text_column us_custom_15bfd543\"><div class=\"wpb_wrapper\"><div class=\"row-fluid\">\n<p>N\u2019oubliez pas de consulter la rubrique<strong>\u00a0\u00ab\u00a0<a title=\"Infos OPCA\" href=\"http:\/\/www.emploi.gouv.fr\/acteurs\/opca-opacif\" target=\"_blank\" rel=\"noopener\">Infos OPCA<\/a>\u00ab\u00a0<\/strong>pour conna\u00eetre vos droits.\u00a0<a href=\"http:\/\/www.emploi.gouv.fr\/acteurs\/opca-opacif\" target=\"_blank\" rel=\"noopener\">OPCA\u00a0sur emploi.gouv<\/a><\/p>\n<\/div>\n<\/div><\/div><\/div><\/div><\/div><\/div><div class=\"w-separator size_medium\"><\/div><div class=\"w-image us_custom_a04e5b6b align_none\"><div class=\"w-image-h\"><img decoding=\"async\" width=\"21\" height=\"21\" src=\"https:\/\/cosquer.fr\/wp-content\/uploads\/2021\/03\/Calque-lb.png\" class=\"attachment-large size-large\" alt=\"\" loading=\"lazy\" \/><\/div><\/div><div class=\"w-image us_custom_c2685eb8 align_none\"><div class=\"w-image-h\"><img decoding=\"async\" width=\"21\" height=\"21\" src=\"https:\/\/cosquer.fr\/wp-content\/uploads\/2021\/03\/Calque-rb.png\" class=\"attachment-large size-large\" alt=\"\" loading=\"lazy\" \/><\/div><\/div><\/div><\/div><\/div><\/div><\/div><\/section><section class=\"l-section wpb_row height_auto\"><div class=\"l-section-h i-cf\"><div class=\"g-cols vc_row via_flex valign_top type_default stacking_default\"><div class=\"vc_col-sm-12 wpb_column vc_column_container\"><div class=\"vc_column-inner\"><div class=\"wpb_wrapper\"><div class=\"g-cols wpb_row via_flex valign_middle type_default stacking_default\"><div class=\"vc_col-sm-12 wpb_column vc_column_container\"><div class=\"vc_column-inner\"><div class=\"wpb_wrapper\"><div class=\"w-btn-wrapper align_center\"><a class=\"w-btn us-btn-style_1\" target=\"_blank\" rel=\"nofollow\" href=\"https:\/\/cosquer.fr\/wp-content\/uploads\/2021\/12\/FI-3-002-Reglement-interieur-des-stagiaires-sur-le-site-de-COSQUER.pdf\"><span class=\"w-btn-label\">VISUALISER LE R\u00c8GLEMENT INT\u00c9RIEUR<\/span><\/a><\/div><\/div><\/div><\/div><\/div><div class=\"w-separator size_medium\"><\/div><\/div><\/div><\/div><\/div><\/div><\/section><section class=\"l-section wpb_row height_auto\"><div class=\"l-section-h i-cf\"><div class=\"g-cols vc_row via_flex valign_top type_default stacking_default\"><div class=\"vc_col-sm-12 wpb_column vc_column_container\"><div class=\"vc_column-inner\"><div class=\"wpb_wrapper\"><div class=\"g-cols wpb_row via_flex valign_top type_default stacking_default\"><div class=\"vc_col-sm-12 wpb_column vc_column_container us_animate_fade\" style=\"animation-delay:0.4s\"><div class=\"vc_column-inner\"><div class=\"wpb_wrapper\"><div class=\"w-image us_custom_3e9d1bc9 logo us_animate_this align_center\"><div class=\"w-image-h\"><img decoding=\"async\" width=\"682\" height=\"393\" src=\"https:\/\/cosquer.fr\/wp-content\/uploads\/2021\/12\/formation-en-traitement-de-surface.jpg\" class=\"attachment-full size-full\" alt=\"\" loading=\"lazy\" srcset=\"https:\/\/cosquer.fr\/wp-content\/uploads\/2021\/12\/formation-en-traitement-de-surface.jpg 682w, https:\/\/cosquer.fr\/wp-content\/uploads\/2021\/12\/formation-en-traitement-de-surface-300x173.jpg 300w, https:\/\/cosquer.fr\/wp-content\/uploads\/2021\/12\/formation-en-traitement-de-surface-18x10.jpg 18w, https:\/\/cosquer.fr\/wp-content\/uploads\/2021\/12\/formation-en-traitement-de-surface-600x346.jpg 600w\" sizes=\"auto, (max-width: 682px) 100vw, 682px\" \/><\/div><\/div><\/div><\/div><\/div><\/div><div class=\"w-separator size_medium\"><\/div><div class=\"w-separator size_large\"><\/div><\/div><\/div><\/div><\/div><\/div><\/section>","protected":false},"excerpt":{"rendered":"Domaines de formation en traitement de surface Les 3 niveaux de formations qu&rsquo;on vous propose vont de l\u2019initiation \u00e0 l\u2019expertise et l&rsquo;autonomie : Niveau 1 : Techniques de base en parach\u00e8vement m\u00e9canique. T\u00e9l\u00e9charger la fiche PDF Niveau 2 : Perfectionnement en parach\u00e8vement m\u00e9canique. T\u00e9l\u00e9charger la fiche PDF Niveau 3 : Expertise en parach\u00e8vement m\u00e9canique. T\u00e9l\u00e9charger...","protected":false},"author":1,"featured_media":0,"parent":0,"menu_order":0,"comment_status":"closed","ping_status":"closed","template":"","meta":{"footnotes":""},"class_list":["post-493","page","type-page","status-publish","hentry"],"yoast_head":"<!-- This site is optimized with the Yoast SEO plugin v27.4 - https:\/\/yoast.com\/product\/yoast-seo-wordpress\/ -->\n<title>Les Formations - Cosquer Sautron<\/title>\n<meta name=\"description\" content=\"Certifi\u00e9 Qualiopi, la soci\u00e9t\u00e9 COSQUER vous propose trois niveaux de formations dans le domaine du traitement de surface.\" \/>\n<meta name=\"robots\" content=\"index, follow, max-snippet:-1, max-image-preview:large, max-video-preview:-1\" \/>\n<link rel=\"canonical\" href=\"https:\/\/cosquer.fr\/en\/les-formations-dans-le-domaines-en-traitement-de-surface\/\" \/>\n<meta property=\"og:locale\" content=\"en_US\" \/>\n<meta property=\"og:type\" content=\"article\" \/>\n<meta property=\"og:title\" content=\"Les Formations - Cosquer Sautron\" \/>\n<meta property=\"og:description\" content=\"Certifi\u00e9 Qualiopi, la soci\u00e9t\u00e9 COSQUER vous propose trois niveaux de formations dans le domaine du traitement de surface.\" \/>\n<meta property=\"og:url\" content=\"https:\/\/cosquer.fr\/en\/les-formations-dans-le-domaines-en-traitement-de-surface\/\" \/>\n<meta property=\"og:site_name\" content=\"Cosquer Sautron\" \/>\n<meta property=\"article:modified_time\" content=\"2023-11-21T15:38:25+00:00\" \/>\n<meta property=\"og:image\" content=\"https:\/\/cosquer.fr\/wp-content\/uploads\/2022\/11\/logo-qualiopi-e1667898277532-300x212.png\" \/>\n<meta name=\"twitter:card\" content=\"summary_large_image\" \/>\n<meta name=\"twitter:label1\" content=\"Est. reading time\" \/>\n\t<meta name=\"twitter:data1\" content=\"1 minute\" \/>\n<script type=\"application\/ld+json\" class=\"yoast-schema-graph\">{\"@context\":\"https:\\\/\\\/schema.org\",\"@graph\":[{\"@type\":\"WebPage\",\"@id\":\"https:\\\/\\\/cosquer.fr\\\/les-formations-dans-le-domaines-en-traitement-de-surface\\\/\",\"url\":\"https:\\\/\\\/cosquer.fr\\\/les-formations-dans-le-domaines-en-traitement-de-surface\\\/\",\"name\":\"Les Formations - Cosquer Sautron\",\"isPartOf\":{\"@id\":\"https:\\\/\\\/cosquer.fr\\\/#website\"},\"primaryImageOfPage\":{\"@id\":\"https:\\\/\\\/cosquer.fr\\\/les-formations-dans-le-domaines-en-traitement-de-surface\\\/#primaryimage\"},\"image\":{\"@id\":\"https:\\\/\\\/cosquer.fr\\\/les-formations-dans-le-domaines-en-traitement-de-surface\\\/#primaryimage\"},\"thumbnailUrl\":\"https:\\\/\\\/cosquer.fr\\\/wp-content\\\/uploads\\\/2022\\\/11\\\/logo-qualiopi-e1667898277532-300x212.png\",\"datePublished\":\"2021-12-08T09:08:07+00:00\",\"dateModified\":\"2023-11-21T15:38:25+00:00\",\"description\":\"Certifi\u00e9 Qualiopi, la soci\u00e9t\u00e9 COSQUER vous propose trois niveaux de formations dans le domaine du traitement de surface.\",\"breadcrumb\":{\"@id\":\"https:\\\/\\\/cosquer.fr\\\/les-formations-dans-le-domaines-en-traitement-de-surface\\\/#breadcrumb\"},\"inLanguage\":\"en-US\",\"potentialAction\":[{\"@type\":\"ReadAction\",\"target\":[\"https:\\\/\\\/cosquer.fr\\\/les-formations-dans-le-domaines-en-traitement-de-surface\\\/\"]}]},{\"@type\":\"ImageObject\",\"inLanguage\":\"en-US\",\"@id\":\"https:\\\/\\\/cosquer.fr\\\/les-formations-dans-le-domaines-en-traitement-de-surface\\\/#primaryimage\",\"url\":\"https:\\\/\\\/cosquer.fr\\\/wp-content\\\/uploads\\\/2022\\\/11\\\/logo-qualiopi-e1667898277532-300x212.png\",\"contentUrl\":\"https:\\\/\\\/cosquer.fr\\\/wp-content\\\/uploads\\\/2022\\\/11\\\/logo-qualiopi-e1667898277532-300x212.png\"},{\"@type\":\"BreadcrumbList\",\"@id\":\"https:\\\/\\\/cosquer.fr\\\/les-formations-dans-le-domaines-en-traitement-de-surface\\\/#breadcrumb\",\"itemListElement\":[{\"@type\":\"ListItem\",\"position\":1,\"name\":\"Accueil\",\"item\":\"https:\\\/\\\/cosquer.fr\\\/\"},{\"@type\":\"ListItem\",\"position\":2,\"name\":\"Les Formations\"}]},{\"@type\":\"WebSite\",\"@id\":\"https:\\\/\\\/cosquer.fr\\\/#website\",\"url\":\"https:\\\/\\\/cosquer.fr\\\/\",\"name\":\"Cosquer Sautron\",\"description\":\"Traitement de surfaces\",\"publisher\":{\"@id\":\"https:\\\/\\\/cosquer.fr\\\/#organization\"},\"potentialAction\":[{\"@type\":\"SearchAction\",\"target\":{\"@type\":\"EntryPoint\",\"urlTemplate\":\"https:\\\/\\\/cosquer.fr\\\/?s={search_term_string}\"},\"query-input\":{\"@type\":\"PropertyValueSpecification\",\"valueRequired\":true,\"valueName\":\"search_term_string\"}}],\"inLanguage\":\"en-US\"},{\"@type\":\"Organization\",\"@id\":\"https:\\\/\\\/cosquer.fr\\\/#organization\",\"name\":\"Cosquer - Traitement de surface, parach\u00e8vement m\u00e9canique\",\"url\":\"https:\\\/\\\/cosquer.fr\\\/\",\"logo\":{\"@type\":\"ImageObject\",\"inLanguage\":\"en-US\",\"@id\":\"https:\\\/\\\/cosquer.fr\\\/#\\\/schema\\\/logo\\\/image\\\/\",\"url\":\"https:\\\/\\\/cosquer.fr\\\/wp-content\\\/uploads\\\/2021\\\/05\\\/Atelier-Cosquer-a-Sautron-44.jpg\",\"contentUrl\":\"https:\\\/\\\/cosquer.fr\\\/wp-content\\\/uploads\\\/2021\\\/05\\\/Atelier-Cosquer-a-Sautron-44.jpg\",\"width\":1920,\"height\":940,\"caption\":\"Cosquer - Traitement de surface, parach\u00e8vement m\u00e9canique\"},\"image\":{\"@id\":\"https:\\\/\\\/cosquer.fr\\\/#\\\/schema\\\/logo\\\/image\\\/\"}}]}<\/script>\n<!-- \/ Yoast SEO plugin. -->","yoast_head_json":{"title":"Les Formations - Cosquer Sautron","description":"Certifi\u00e9 Qualiopi, la soci\u00e9t\u00e9 COSQUER vous propose trois niveaux de formations dans le domaine du traitement de surface.","robots":{"index":"index","follow":"follow","max-snippet":"max-snippet:-1","max-image-preview":"max-image-preview:large","max-video-preview":"max-video-preview:-1"},"canonical":"https:\/\/cosquer.fr\/en\/les-formations-dans-le-domaines-en-traitement-de-surface\/","og_locale":"en_US","og_type":"article","og_title":"Les Formations - Cosquer Sautron","og_description":"Certifi\u00e9 Qualiopi, la soci\u00e9t\u00e9 COSQUER vous propose trois niveaux de formations dans le domaine du traitement de surface.","og_url":"https:\/\/cosquer.fr\/en\/les-formations-dans-le-domaines-en-traitement-de-surface\/","og_site_name":"Cosquer Sautron","article_modified_time":"2023-11-21T15:38:25+00:00","og_image":[{"url":"https:\/\/cosquer.fr\/wp-content\/uploads\/2022\/11\/logo-qualiopi-e1667898277532-300x212.png","type":"","width":"","height":""}],"twitter_card":"summary_large_image","twitter_misc":{"Est. reading time":"1 minute"},"schema":{"@context":"https:\/\/schema.org","@graph":[{"@type":"WebPage","@id":"https:\/\/cosquer.fr\/les-formations-dans-le-domaines-en-traitement-de-surface\/","url":"https:\/\/cosquer.fr\/les-formations-dans-le-domaines-en-traitement-de-surface\/","name":"Les Formations - Cosquer Sautron","isPartOf":{"@id":"https:\/\/cosquer.fr\/#website"},"primaryImageOfPage":{"@id":"https:\/\/cosquer.fr\/les-formations-dans-le-domaines-en-traitement-de-surface\/#primaryimage"},"image":{"@id":"https:\/\/cosquer.fr\/les-formations-dans-le-domaines-en-traitement-de-surface\/#primaryimage"},"thumbnailUrl":"https:\/\/cosquer.fr\/wp-content\/uploads\/2022\/11\/logo-qualiopi-e1667898277532-300x212.png","datePublished":"2021-12-08T09:08:07+00:00","dateModified":"2023-11-21T15:38:25+00:00","description":"Certifi\u00e9 Qualiopi, la soci\u00e9t\u00e9 COSQUER vous propose trois niveaux de formations dans le domaine du traitement de surface.","breadcrumb":{"@id":"https:\/\/cosquer.fr\/les-formations-dans-le-domaines-en-traitement-de-surface\/#breadcrumb"},"inLanguage":"en-US","potentialAction":[{"@type":"ReadAction","target":["https:\/\/cosquer.fr\/les-formations-dans-le-domaines-en-traitement-de-surface\/"]}]},{"@type":"ImageObject","inLanguage":"en-US","@id":"https:\/\/cosquer.fr\/les-formations-dans-le-domaines-en-traitement-de-surface\/#primaryimage","url":"https:\/\/cosquer.fr\/wp-content\/uploads\/2022\/11\/logo-qualiopi-e1667898277532-300x212.png","contentUrl":"https:\/\/cosquer.fr\/wp-content\/uploads\/2022\/11\/logo-qualiopi-e1667898277532-300x212.png"},{"@type":"BreadcrumbList","@id":"https:\/\/cosquer.fr\/les-formations-dans-le-domaines-en-traitement-de-surface\/#breadcrumb","itemListElement":[{"@type":"ListItem","position":1,"name":"Accueil","item":"https:\/\/cosquer.fr\/"},{"@type":"ListItem","position":2,"name":"Les Formations"}]},{"@type":"WebSite","@id":"https:\/\/cosquer.fr\/#website","url":"https:\/\/cosquer.fr\/","name":"Cosquer Sautron","description":"Traitement de surfaces","publisher":{"@id":"https:\/\/cosquer.fr\/#organization"},"potentialAction":[{"@type":"SearchAction","target":{"@type":"EntryPoint","urlTemplate":"https:\/\/cosquer.fr\/?s={search_term_string}"},"query-input":{"@type":"PropertyValueSpecification","valueRequired":true,"valueName":"search_term_string"}}],"inLanguage":"en-US"},{"@type":"Organization","@id":"https:\/\/cosquer.fr\/#organization","name":"Cosquer - Traitement de surface, parach\u00e8vement m\u00e9canique","url":"https:\/\/cosquer.fr\/","logo":{"@type":"ImageObject","inLanguage":"en-US","@id":"https:\/\/cosquer.fr\/#\/schema\/logo\/image\/","url":"https:\/\/cosquer.fr\/wp-content\/uploads\/2021\/05\/Atelier-Cosquer-a-Sautron-44.jpg","contentUrl":"https:\/\/cosquer.fr\/wp-content\/uploads\/2021\/05\/Atelier-Cosquer-a-Sautron-44.jpg","width":1920,"height":940,"caption":"Cosquer - Traitement de surface, parach\u00e8vement m\u00e9canique"},"image":{"@id":"https:\/\/cosquer.fr\/#\/schema\/logo\/image\/"}}]}},"_links":{"self":[{"href":"https:\/\/cosquer.fr\/en\/wp-json\/wp\/v2\/pages\/493","targetHints":{"allow":["GET"]}}],"collection":[{"href":"https:\/\/cosquer.fr\/en\/wp-json\/wp\/v2\/pages"}],"about":[{"href":"https:\/\/cosquer.fr\/en\/wp-json\/wp\/v2\/types\/page"}],"author":[{"embeddable":true,"href":"https:\/\/cosquer.fr\/en\/wp-json\/wp\/v2\/users\/1"}],"replies":[{"embeddable":true,"href":"https:\/\/cosquer.fr\/en\/wp-json\/wp\/v2\/comments?post=493"}],"version-history":[{"count":10,"href":"https:\/\/cosquer.fr\/en\/wp-json\/wp\/v2\/pages\/493\/revisions"}],"predecessor-version":[{"id":991,"href":"https:\/\/cosquer.fr\/en\/wp-json\/wp\/v2\/pages\/493\/revisions\/991"}],"wp:attachment":[{"href":"https:\/\/cosquer.fr\/en\/wp-json\/wp\/v2\/media?parent=493"}],"curies":[{"name":"wp","href":"https:\/\/api.w.org\/{rel}","templated":true}]}}