{"id":482,"date":"2021-12-08T09:57:05","date_gmt":"2021-12-08T08:57:05","guid":{"rendered":"https:\/\/cosquer.fr\/?page_id=482"},"modified":"2023-09-29T13:57:15","modified_gmt":"2023-09-29T11:57:15","slug":"traitement-de-surface","status":"publish","type":"page","link":"https:\/\/cosquer.fr\/en\/traitement-de-surface\/","title":{"rendered":"Traitement de surface"},"content":{"rendered":"<section class=\"l-section wpb_row height_huge with_img\"><div class=\"l-section-img\" role=\"img\" aria-label=\"St\u00e9 Cosquer traitement de surface\" data-img-width=\"1920\" data-img-height=\"940\" style=\"background-image: url(https:\/\/cosquer.fr\/wp-content\/uploads\/2021\/03\/Bandeau-Ste-Cosquer-traitement-de-surface.jpg);\"><\/div><div class=\"l-section-h i-cf\"><div class=\"g-cols vc_row via_flex valign_top type_default stacking_default\"><div class=\"vc_col-sm-12 wpb_column vc_column_container\"><div class=\"vc_column-inner\"><div class=\"wpb_wrapper\"><div class=\"w-separator size_huge\"><\/div><\/div><\/div><\/div><\/div><\/div><\/section><section class=\"l-section wpb_row us_custom_85ff217e height_large\"><div class=\"l-section-h i-cf\"><div class=\"g-cols vc_row via_flex valign_top type_default stacking_default\"><div class=\"vc_col-sm-12 wpb_column vc_column_container has_bg_color\"><div class=\"vc_column-inner us_custom_e7ab06ed\"><div class=\"wpb_wrapper\"><div class=\"w-image us_custom_60d35a4b align_none\"><div class=\"w-image-h\"><img decoding=\"async\" width=\"21\" height=\"21\" src=\"https:\/\/cosquer.fr\/wp-content\/uploads\/2021\/03\/Calque-lt.png\" class=\"attachment-large size-large\" alt=\"\" loading=\"lazy\" \/><\/div><\/div><div class=\"w-image us_custom_dddc58af align_none\"><div class=\"w-image-h\"><img decoding=\"async\" width=\"21\" height=\"21\" src=\"https:\/\/cosquer.fr\/wp-content\/uploads\/2021\/03\/Calque-rt.png\" class=\"attachment-large size-large\" alt=\"\" loading=\"lazy\" \/><\/div><\/div><div class=\"wpb_text_column us_custom_eb849559\"><div class=\"wpb_wrapper\"><h1>Traitement de surface<\/h1>\n<\/div><\/div><div class=\"wpb_text_column us_custom_15bfd543\"><div class=\"wpb_wrapper\"><div class=\"row-fluid\">\n<h2 style=\"text-align: center\">St\u00e9 Cosquer sp\u00e9cialiste en parach\u00e8vement m\u00e9canique<\/h2>\n<\/div>\n<\/div><\/div><div class=\"w-image us_custom_de366d1c logo us_animate_this align_center\"><div class=\"w-image-h\"><img decoding=\"async\" width=\"656\" height=\"524\" src=\"https:\/\/cosquer.fr\/wp-content\/uploads\/2021\/12\/polissage-mecanique-02.jpg\" class=\"attachment-full size-full\" alt=\"\" loading=\"lazy\" srcset=\"https:\/\/cosquer.fr\/wp-content\/uploads\/2021\/12\/polissage-mecanique-02.jpg 656w, https:\/\/cosquer.fr\/wp-content\/uploads\/2021\/12\/polissage-mecanique-02-300x240.jpg 300w, https:\/\/cosquer.fr\/wp-content\/uploads\/2021\/12\/polissage-mecanique-02-15x12.jpg 15w, https:\/\/cosquer.fr\/wp-content\/uploads\/2021\/12\/polissage-mecanique-02-600x479.jpg 600w\" sizes=\"auto, (max-width: 656px) 100vw, 656px\" \/><\/div><\/div><div class=\"w-separator size_medium\"><\/div><div class=\"g-cols wpb_row via_flex valign_middle type_default stacking_default\"><div class=\"vc_col-sm-2 wpb_column vc_column_container\"><div class=\"vc_column-inner\"><div class=\"wpb_wrapper\"><div class=\"w-image us_custom_a39797a2 align_center\"><div class=\"w-image-h\"><img decoding=\"async\" width=\"129\" height=\"102\" src=\"https:\/\/cosquer.fr\/wp-content\/uploads\/2021\/03\/Deco.png\" class=\"attachment-large size-large\" alt=\"\" loading=\"lazy\" \/><\/div><\/div><\/div><\/div><\/div><div class=\"vc_col-sm-10 wpb_column vc_column_container\"><div class=\"vc_column-inner\"><div class=\"wpb_wrapper\"><div class=\"wpb_text_column us_custom_15bfd543\"><div class=\"wpb_wrapper\"><div class=\"row-fluid\">\n<p>30 ans d\u2019exp\u00e9rience en parach\u00e8vement m\u00e9canique permettent \u00e0 la soci\u00e9t\u00e9 Cosquer de r\u00e9pondre \u00e0 vos besoins techniques de finition. De la mise au point de gamme jusqu\u2019\u00e0 l\u2019int\u00e9gration en neuf ou occasion, nous saurons vous apporter l\u2019expertise sur nos proc\u00e9d\u00e9s.<\/p>\n<p>Tribofinition, Projection ou Polissage, la soci\u00e9t\u00e9 Cosquer vous propose de la formation professionnelle afin d\u2019\u00eatre encore plus comp\u00e9titif sur vos march\u00e9s ! Prise en charge par votre OPCA, elle vous permet d\u2019impliquer vos op\u00e9rateurs tout en augmentant votre ma\u00eetrise des outils.<\/p>\n<\/div>\n<\/div><\/div><div class=\"wpb_text_column us_custom_15bfd543\"><div class=\"wpb_wrapper\"><div class=\"row-fluid\">\n<p>N\u2019oubliez pas de consulter la rubrique<strong>\u00a0\u00ab\u00a0<a title=\"Infos OPCA\" href=\"http:\/\/www.emploi.gouv.fr\/acteurs\/opca-opacif\" target=\"_blank\" rel=\"noopener\">Infos OPCA<\/a>\u00ab\u00a0<\/strong>pour conna\u00eetre vos droits.\u00a0<a href=\"http:\/\/www.emploi.gouv.fr\/acteurs\/opca-opacif\" target=\"_blank\" rel=\"noopener\">OPCA\u00a0sur emploi.gouv<\/a><\/p>\n<\/div>\n<\/div><\/div><\/div><\/div><\/div><\/div><div class=\"w-separator size_medium\"><\/div><div class=\"w-image us_custom_a04e5b6b align_none\"><div class=\"w-image-h\"><img decoding=\"async\" width=\"21\" height=\"21\" src=\"https:\/\/cosquer.fr\/wp-content\/uploads\/2021\/03\/Calque-lb.png\" class=\"attachment-large size-large\" alt=\"\" loading=\"lazy\" \/><\/div><\/div><div class=\"w-image us_custom_c2685eb8 align_none\"><div class=\"w-image-h\"><img decoding=\"async\" width=\"21\" height=\"21\" src=\"https:\/\/cosquer.fr\/wp-content\/uploads\/2021\/03\/Calque-rb.png\" class=\"attachment-large size-large\" alt=\"\" loading=\"lazy\" \/><\/div><\/div><\/div><\/div><\/div><\/div><\/div><\/section><section class=\"l-section wpb_row height_auto\"><div class=\"l-section-h i-cf\"><div class=\"g-cols vc_row via_flex valign_top type_default stacking_default\"><div class=\"vc_col-sm-12 wpb_column vc_column_container\"><div class=\"vc_column-inner\"><div class=\"wpb_wrapper\"><div class=\"wpb_text_column us_custom_eb849559\"><div class=\"wpb_wrapper\"><h2><span style=\"color: #242424\">ILS NOUS ONT <\/span>FAIT CONFIANCE<\/h2>\n<\/div><\/div><div class=\"w-separator size_medium\"><\/div><div class=\"g-cols wpb_row via_flex valign_top type_default stacking_default\"><div class=\"vc_col-sm-12 wpb_column vc_column_container us_animate_fade\" style=\"animation-delay:0.4s\"><div class=\"vc_column-inner\"><div class=\"wpb_wrapper\"><div class=\"w-image us_custom_3e9d1bc9 logo us_animate_this align_center\"><div class=\"w-image-h\"><img decoding=\"async\" width=\"690\" height=\"300\" src=\"https:\/\/cosquer.fr\/wp-content\/uploads\/2021\/12\/clients.jpg\" class=\"attachment-full size-full\" alt=\"\" loading=\"lazy\" srcset=\"https:\/\/cosquer.fr\/wp-content\/uploads\/2021\/12\/clients.jpg 690w, https:\/\/cosquer.fr\/wp-content\/uploads\/2021\/12\/clients-300x130.jpg 300w, https:\/\/cosquer.fr\/wp-content\/uploads\/2021\/12\/clients-18x8.jpg 18w, https:\/\/cosquer.fr\/wp-content\/uploads\/2021\/12\/clients-600x261.jpg 600w\" sizes=\"auto, (max-width: 690px) 100vw, 690px\" \/><\/div><\/div><\/div><\/div><\/div><\/div><div class=\"w-separator size_large\"><\/div><div class=\"g-cols wpb_row via_flex valign_middle type_default stacking_default\"><div class=\"vc_col-sm-12 wpb_column vc_column_container\"><div class=\"vc_column-inner\"><div class=\"wpb_wrapper\"><div class=\"w-image us_custom_3e9d1bc9 logo us_animate_this align_center\"><div class=\"w-image-h\"><img decoding=\"async\" width=\"690\" height=\"131\" src=\"https:\/\/cosquer.fr\/wp-content\/uploads\/2021\/12\/traitements.jpg\" class=\"attachment-full size-full\" alt=\"\" loading=\"lazy\" srcset=\"https:\/\/cosquer.fr\/wp-content\/uploads\/2021\/12\/traitements.jpg 690w, https:\/\/cosquer.fr\/wp-content\/uploads\/2021\/12\/traitements-300x57.jpg 300w, https:\/\/cosquer.fr\/wp-content\/uploads\/2021\/12\/traitements-18x3.jpg 18w, https:\/\/cosquer.fr\/wp-content\/uploads\/2021\/12\/traitements-600x114.jpg 600w\" sizes=\"auto, (max-width: 690px) 100vw, 690px\" \/><\/div><\/div><\/div><\/div><\/div><\/div><div class=\"w-separator size_medium\"><\/div><div class=\"w-separator size_medium\"><\/div><div class=\"w-separator size_large\"><\/div><\/div><\/div><\/div><\/div><\/div><\/section>","protected":false},"excerpt":{"rendered":"Traitement de surface St\u00e9 Cosquer sp\u00e9cialiste en parach\u00e8vement m\u00e9canique 30 ans d\u2019exp\u00e9rience en parach\u00e8vement m\u00e9canique permettent \u00e0 la soci\u00e9t\u00e9 Cosquer de r\u00e9pondre \u00e0 vos besoins techniques de finition. De la mise au point de gamme jusqu\u2019\u00e0 l\u2019int\u00e9gration en neuf ou occasion, nous saurons vous apporter l\u2019expertise sur nos proc\u00e9d\u00e9s. Tribofinition, Projection ou Polissage, la soci\u00e9t\u00e9...","protected":false},"author":1,"featured_media":0,"parent":0,"menu_order":0,"comment_status":"closed","ping_status":"closed","template":"","meta":{"footnotes":""},"class_list":["post-482","page","type-page","status-publish","hentry"],"yoast_head":"<!-- This site is optimized with the Yoast SEO plugin v27.4 - https:\/\/yoast.com\/product\/yoast-seo-wordpress\/ -->\n<title>Traitement de surface - Cosquer Sautron<\/title>\n<meta name=\"description\" content=\"Avec 30 ans d&#039;expertise en traitement de surface, COSQUER assure votre finition technique, de la conception \u00e0 l&#039;int\u00e9gration.\" \/>\n<meta name=\"robots\" content=\"index, follow, max-snippet:-1, max-image-preview:large, max-video-preview:-1\" \/>\n<link rel=\"canonical\" href=\"https:\/\/cosquer.fr\/en\/traitement-de-surface\/\" \/>\n<meta property=\"og:locale\" content=\"en_US\" \/>\n<meta property=\"og:type\" content=\"article\" \/>\n<meta property=\"og:title\" content=\"Traitement de surface - Cosquer Sautron\" \/>\n<meta property=\"og:description\" content=\"Avec 30 ans d&#039;expertise en traitement de surface, COSQUER assure votre finition technique, de la conception \u00e0 l&#039;int\u00e9gration.\" \/>\n<meta property=\"og:url\" content=\"https:\/\/cosquer.fr\/en\/traitement-de-surface\/\" \/>\n<meta property=\"og:site_name\" content=\"Cosquer Sautron\" \/>\n<meta property=\"article:modified_time\" content=\"2023-09-29T11:57:15+00:00\" \/>\n<meta name=\"twitter:card\" content=\"summary_large_image\" \/>\n<meta name=\"twitter:label1\" content=\"Est. reading time\" \/>\n\t<meta name=\"twitter:data1\" content=\"1 minute\" \/>\n<script type=\"application\/ld+json\" class=\"yoast-schema-graph\">{\"@context\":\"https:\\\/\\\/schema.org\",\"@graph\":[{\"@type\":\"WebPage\",\"@id\":\"https:\\\/\\\/cosquer.fr\\\/traitement-de-surface\\\/\",\"url\":\"https:\\\/\\\/cosquer.fr\\\/traitement-de-surface\\\/\",\"name\":\"Traitement de surface - Cosquer Sautron\",\"isPartOf\":{\"@id\":\"https:\\\/\\\/cosquer.fr\\\/#website\"},\"datePublished\":\"2021-12-08T08:57:05+00:00\",\"dateModified\":\"2023-09-29T11:57:15+00:00\",\"description\":\"Avec 30 ans d'expertise en traitement de surface, COSQUER assure votre finition technique, de la conception \u00e0 l'int\u00e9gration.\",\"breadcrumb\":{\"@id\":\"https:\\\/\\\/cosquer.fr\\\/traitement-de-surface\\\/#breadcrumb\"},\"inLanguage\":\"en-US\",\"potentialAction\":[{\"@type\":\"ReadAction\",\"target\":[\"https:\\\/\\\/cosquer.fr\\\/traitement-de-surface\\\/\"]}]},{\"@type\":\"BreadcrumbList\",\"@id\":\"https:\\\/\\\/cosquer.fr\\\/traitement-de-surface\\\/#breadcrumb\",\"itemListElement\":[{\"@type\":\"ListItem\",\"position\":1,\"name\":\"Accueil\",\"item\":\"https:\\\/\\\/cosquer.fr\\\/\"},{\"@type\":\"ListItem\",\"position\":2,\"name\":\"Traitement de surface\"}]},{\"@type\":\"WebSite\",\"@id\":\"https:\\\/\\\/cosquer.fr\\\/#website\",\"url\":\"https:\\\/\\\/cosquer.fr\\\/\",\"name\":\"Cosquer Sautron\",\"description\":\"Traitement de surfaces\",\"publisher\":{\"@id\":\"https:\\\/\\\/cosquer.fr\\\/#organization\"},\"potentialAction\":[{\"@type\":\"SearchAction\",\"target\":{\"@type\":\"EntryPoint\",\"urlTemplate\":\"https:\\\/\\\/cosquer.fr\\\/?s={search_term_string}\"},\"query-input\":{\"@type\":\"PropertyValueSpecification\",\"valueRequired\":true,\"valueName\":\"search_term_string\"}}],\"inLanguage\":\"en-US\"},{\"@type\":\"Organization\",\"@id\":\"https:\\\/\\\/cosquer.fr\\\/#organization\",\"name\":\"Cosquer - Traitement de surface, parach\u00e8vement m\u00e9canique\",\"url\":\"https:\\\/\\\/cosquer.fr\\\/\",\"logo\":{\"@type\":\"ImageObject\",\"inLanguage\":\"en-US\",\"@id\":\"https:\\\/\\\/cosquer.fr\\\/#\\\/schema\\\/logo\\\/image\\\/\",\"url\":\"https:\\\/\\\/cosquer.fr\\\/wp-content\\\/uploads\\\/2021\\\/05\\\/Atelier-Cosquer-a-Sautron-44.jpg\",\"contentUrl\":\"https:\\\/\\\/cosquer.fr\\\/wp-content\\\/uploads\\\/2021\\\/05\\\/Atelier-Cosquer-a-Sautron-44.jpg\",\"width\":1920,\"height\":940,\"caption\":\"Cosquer - Traitement de surface, parach\u00e8vement m\u00e9canique\"},\"image\":{\"@id\":\"https:\\\/\\\/cosquer.fr\\\/#\\\/schema\\\/logo\\\/image\\\/\"}}]}<\/script>\n<!-- \/ Yoast SEO plugin. -->","yoast_head_json":{"title":"Traitement de surface - Cosquer Sautron","description":"Avec 30 ans d'expertise en traitement de surface, COSQUER assure votre finition technique, de la conception \u00e0 l'int\u00e9gration.","robots":{"index":"index","follow":"follow","max-snippet":"max-snippet:-1","max-image-preview":"max-image-preview:large","max-video-preview":"max-video-preview:-1"},"canonical":"https:\/\/cosquer.fr\/en\/traitement-de-surface\/","og_locale":"en_US","og_type":"article","og_title":"Traitement de surface - Cosquer Sautron","og_description":"Avec 30 ans d'expertise en traitement de surface, COSQUER assure votre finition technique, de la conception \u00e0 l'int\u00e9gration.","og_url":"https:\/\/cosquer.fr\/en\/traitement-de-surface\/","og_site_name":"Cosquer Sautron","article_modified_time":"2023-09-29T11:57:15+00:00","twitter_card":"summary_large_image","twitter_misc":{"Est. reading time":"1 minute"},"schema":{"@context":"https:\/\/schema.org","@graph":[{"@type":"WebPage","@id":"https:\/\/cosquer.fr\/traitement-de-surface\/","url":"https:\/\/cosquer.fr\/traitement-de-surface\/","name":"Traitement de surface - Cosquer Sautron","isPartOf":{"@id":"https:\/\/cosquer.fr\/#website"},"datePublished":"2021-12-08T08:57:05+00:00","dateModified":"2023-09-29T11:57:15+00:00","description":"Avec 30 ans d'expertise en traitement de surface, COSQUER assure votre finition technique, de la conception \u00e0 l'int\u00e9gration.","breadcrumb":{"@id":"https:\/\/cosquer.fr\/traitement-de-surface\/#breadcrumb"},"inLanguage":"en-US","potentialAction":[{"@type":"ReadAction","target":["https:\/\/cosquer.fr\/traitement-de-surface\/"]}]},{"@type":"BreadcrumbList","@id":"https:\/\/cosquer.fr\/traitement-de-surface\/#breadcrumb","itemListElement":[{"@type":"ListItem","position":1,"name":"Accueil","item":"https:\/\/cosquer.fr\/"},{"@type":"ListItem","position":2,"name":"Traitement de surface"}]},{"@type":"WebSite","@id":"https:\/\/cosquer.fr\/#website","url":"https:\/\/cosquer.fr\/","name":"Cosquer Sautron","description":"Traitement de surfaces","publisher":{"@id":"https:\/\/cosquer.fr\/#organization"},"potentialAction":[{"@type":"SearchAction","target":{"@type":"EntryPoint","urlTemplate":"https:\/\/cosquer.fr\/?s={search_term_string}"},"query-input":{"@type":"PropertyValueSpecification","valueRequired":true,"valueName":"search_term_string"}}],"inLanguage":"en-US"},{"@type":"Organization","@id":"https:\/\/cosquer.fr\/#organization","name":"Cosquer - Traitement de surface, parach\u00e8vement m\u00e9canique","url":"https:\/\/cosquer.fr\/","logo":{"@type":"ImageObject","inLanguage":"en-US","@id":"https:\/\/cosquer.fr\/#\/schema\/logo\/image\/","url":"https:\/\/cosquer.fr\/wp-content\/uploads\/2021\/05\/Atelier-Cosquer-a-Sautron-44.jpg","contentUrl":"https:\/\/cosquer.fr\/wp-content\/uploads\/2021\/05\/Atelier-Cosquer-a-Sautron-44.jpg","width":1920,"height":940,"caption":"Cosquer - Traitement de surface, parach\u00e8vement m\u00e9canique"},"image":{"@id":"https:\/\/cosquer.fr\/#\/schema\/logo\/image\/"}}]}},"_links":{"self":[{"href":"https:\/\/cosquer.fr\/en\/wp-json\/wp\/v2\/pages\/482","targetHints":{"allow":["GET"]}}],"collection":[{"href":"https:\/\/cosquer.fr\/en\/wp-json\/wp\/v2\/pages"}],"about":[{"href":"https:\/\/cosquer.fr\/en\/wp-json\/wp\/v2\/types\/page"}],"author":[{"embeddable":true,"href":"https:\/\/cosquer.fr\/en\/wp-json\/wp\/v2\/users\/1"}],"replies":[{"embeddable":true,"href":"https:\/\/cosquer.fr\/en\/wp-json\/wp\/v2\/comments?post=482"}],"version-history":[{"count":6,"href":"https:\/\/cosquer.fr\/en\/wp-json\/wp\/v2\/pages\/482\/revisions"}],"predecessor-version":[{"id":893,"href":"https:\/\/cosquer.fr\/en\/wp-json\/wp\/v2\/pages\/482\/revisions\/893"}],"wp:attachment":[{"href":"https:\/\/cosquer.fr\/en\/wp-json\/wp\/v2\/media?parent=482"}],"curies":[{"name":"wp","href":"https:\/\/api.w.org\/{rel}","templated":true}]}}