{"id":382,"date":"2021-03-03T18:33:03","date_gmt":"2021-03-03T17:33:03","guid":{"rendered":"https:\/\/cosquer.fr\/?page_id=382"},"modified":"2021-03-03T18:33:36","modified_gmt":"2021-03-03T17:33:36","slug":"conditions-generales-de-vente","status":"publish","type":"page","link":"https:\/\/cosquer.fr\/en\/conditions-generales-de-vente\/","title":{"rendered":"Conditions g\u00e9n\u00e9rales de vente"},"content":{"rendered":"<section class=\"l-section wpb_row height_medium\"><div class=\"l-section-h i-cf\"><div class=\"g-cols vc_row via_flex valign_top type_default stacking_default\"><div class=\"vc_col-sm-12 wpb_column vc_column_container\"><div class=\"vc_column-inner\"><div class=\"wpb_wrapper\"><div class=\"w-separator size_large\"><\/div><\/div><\/div><\/div><\/div><\/div><\/section>Conditions g\u00e9n\u00e9rales de vente<\/p>","protected":false},"excerpt":{"rendered":"<p>Conditions g\u00e9n\u00e9rales de vente<\/p>","protected":false},"author":1,"featured_media":0,"parent":0,"menu_order":170,"comment_status":"closed","ping_status":"closed","template":"","meta":{"footnotes":""},"class_list":["post-382","page","type-page","status-publish","hentry"],"yoast_head":"<!-- This site is optimized with the Yoast SEO plugin v27.4 - https:\/\/yoast.com\/product\/yoast-seo-wordpress\/ -->\n<title>Conditions g\u00e9n\u00e9rales de vente - Cosquer Sautron<\/title>\n<meta name=\"robots\" content=\"index, follow, max-snippet:-1, max-image-preview:large, max-video-preview:-1\" \/>\n<link rel=\"canonical\" href=\"https:\/\/cosquer.fr\/en\/conditions-generales-de-vente\/\" \/>\n<meta property=\"og:locale\" content=\"en_US\" \/>\n<meta property=\"og:type\" content=\"article\" \/>\n<meta property=\"og:title\" content=\"Conditions g\u00e9n\u00e9rales de vente - Cosquer Sautron\" \/>\n<meta property=\"og:description\" content=\"Conditions g\u00e9n\u00e9rales de vente\" \/>\n<meta property=\"og:url\" content=\"https:\/\/cosquer.fr\/en\/conditions-generales-de-vente\/\" \/>\n<meta property=\"og:site_name\" content=\"Cosquer Sautron\" \/>\n<meta property=\"article:modified_time\" content=\"2021-03-03T17:33:36+00:00\" \/>\n<meta name=\"twitter:card\" content=\"summary_large_image\" \/>\n<script type=\"application\/ld+json\" class=\"yoast-schema-graph\">{\"@context\":\"https:\\\/\\\/schema.org\",\"@graph\":[{\"@type\":\"WebPage\",\"@id\":\"https:\\\/\\\/cosquer.fr\\\/conditions-generales-de-vente\\\/\",\"url\":\"https:\\\/\\\/cosquer.fr\\\/conditions-generales-de-vente\\\/\",\"name\":\"Conditions g\u00e9n\u00e9rales de vente - Cosquer Sautron\",\"isPartOf\":{\"@id\":\"https:\\\/\\\/cosquer.fr\\\/#website\"},\"datePublished\":\"2021-03-03T17:33:03+00:00\",\"dateModified\":\"2021-03-03T17:33:36+00:00\",\"breadcrumb\":{\"@id\":\"https:\\\/\\\/cosquer.fr\\\/conditions-generales-de-vente\\\/#breadcrumb\"},\"inLanguage\":\"en-US\",\"potentialAction\":[{\"@type\":\"ReadAction\",\"target\":[\"https:\\\/\\\/cosquer.fr\\\/conditions-generales-de-vente\\\/\"]}]},{\"@type\":\"BreadcrumbList\",\"@id\":\"https:\\\/\\\/cosquer.fr\\\/conditions-generales-de-vente\\\/#breadcrumb\",\"itemListElement\":[{\"@type\":\"ListItem\",\"position\":1,\"name\":\"Accueil\",\"item\":\"https:\\\/\\\/cosquer.fr\\\/\"},{\"@type\":\"ListItem\",\"position\":2,\"name\":\"Conditions g\u00e9n\u00e9rales de vente\"}]},{\"@type\":\"WebSite\",\"@id\":\"https:\\\/\\\/cosquer.fr\\\/#website\",\"url\":\"https:\\\/\\\/cosquer.fr\\\/\",\"name\":\"Cosquer Sautron\",\"description\":\"Traitement de surfaces\",\"publisher\":{\"@id\":\"https:\\\/\\\/cosquer.fr\\\/#organization\"},\"potentialAction\":[{\"@type\":\"SearchAction\",\"target\":{\"@type\":\"EntryPoint\",\"urlTemplate\":\"https:\\\/\\\/cosquer.fr\\\/?s={search_term_string}\"},\"query-input\":{\"@type\":\"PropertyValueSpecification\",\"valueRequired\":true,\"valueName\":\"search_term_string\"}}],\"inLanguage\":\"en-US\"},{\"@type\":\"Organization\",\"@id\":\"https:\\\/\\\/cosquer.fr\\\/#organization\",\"name\":\"Cosquer - Traitement de surface, parach\u00e8vement m\u00e9canique\",\"url\":\"https:\\\/\\\/cosquer.fr\\\/\",\"logo\":{\"@type\":\"ImageObject\",\"inLanguage\":\"en-US\",\"@id\":\"https:\\\/\\\/cosquer.fr\\\/#\\\/schema\\\/logo\\\/image\\\/\",\"url\":\"https:\\\/\\\/cosquer.fr\\\/wp-content\\\/uploads\\\/2021\\\/05\\\/Atelier-Cosquer-a-Sautron-44.jpg\",\"contentUrl\":\"https:\\\/\\\/cosquer.fr\\\/wp-content\\\/uploads\\\/2021\\\/05\\\/Atelier-Cosquer-a-Sautron-44.jpg\",\"width\":1920,\"height\":940,\"caption\":\"Cosquer - Traitement de surface, parach\u00e8vement m\u00e9canique\"},\"image\":{\"@id\":\"https:\\\/\\\/cosquer.fr\\\/#\\\/schema\\\/logo\\\/image\\\/\"}}]}<\/script>\n<!-- \/ Yoast SEO plugin. -->","yoast_head_json":{"title":"Conditions g\u00e9n\u00e9rales de vente - Cosquer Sautron","robots":{"index":"index","follow":"follow","max-snippet":"max-snippet:-1","max-image-preview":"max-image-preview:large","max-video-preview":"max-video-preview:-1"},"canonical":"https:\/\/cosquer.fr\/en\/conditions-generales-de-vente\/","og_locale":"en_US","og_type":"article","og_title":"Conditions g\u00e9n\u00e9rales de vente - Cosquer Sautron","og_description":"Conditions g\u00e9n\u00e9rales de vente","og_url":"https:\/\/cosquer.fr\/en\/conditions-generales-de-vente\/","og_site_name":"Cosquer Sautron","article_modified_time":"2021-03-03T17:33:36+00:00","twitter_card":"summary_large_image","schema":{"@context":"https:\/\/schema.org","@graph":[{"@type":"WebPage","@id":"https:\/\/cosquer.fr\/conditions-generales-de-vente\/","url":"https:\/\/cosquer.fr\/conditions-generales-de-vente\/","name":"Conditions g\u00e9n\u00e9rales de vente - Cosquer Sautron","isPartOf":{"@id":"https:\/\/cosquer.fr\/#website"},"datePublished":"2021-03-03T17:33:03+00:00","dateModified":"2021-03-03T17:33:36+00:00","breadcrumb":{"@id":"https:\/\/cosquer.fr\/conditions-generales-de-vente\/#breadcrumb"},"inLanguage":"en-US","potentialAction":[{"@type":"ReadAction","target":["https:\/\/cosquer.fr\/conditions-generales-de-vente\/"]}]},{"@type":"BreadcrumbList","@id":"https:\/\/cosquer.fr\/conditions-generales-de-vente\/#breadcrumb","itemListElement":[{"@type":"ListItem","position":1,"name":"Accueil","item":"https:\/\/cosquer.fr\/"},{"@type":"ListItem","position":2,"name":"Conditions g\u00e9n\u00e9rales de vente"}]},{"@type":"WebSite","@id":"https:\/\/cosquer.fr\/#website","url":"https:\/\/cosquer.fr\/","name":"Cosquer Sautron","description":"Traitement de surfaces","publisher":{"@id":"https:\/\/cosquer.fr\/#organization"},"potentialAction":[{"@type":"SearchAction","target":{"@type":"EntryPoint","urlTemplate":"https:\/\/cosquer.fr\/?s={search_term_string}"},"query-input":{"@type":"PropertyValueSpecification","valueRequired":true,"valueName":"search_term_string"}}],"inLanguage":"en-US"},{"@type":"Organization","@id":"https:\/\/cosquer.fr\/#organization","name":"Cosquer - Traitement de surface, parach\u00e8vement m\u00e9canique","url":"https:\/\/cosquer.fr\/","logo":{"@type":"ImageObject","inLanguage":"en-US","@id":"https:\/\/cosquer.fr\/#\/schema\/logo\/image\/","url":"https:\/\/cosquer.fr\/wp-content\/uploads\/2021\/05\/Atelier-Cosquer-a-Sautron-44.jpg","contentUrl":"https:\/\/cosquer.fr\/wp-content\/uploads\/2021\/05\/Atelier-Cosquer-a-Sautron-44.jpg","width":1920,"height":940,"caption":"Cosquer - Traitement de surface, parach\u00e8vement m\u00e9canique"},"image":{"@id":"https:\/\/cosquer.fr\/#\/schema\/logo\/image\/"}}]}},"_links":{"self":[{"href":"https:\/\/cosquer.fr\/en\/wp-json\/wp\/v2\/pages\/382","targetHints":{"allow":["GET"]}}],"collection":[{"href":"https:\/\/cosquer.fr\/en\/wp-json\/wp\/v2\/pages"}],"about":[{"href":"https:\/\/cosquer.fr\/en\/wp-json\/wp\/v2\/types\/page"}],"author":[{"embeddable":true,"href":"https:\/\/cosquer.fr\/en\/wp-json\/wp\/v2\/users\/1"}],"replies":[{"embeddable":true,"href":"https:\/\/cosquer.fr\/en\/wp-json\/wp\/v2\/comments?post=382"}],"version-history":[{"count":2,"href":"https:\/\/cosquer.fr\/en\/wp-json\/wp\/v2\/pages\/382\/revisions"}],"predecessor-version":[{"id":385,"href":"https:\/\/cosquer.fr\/en\/wp-json\/wp\/v2\/pages\/382\/revisions\/385"}],"wp:attachment":[{"href":"https:\/\/cosquer.fr\/en\/wp-json\/wp\/v2\/media?parent=382"}],"curies":[{"name":"wp","href":"https:\/\/api.w.org\/{rel}","templated":true}]}}