{"id":324,"date":"2021-03-03T17:39:53","date_gmt":"2021-03-03T16:39:53","guid":{"rendered":"https:\/\/cosquer.fr\/?page_id=324"},"modified":"2023-10-09T14:08:55","modified_gmt":"2023-10-09T12:08:55","slug":"ajustage-sur-tous-materiaux-par-cosquer-sautron","status":"publish","type":"page","link":"https:\/\/cosquer.fr\/en\/ajustage-sur-tous-materiaux-par-cosquer-sautron\/","title":{"rendered":"Ajustage"},"content":{"rendered":"<section class=\"l-section wpb_row height_huge with_img\"><div class=\"l-section-img\" role=\"img\" aria-label=\"St\u00e9 Cosquer traitement de surface\" data-img-width=\"1920\" data-img-height=\"940\" style=\"background-image: url(https:\/\/cosquer.fr\/wp-content\/uploads\/2021\/03\/Bandeau-Ste-Cosquer-traitement-de-surface.jpg);\"><\/div><div class=\"l-section-h i-cf\"><div class=\"g-cols vc_row via_flex valign_top type_default stacking_default\"><div class=\"vc_col-sm-12 wpb_column vc_column_container\"><div class=\"vc_column-inner\"><div class=\"wpb_wrapper\"><div class=\"w-separator size_huge\"><\/div><\/div><\/div><\/div><\/div><\/div><\/section><section class=\"l-section wpb_row us_custom_85ff217e height_large\"><div class=\"l-section-h i-cf\"><div class=\"g-cols vc_row via_flex valign_top type_default stacking_default\"><div class=\"vc_col-sm-12 wpb_column vc_column_container has_bg_color\"><div class=\"vc_column-inner us_custom_398e799f\"><div class=\"wpb_wrapper\"><div class=\"w-image us_custom_60d35a4b align_none\"><div class=\"w-image-h\"><img decoding=\"async\" width=\"21\" height=\"21\" src=\"https:\/\/cosquer.fr\/wp-content\/uploads\/2021\/03\/Calque-lt.png\" class=\"attachment-large size-large\" alt=\"\" loading=\"lazy\" \/><\/div><\/div><div class=\"w-image us_custom_dddc58af align_none\"><div class=\"w-image-h\"><img decoding=\"async\" width=\"21\" height=\"21\" src=\"https:\/\/cosquer.fr\/wp-content\/uploads\/2021\/03\/Calque-rt.png\" class=\"attachment-large size-large\" alt=\"\" loading=\"lazy\" \/><\/div><\/div><h2 style=\"text-align: center\" class=\"vc_custom_heading vc_do_custom_heading heading-2 us_custom_cda6f729\" >AJUSTAGE<\/h2><div class=\"g-cols wpb_row us_custom_1a6a98a8 sous-buttons-row mobile-only buttons-group via_flex valign_middle type_default stacking_default\"><div class=\"vc_col-sm-1\/5 wpb_column vc_column_container\"><div class=\"vc_column-inner us_custom_e7f5d98a\"><div class=\"wpb_wrapper\"><div class=\"w-btn-wrapper align_justify\"><a class=\"w-btn us-btn-style_4 sous-button\" title=\"Polissage\" href=\"https:\/\/cosquer.fr\/en\/le-polissage-fini-de-pieces-par-cosquer-a-sautron-44\/\"><span class=\"w-btn-label\">Polissage<\/span><\/a><\/div><\/div><\/div><\/div><div class=\"vc_col-sm-1\/5 wpb_column vc_column_container\"><div class=\"vc_column-inner us_custom_e7f5d98a\"><div class=\"wpb_wrapper\"><div class=\"w-btn-wrapper align_justify\"><a class=\"w-btn us-btn-style_4 sous-button\" href=\"https:\/\/cosquer.fr\/en\/aerogommage-procede-de-traitement-de-surface-sablage-par-cosquer-a-sautron-44\/\"><span class=\"w-btn-label\">A\u00e9rogommage<\/span><\/a><\/div><\/div><\/div><\/div><div class=\"vc_col-sm-1\/5 wpb_column vc_column_container\"><div class=\"vc_column-inner us_custom_e7f5d98a\"><div class=\"wpb_wrapper\"><div class=\"w-btn-wrapper align_justify\"><a class=\"w-btn us-btn-style_4 sous-button\" title=\"Ebavurage\" href=\"https:\/\/cosquer.fr\/en\/ebavurage-de-finition-par-brossage-ou-tribofinition-ste-cosquer-sautron-44\/\"><span class=\"w-btn-label\">Ebavurage<\/span><\/a><\/div><\/div><\/div><\/div><div class=\"vc_col-sm-1\/5 wpb_column vc_column_container\"><div class=\"vc_column-inner us_custom_e7f5d98a\"><div class=\"wpb_wrapper\"><div class=\"w-btn-wrapper align_justify\"><a class=\"w-btn us-btn-style_4 sous-button\" title=\"Microbillage\" href=\"https:\/\/cosquer.fr\/en\/microbillage-de-traitement-de-surface-par-impact-services-cosquer-france\/\"><span class=\"w-btn-label\">Microbillage<\/span><\/a><\/div><\/div><\/div><\/div><div class=\"vc_col-sm-1\/5 wpb_column vc_column_container\"><div class=\"vc_column-inner us_custom_e7f5d98a\"><div class=\"wpb_wrapper\"><div class=\"w-btn-wrapper align_justify\"><a class=\"w-btn us-btn-style_4 sous-button active\" title=\"Ajustage\" href=\"https:\/\/cosquer.fr\/en\/ajustage-sur-tous-materiaux-par-cosquer-sautron\/\"><span class=\"w-btn-label\">Ajustage<\/span><\/a><\/div><\/div><\/div><\/div><\/div><div id=\"ultimate-video-950869f0e6689d9ce\" class=\"ult-video  ult-adjust-bottom-margin ultimate-video-950869f0e6689d9ce ultv-9496\"><div class=\"ultv-video ultv-aspect-ratio-16_9 ultv-subscribe-responsive-none\" data-videotype=\"uv_iframe\">\n\t\t\t\t\t\t<div class=\"ultv-video__outer-wrap\" data-autoplay=\"1\" data-device=\"false\"  data-iconbg=\"#3A3A3A\" data-overcolor=\"\" data-defaultbg=\"#1f1f1e\" data-defaultplay=\"defaulticon\"><div class=\"ultv-video__play\" data-src=\"https:\/\/www.youtube.com\/embed\/dZHa9puwYZc?autoplay=1&amp;rel=0&amp;start=6&amp;end&amp;controls=1&amp;mute=1&amp;modestbranding=0&amp;autoplay=1\">\n\t\t\t\t\t\t\t\t<img decoding=\"async\" class=\"ultv-video__thumb\" src=\"https:\/\/i.ytimg.com\/vi\/dZHa9puwYZc\/hqdefault.jpg\"\/>\n\t\t\t\t\t\t\t\t<div class=\"ultv-video__play-icon  ultv-animation-none\" style=\"width:75px\"><svg height=\"100%\" version=\"1.1\" viewbox=\"0 0 68 48\" width=\"100%\"><path class=\"ultv-youtube-icon-bg\" d=\"m .66,37.62 c 0,0 .66,4.70 2.70,6.77 2.58,2.71 5.98,2.63 7.49,2.91 5.43,.52 23.10,.68 23.12,.68 .00,-1.3e-5 14.29,-0.02 23.81,-0.71 1.32,-0.15 4.22,-0.17 6.81,-2.89 2.03,-2.07 2.70,-6.77 2.70,-6.77 0,0 .67,-5.52 .67,-11.04 l 0,-5.17 c 0,-5.52 -0.67,-11.04 -0.67,-11.04 0,0 -0.66,-4.70 -2.70,-6.77 C 62.03,.86 59.13,.84 57.80,.69 48.28,0 34.00,0 34.00,0 33.97,0 19.69,0 10.18,.69 8.85,.84 5.95,.86 3.36,3.58 1.32,5.65 .66,10.35 .66,10.35 c 0,0 -0.55,4.50 -0.66,9.45 l 0,8.36 c .10,4.94 .66,9.45 .66,9.45 z\" fill=\"#1f1f1e\" ><\/path><path d=\"m 26.96,13.67 18.37,9.62 -18.37,9.55 -0.00,-19.17 z\" fill=\"#fff\"><\/path><path d=\"M 45.02,23.46 45.32,23.28 26.96,13.67 43.32,22.34 45.02,23.46 z\" fill=\"#ccc\"><\/path><\/svg><\/div> <\/div> <\/div><\/div><\/div><div class=\"w-separator size_medium\"><\/div><div class=\"g-cols wpb_row us_custom_a21ea65f sous-buttons-row desktop-only via_flex valign_middle type_default stacking_default\" style=\"--additional-gap:10px;\"><div class=\"vc_col-sm-1\/5 wpb_column vc_column_container\"><div class=\"vc_column-inner us_custom_e7f5d98a\"><div class=\"wpb_wrapper\"><div class=\"w-btn-wrapper align_justify\"><a class=\"w-btn us-btn-style_4 sous-button\" title=\"Polissage\" href=\"https:\/\/cosquer.fr\/en\/le-polissage-fini-de-pieces-par-cosquer-a-sautron-44\/\"><span class=\"w-btn-label\">Polissage<\/span><\/a><\/div><\/div><\/div><\/div><div class=\"vc_col-sm-1\/5 wpb_column vc_column_container\"><div class=\"vc_column-inner us_custom_e7f5d98a\"><div class=\"wpb_wrapper\"><div class=\"w-btn-wrapper align_justify\"><a class=\"w-btn us-btn-style_4 sous-button\" title=\"A\u00e9rogommage\" href=\"https:\/\/cosquer.fr\/en\/aerogommage-procede-de-traitement-de-surface-sablage-par-cosquer-a-sautron-44\/\"><span class=\"w-btn-label\">A\u00e9rogommage<\/span><\/a><\/div><\/div><\/div><\/div><div class=\"vc_col-sm-1\/5 wpb_column vc_column_container\"><div class=\"vc_column-inner us_custom_e7f5d98a\"><div class=\"wpb_wrapper\"><div class=\"w-btn-wrapper align_justify\"><a class=\"w-btn us-btn-style_4 sous-button\" title=\"Ebavurage\" href=\"https:\/\/cosquer.fr\/en\/ebavurage-de-finition-par-brossage-ou-tribofinition-ste-cosquer-sautron-44\/\"><span class=\"w-btn-label\">Ebavurage<\/span><\/a><\/div><\/div><\/div><\/div><div class=\"vc_col-sm-1\/5 wpb_column vc_column_container\"><div class=\"vc_column-inner us_custom_e7f5d98a\"><div class=\"wpb_wrapper\"><div class=\"w-btn-wrapper align_justify\"><a class=\"w-btn us-btn-style_4 sous-button\" title=\"Microbillage\" href=\"https:\/\/cosquer.fr\/en\/microbillage-de-traitement-de-surface-par-impact-services-cosquer-france\/\"><span class=\"w-btn-label\">Microbillage<\/span><\/a><\/div><\/div><\/div><\/div><div class=\"vc_col-sm-1\/5 wpb_column vc_column_container\"><div class=\"vc_column-inner us_custom_e7f5d98a\"><div class=\"wpb_wrapper\"><div class=\"w-btn-wrapper align_justify\"><a class=\"w-btn us-btn-style_4 sous-button active\" title=\"Le Ajustage\" href=\"https:\/\/cosquer.fr\/en\/ajustage-sur-tous-materiaux-par-cosquer-sautron\/\"><span class=\"w-btn-label\">Ajustage<\/span><\/a><\/div><\/div><\/div><\/div><\/div><div class=\"w-separator size_medium\"><\/div><div class=\"wpb_text_column\"><div class=\"wpb_wrapper\"><p><strong><span class=\"primary_color\">\u2022 L\u2019ajustage :<\/span><\/strong> est un moyen compl\u00e9mentaire de nos moyens de production \u00e9nonc\u00e9 ci-dessus. Il permet d\u2019apporter une r\u00e9ponse compl\u00e8te \u00e0 des besoins complexes.<\/p>\n<p>Ma\u00eetrisant tous les aspects de son m\u00e9tier, notre \u00e9quipe d\u2019ajusteurs vous propose des r\u00e9alisations d\u2019ajustage sur tous mat\u00e9riaux.<\/p>\n<\/div><\/div><div class=\"w-image us_custom_a04e5b6b align_none\"><div class=\"w-image-h\"><img decoding=\"async\" width=\"21\" height=\"21\" src=\"https:\/\/cosquer.fr\/wp-content\/uploads\/2021\/03\/Calque-lb.png\" class=\"attachment-large size-large\" alt=\"\" loading=\"lazy\" \/><\/div><\/div><div class=\"w-image us_custom_c2685eb8 align_none\"><div class=\"w-image-h\"><img decoding=\"async\" width=\"21\" height=\"21\" src=\"https:\/\/cosquer.fr\/wp-content\/uploads\/2021\/03\/Calque-rb.png\" class=\"attachment-large size-large\" alt=\"\" loading=\"lazy\" \/><\/div><\/div><\/div><\/div><\/div><\/div><\/div><\/section>","protected":false},"excerpt":{"rendered":"AJUSTAGEPolissageA\u00e9rogommageEbavurageMicrobillageAjustage PolissageA\u00e9rogommageEbavurageMicrobillageAjustage\u2022 L\u2019ajustage : est un moyen compl\u00e9mentaire de nos moyens de production \u00e9nonc\u00e9 ci-dessus. Il permet d\u2019apporter une r\u00e9ponse compl\u00e8te \u00e0 des besoins complexes. Ma\u00eetrisant tous les aspects de son m\u00e9tier, notre \u00e9quipe d\u2019ajusteurs vous propose des r\u00e9alisations d\u2019ajustage sur tous mat\u00e9riaux.","protected":false},"author":1,"featured_media":0,"parent":0,"menu_order":44,"comment_status":"closed","ping_status":"closed","template":"","meta":{"footnotes":""},"class_list":["post-324","page","type-page","status-publish","hentry"],"yoast_head":"<!-- This site is optimized with the Yoast SEO plugin v27.4 - https:\/\/yoast.com\/product\/yoast-seo-wordpress\/ -->\n<title>Ajustage - Cosquer Sautron<\/title>\n<meta name=\"description\" content=\"La soci\u00e9t\u00e9 COSQUER propose un service d&#039;ajustage personnalis\u00e9 et complet, \u00e9labor\u00e9 pour r\u00e9pondre \u00e0 l&#039;ensemble des demandes.\" \/>\n<meta name=\"robots\" content=\"index, follow, max-snippet:-1, max-image-preview:large, max-video-preview:-1\" \/>\n<link rel=\"canonical\" href=\"https:\/\/cosquer.fr\/en\/ajustage-sur-tous-materiaux-par-cosquer-sautron\/\" \/>\n<meta property=\"og:locale\" content=\"en_US\" \/>\n<meta property=\"og:type\" content=\"article\" \/>\n<meta property=\"og:title\" content=\"Ajustage - Cosquer Sautron\" \/>\n<meta property=\"og:description\" content=\"La soci\u00e9t\u00e9 COSQUER propose un service d&#039;ajustage personnalis\u00e9 et complet, \u00e9labor\u00e9 pour r\u00e9pondre \u00e0 l&#039;ensemble des demandes.\" \/>\n<meta property=\"og:url\" content=\"https:\/\/cosquer.fr\/en\/ajustage-sur-tous-materiaux-par-cosquer-sautron\/\" \/>\n<meta property=\"og:site_name\" content=\"Cosquer Sautron\" \/>\n<meta property=\"article:modified_time\" content=\"2023-10-09T12:08:55+00:00\" \/>\n<meta name=\"twitter:card\" content=\"summary_large_image\" \/>\n<meta name=\"twitter:label1\" content=\"Est. reading time\" \/>\n\t<meta name=\"twitter:data1\" content=\"1 minute\" \/>\n<script type=\"application\/ld+json\" class=\"yoast-schema-graph\">{\"@context\":\"https:\\\/\\\/schema.org\",\"@graph\":[{\"@type\":\"WebPage\",\"@id\":\"https:\\\/\\\/cosquer.fr\\\/ajustage-sur-tous-materiaux-par-cosquer-sautron\\\/\",\"url\":\"https:\\\/\\\/cosquer.fr\\\/ajustage-sur-tous-materiaux-par-cosquer-sautron\\\/\",\"name\":\"Ajustage - Cosquer Sautron\",\"isPartOf\":{\"@id\":\"https:\\\/\\\/cosquer.fr\\\/#website\"},\"datePublished\":\"2021-03-03T16:39:53+00:00\",\"dateModified\":\"2023-10-09T12:08:55+00:00\",\"description\":\"La soci\u00e9t\u00e9 COSQUER propose un service d'ajustage personnalis\u00e9 et complet, \u00e9labor\u00e9 pour r\u00e9pondre \u00e0 l'ensemble des demandes.\",\"breadcrumb\":{\"@id\":\"https:\\\/\\\/cosquer.fr\\\/ajustage-sur-tous-materiaux-par-cosquer-sautron\\\/#breadcrumb\"},\"inLanguage\":\"en-US\",\"potentialAction\":[{\"@type\":\"ReadAction\",\"target\":[\"https:\\\/\\\/cosquer.fr\\\/ajustage-sur-tous-materiaux-par-cosquer-sautron\\\/\"]}]},{\"@type\":\"BreadcrumbList\",\"@id\":\"https:\\\/\\\/cosquer.fr\\\/ajustage-sur-tous-materiaux-par-cosquer-sautron\\\/#breadcrumb\",\"itemListElement\":[{\"@type\":\"ListItem\",\"position\":1,\"name\":\"Accueil\",\"item\":\"https:\\\/\\\/cosquer.fr\\\/\"},{\"@type\":\"ListItem\",\"position\":2,\"name\":\"Ajustage\"}]},{\"@type\":\"WebSite\",\"@id\":\"https:\\\/\\\/cosquer.fr\\\/#website\",\"url\":\"https:\\\/\\\/cosquer.fr\\\/\",\"name\":\"Cosquer Sautron\",\"description\":\"Traitement de surfaces\",\"publisher\":{\"@id\":\"https:\\\/\\\/cosquer.fr\\\/#organization\"},\"potentialAction\":[{\"@type\":\"SearchAction\",\"target\":{\"@type\":\"EntryPoint\",\"urlTemplate\":\"https:\\\/\\\/cosquer.fr\\\/?s={search_term_string}\"},\"query-input\":{\"@type\":\"PropertyValueSpecification\",\"valueRequired\":true,\"valueName\":\"search_term_string\"}}],\"inLanguage\":\"en-US\"},{\"@type\":\"Organization\",\"@id\":\"https:\\\/\\\/cosquer.fr\\\/#organization\",\"name\":\"Cosquer - Traitement de surface, parach\u00e8vement m\u00e9canique\",\"url\":\"https:\\\/\\\/cosquer.fr\\\/\",\"logo\":{\"@type\":\"ImageObject\",\"inLanguage\":\"en-US\",\"@id\":\"https:\\\/\\\/cosquer.fr\\\/#\\\/schema\\\/logo\\\/image\\\/\",\"url\":\"https:\\\/\\\/cosquer.fr\\\/wp-content\\\/uploads\\\/2021\\\/05\\\/Atelier-Cosquer-a-Sautron-44.jpg\",\"contentUrl\":\"https:\\\/\\\/cosquer.fr\\\/wp-content\\\/uploads\\\/2021\\\/05\\\/Atelier-Cosquer-a-Sautron-44.jpg\",\"width\":1920,\"height\":940,\"caption\":\"Cosquer - Traitement de surface, parach\u00e8vement m\u00e9canique\"},\"image\":{\"@id\":\"https:\\\/\\\/cosquer.fr\\\/#\\\/schema\\\/logo\\\/image\\\/\"}}]}<\/script>\n<!-- \/ Yoast SEO plugin. -->","yoast_head_json":{"title":"Ajustage - Cosquer Sautron","description":"La soci\u00e9t\u00e9 COSQUER propose un service d'ajustage personnalis\u00e9 et complet, \u00e9labor\u00e9 pour r\u00e9pondre \u00e0 l'ensemble des demandes.","robots":{"index":"index","follow":"follow","max-snippet":"max-snippet:-1","max-image-preview":"max-image-preview:large","max-video-preview":"max-video-preview:-1"},"canonical":"https:\/\/cosquer.fr\/en\/ajustage-sur-tous-materiaux-par-cosquer-sautron\/","og_locale":"en_US","og_type":"article","og_title":"Ajustage - Cosquer Sautron","og_description":"La soci\u00e9t\u00e9 COSQUER propose un service d'ajustage personnalis\u00e9 et complet, \u00e9labor\u00e9 pour r\u00e9pondre \u00e0 l'ensemble des demandes.","og_url":"https:\/\/cosquer.fr\/en\/ajustage-sur-tous-materiaux-par-cosquer-sautron\/","og_site_name":"Cosquer Sautron","article_modified_time":"2023-10-09T12:08:55+00:00","twitter_card":"summary_large_image","twitter_misc":{"Est. reading time":"1 minute"},"schema":{"@context":"https:\/\/schema.org","@graph":[{"@type":"WebPage","@id":"https:\/\/cosquer.fr\/ajustage-sur-tous-materiaux-par-cosquer-sautron\/","url":"https:\/\/cosquer.fr\/ajustage-sur-tous-materiaux-par-cosquer-sautron\/","name":"Ajustage - Cosquer Sautron","isPartOf":{"@id":"https:\/\/cosquer.fr\/#website"},"datePublished":"2021-03-03T16:39:53+00:00","dateModified":"2023-10-09T12:08:55+00:00","description":"La soci\u00e9t\u00e9 COSQUER propose un service d'ajustage personnalis\u00e9 et complet, \u00e9labor\u00e9 pour r\u00e9pondre \u00e0 l'ensemble des demandes.","breadcrumb":{"@id":"https:\/\/cosquer.fr\/ajustage-sur-tous-materiaux-par-cosquer-sautron\/#breadcrumb"},"inLanguage":"en-US","potentialAction":[{"@type":"ReadAction","target":["https:\/\/cosquer.fr\/ajustage-sur-tous-materiaux-par-cosquer-sautron\/"]}]},{"@type":"BreadcrumbList","@id":"https:\/\/cosquer.fr\/ajustage-sur-tous-materiaux-par-cosquer-sautron\/#breadcrumb","itemListElement":[{"@type":"ListItem","position":1,"name":"Accueil","item":"https:\/\/cosquer.fr\/"},{"@type":"ListItem","position":2,"name":"Ajustage"}]},{"@type":"WebSite","@id":"https:\/\/cosquer.fr\/#website","url":"https:\/\/cosquer.fr\/","name":"Cosquer Sautron","description":"Traitement de surfaces","publisher":{"@id":"https:\/\/cosquer.fr\/#organization"},"potentialAction":[{"@type":"SearchAction","target":{"@type":"EntryPoint","urlTemplate":"https:\/\/cosquer.fr\/?s={search_term_string}"},"query-input":{"@type":"PropertyValueSpecification","valueRequired":true,"valueName":"search_term_string"}}],"inLanguage":"en-US"},{"@type":"Organization","@id":"https:\/\/cosquer.fr\/#organization","name":"Cosquer - Traitement de surface, parach\u00e8vement m\u00e9canique","url":"https:\/\/cosquer.fr\/","logo":{"@type":"ImageObject","inLanguage":"en-US","@id":"https:\/\/cosquer.fr\/#\/schema\/logo\/image\/","url":"https:\/\/cosquer.fr\/wp-content\/uploads\/2021\/05\/Atelier-Cosquer-a-Sautron-44.jpg","contentUrl":"https:\/\/cosquer.fr\/wp-content\/uploads\/2021\/05\/Atelier-Cosquer-a-Sautron-44.jpg","width":1920,"height":940,"caption":"Cosquer - Traitement de surface, parach\u00e8vement m\u00e9canique"},"image":{"@id":"https:\/\/cosquer.fr\/#\/schema\/logo\/image\/"}}]}},"_links":{"self":[{"href":"https:\/\/cosquer.fr\/en\/wp-json\/wp\/v2\/pages\/324","targetHints":{"allow":["GET"]}}],"collection":[{"href":"https:\/\/cosquer.fr\/en\/wp-json\/wp\/v2\/pages"}],"about":[{"href":"https:\/\/cosquer.fr\/en\/wp-json\/wp\/v2\/types\/page"}],"author":[{"embeddable":true,"href":"https:\/\/cosquer.fr\/en\/wp-json\/wp\/v2\/users\/1"}],"replies":[{"embeddable":true,"href":"https:\/\/cosquer.fr\/en\/wp-json\/wp\/v2\/comments?post=324"}],"version-history":[{"count":5,"href":"https:\/\/cosquer.fr\/en\/wp-json\/wp\/v2\/pages\/324\/revisions"}],"predecessor-version":[{"id":905,"href":"https:\/\/cosquer.fr\/en\/wp-json\/wp\/v2\/pages\/324\/revisions\/905"}],"wp:attachment":[{"href":"https:\/\/cosquer.fr\/en\/wp-json\/wp\/v2\/media?parent=324"}],"curies":[{"name":"wp","href":"https:\/\/api.w.org\/{rel}","templated":true}]}}