{"id":323,"date":"2021-03-03T17:39:37","date_gmt":"2021-03-03T16:39:37","guid":{"rendered":"https:\/\/cosquer.fr\/?page_id=323"},"modified":"2023-10-09T14:30:47","modified_gmt":"2023-10-09T12:30:47","slug":"microbillage-de-traitement-de-surface-par-impact-services-cosquer-france","status":"publish","type":"page","link":"https:\/\/cosquer.fr\/en\/microbillage-de-traitement-de-surface-par-impact-services-cosquer-france\/","title":{"rendered":"Microbillage"},"content":{"rendered":"<section class=\"l-section wpb_row height_huge with_img\"><div class=\"l-section-img\" role=\"img\" aria-label=\"St\u00e9 Cosquer traitement de surface\" data-img-width=\"1920\" data-img-height=\"940\" style=\"background-image: url(https:\/\/cosquer.fr\/wp-content\/uploads\/2021\/03\/Bandeau-Ste-Cosquer-traitement-de-surface.jpg);\"><\/div><div class=\"l-section-h i-cf\"><div class=\"g-cols vc_row via_flex valign_top type_default stacking_default\"><div class=\"vc_col-sm-12 wpb_column vc_column_container\"><div class=\"vc_column-inner\"><div class=\"wpb_wrapper\"><div class=\"w-separator size_huge\"><\/div><\/div><\/div><\/div><\/div><\/div><\/section><section class=\"l-section wpb_row us_custom_85ff217e height_large\"><div class=\"l-section-h i-cf\"><div class=\"g-cols vc_row via_flex valign_top type_default stacking_default\"><div class=\"vc_col-sm-12 wpb_column vc_column_container has_bg_color\"><div class=\"vc_column-inner us_custom_398e799f\"><div class=\"wpb_wrapper\"><div class=\"w-image us_custom_60d35a4b align_none\"><div class=\"w-image-h\"><img decoding=\"async\" width=\"21\" height=\"21\" src=\"https:\/\/cosquer.fr\/wp-content\/uploads\/2021\/03\/Calque-lt.png\" class=\"attachment-large size-large\" alt=\"\" loading=\"lazy\" \/><\/div><\/div><div class=\"w-image us_custom_dddc58af align_none\"><div class=\"w-image-h\"><img decoding=\"async\" width=\"21\" height=\"21\" src=\"https:\/\/cosquer.fr\/wp-content\/uploads\/2021\/03\/Calque-rt.png\" class=\"attachment-large size-large\" alt=\"\" loading=\"lazy\" \/><\/div><\/div><h2 style=\"text-align: center\" class=\"vc_custom_heading vc_do_custom_heading heading-2 us_custom_cda6f729\" >MICROBILLAGE<\/h2><div class=\"g-cols wpb_row us_custom_1a6a98a8 sous-buttons-row mobile-only buttons-group via_flex valign_middle type_default stacking_default\"><div class=\"vc_col-sm-1\/5 wpb_column vc_column_container\"><div class=\"vc_column-inner us_custom_e7f5d98a\"><div class=\"wpb_wrapper\"><div class=\"w-btn-wrapper align_justify\"><a class=\"w-btn us-btn-style_4 sous-button\" title=\"Polissage\" href=\"https:\/\/cosquer.fr\/en\/le-polissage-fini-de-pieces-par-cosquer-a-sautron-44\/\"><span class=\"w-btn-label\">Polissage<\/span><\/a><\/div><\/div><\/div><\/div><div class=\"vc_col-sm-1\/5 wpb_column vc_column_container\"><div class=\"vc_column-inner us_custom_e7f5d98a\"><div class=\"wpb_wrapper\"><div class=\"w-btn-wrapper align_justify\"><a class=\"w-btn us-btn-style_4 sous-button\" href=\"https:\/\/cosquer.fr\/en\/aerogommage-procede-de-traitement-de-surface-sablage-par-cosquer-a-sautron-44\/\"><span class=\"w-btn-label\">A\u00e9rogommage<\/span><\/a><\/div><\/div><\/div><\/div><div class=\"vc_col-sm-1\/5 wpb_column vc_column_container\"><div class=\"vc_column-inner us_custom_e7f5d98a\"><div class=\"wpb_wrapper\"><div class=\"w-btn-wrapper align_justify\"><a class=\"w-btn us-btn-style_4 sous-button\" title=\"Ebavurage\" href=\"https:\/\/cosquer.fr\/en\/ebavurage-de-finition-par-brossage-ou-tribofinition-ste-cosquer-sautron-44\/\"><span class=\"w-btn-label\">Ebavurage<\/span><\/a><\/div><\/div><\/div><\/div><div class=\"vc_col-sm-1\/5 wpb_column vc_column_container\"><div class=\"vc_column-inner us_custom_e7f5d98a\"><div class=\"wpb_wrapper\"><div class=\"w-btn-wrapper align_justify\"><a class=\"w-btn us-btn-style_4 sous-button active\" title=\"Microbillage\" href=\"https:\/\/cosquer.fr\/en\/microbillage-de-traitement-de-surface-par-impact-services-cosquer-france\/\"><span class=\"w-btn-label\">Microbillage<\/span><\/a><\/div><\/div><\/div><\/div><div class=\"vc_col-sm-1\/5 wpb_column vc_column_container\"><div class=\"vc_column-inner us_custom_e7f5d98a\"><div class=\"wpb_wrapper\"><div class=\"w-btn-wrapper align_justify\"><a class=\"w-btn us-btn-style_4 sous-button\" title=\"Ajustage\" href=\"https:\/\/cosquer.fr\/en\/ajustage-sur-tous-materiaux-par-cosquer-sautron\/\"><span class=\"w-btn-label\">Ajustage<\/span><\/a><\/div><\/div><\/div><\/div><\/div><div id=\"ultimate-video-28469f0e6822efd2\" class=\"ult-video  ult-adjust-bottom-margin ultimate-video-28469f0e6822efd2 ultv-3104\"><div class=\"ultv-video ultv-aspect-ratio-16_9 ultv-subscribe-responsive-none\" data-videotype=\"uv_iframe\">\n\t\t\t\t\t\t<div class=\"ultv-video__outer-wrap\" data-autoplay=\"1\" data-device=\"false\"  data-iconbg=\"#3A3A3A\" data-overcolor=\"\" data-defaultbg=\"#1f1f1e\" data-defaultplay=\"defaulticon\"><div class=\"ultv-video__play\" data-src=\"https:\/\/www.youtube.com\/embed\/pOyPUhCa6SA?autoplay=1&amp;rel=0&amp;start=6&amp;end&amp;controls=1&amp;mute=1&amp;modestbranding=0&amp;autoplay=1\">\n\t\t\t\t\t\t\t\t<img decoding=\"async\" class=\"ultv-video__thumb\" src=\"https:\/\/i.ytimg.com\/vi\/pOyPUhCa6SA\/hqdefault.jpg\"\/>\n\t\t\t\t\t\t\t\t<div class=\"ultv-video__play-icon  ultv-animation-none\" style=\"width:75px\"><svg height=\"100%\" version=\"1.1\" viewbox=\"0 0 68 48\" width=\"100%\"><path class=\"ultv-youtube-icon-bg\" d=\"m .66,37.62 c 0,0 .66,4.70 2.70,6.77 2.58,2.71 5.98,2.63 7.49,2.91 5.43,.52 23.10,.68 23.12,.68 .00,-1.3e-5 14.29,-0.02 23.81,-0.71 1.32,-0.15 4.22,-0.17 6.81,-2.89 2.03,-2.07 2.70,-6.77 2.70,-6.77 0,0 .67,-5.52 .67,-11.04 l 0,-5.17 c 0,-5.52 -0.67,-11.04 -0.67,-11.04 0,0 -0.66,-4.70 -2.70,-6.77 C 62.03,.86 59.13,.84 57.80,.69 48.28,0 34.00,0 34.00,0 33.97,0 19.69,0 10.18,.69 8.85,.84 5.95,.86 3.36,3.58 1.32,5.65 .66,10.35 .66,10.35 c 0,0 -0.55,4.50 -0.66,9.45 l 0,8.36 c .10,4.94 .66,9.45 .66,9.45 z\" fill=\"#1f1f1e\" ><\/path><path d=\"m 26.96,13.67 18.37,9.62 -18.37,9.55 -0.00,-19.17 z\" fill=\"#fff\"><\/path><path d=\"M 45.02,23.46 45.32,23.28 26.96,13.67 43.32,22.34 45.02,23.46 z\" fill=\"#ccc\"><\/path><\/svg><\/div> <\/div> <\/div><\/div><\/div><div class=\"w-separator size_medium\"><\/div><div class=\"g-cols wpb_row us_custom_a21ea65f sous-buttons-row desktop-only via_flex valign_middle type_default stacking_default\" style=\"--additional-gap:10px;\"><div class=\"vc_col-sm-1\/5 wpb_column vc_column_container\"><div class=\"vc_column-inner us_custom_e7f5d98a\"><div class=\"wpb_wrapper\"><div class=\"w-btn-wrapper align_justify\"><a class=\"w-btn us-btn-style_4 sous-button\" title=\"Polissage\" href=\"https:\/\/cosquer.fr\/en\/le-polissage-fini-de-pieces-par-cosquer-a-sautron-44\/\"><span class=\"w-btn-label\">Polissage<\/span><\/a><\/div><\/div><\/div><\/div><div class=\"vc_col-sm-1\/5 wpb_column vc_column_container\"><div class=\"vc_column-inner us_custom_e7f5d98a\"><div class=\"wpb_wrapper\"><div class=\"w-btn-wrapper align_justify\"><a class=\"w-btn us-btn-style_4 sous-button\" title=\"A\u00e9rogommage\" href=\"https:\/\/cosquer.fr\/en\/aerogommage-procede-de-traitement-de-surface-sablage-par-cosquer-a-sautron-44\/\"><span class=\"w-btn-label\">A\u00e9rogommage<\/span><\/a><\/div><\/div><\/div><\/div><div class=\"vc_col-sm-1\/5 wpb_column vc_column_container\"><div class=\"vc_column-inner us_custom_e7f5d98a\"><div class=\"wpb_wrapper\"><div class=\"w-btn-wrapper align_justify\"><a class=\"w-btn us-btn-style_4 sous-button\" title=\"Ebavurage\" href=\"https:\/\/cosquer.fr\/en\/ebavurage-de-finition-par-brossage-ou-tribofinition-ste-cosquer-sautron-44\/\"><span class=\"w-btn-label\">Ebavurage<\/span><\/a><\/div><\/div><\/div><\/div><div class=\"vc_col-sm-1\/5 wpb_column vc_column_container\"><div class=\"vc_column-inner us_custom_e7f5d98a\"><div class=\"wpb_wrapper\"><div class=\"w-btn-wrapper align_justify\"><a class=\"w-btn us-btn-style_4 sous-button active\" title=\"Microbillage\" href=\"https:\/\/cosquer.fr\/en\/microbillage-de-traitement-de-surface-par-impact-services-cosquer-france\/\"><span class=\"w-btn-label\">Microbillage<\/span><\/a><\/div><\/div><\/div><\/div><div class=\"vc_col-sm-1\/5 wpb_column vc_column_container\"><div class=\"vc_column-inner us_custom_e7f5d98a\"><div class=\"wpb_wrapper\"><div class=\"w-btn-wrapper align_justify\"><a class=\"w-btn us-btn-style_4 sous-button\" title=\"Ajustage\" href=\"https:\/\/cosquer.fr\/en\/ajustage-sur-tous-materiaux-par-cosquer-sautron\/\"><span class=\"w-btn-label\">Ajustage<\/span><\/a><\/div><\/div><\/div><\/div><\/div><div class=\"w-separator size_medium\"><\/div><div class=\"wpb_text_column\"><div class=\"wpb_wrapper\"><p><strong><span class=\"primary_color\">\u2022 Le microbillage :<\/span><\/strong> est un proc\u00e9d\u00e9 de traitement de surface par impact. Il consiste \u00e0 projeter des microbilles (verre, c\u00e9ramique ou autre) sur une surface. Le but est de lui donner un aspect ou sous certaines conditions de lui donner une duret\u00e9 superficielle (shot peening \u00e9crouissage, grenaillage de pr\u00e9contrainte). La surface obtenue est satin\u00e9e brillante. On utilise le microbillage pour le nettoyage et le d\u00e9capage de pi\u00e8ces m\u00e9caniques de toutes mati\u00e8res. Mais \u00e9galement pour une finition esth\u00e9tique sur l\u2019inox ou les m\u00e9taux non ferreux comme l&rsquo;aluminium. Les applications du microbillage sont nombreuses et vari\u00e9es.<\/p>\n<p><strong><span class=\"primary_color\">\u2022 La projection :<\/span><\/strong> peut \u00eatre s\u00e8che ou humide, en cabines \u00e0 manches ou salles \u00e0 jet libre. Elle permet de traiter, sans alt\u00e9rer, des pi\u00e8ces allant de quelques millim\u00e8tres \u00e0 plusieurs m\u00e8tres de long. Notre parc machine est constitu\u00e9 de 5 cabines \u00e0 manches, chacune d\u00e9di\u00e9es \u00e0 une application. Puis, d\u2019une salle en jet libre de dimension : 8 x 4 x 2,5m.<\/p>\n<\/div><\/div><div class=\"w-image us_custom_a04e5b6b align_none\"><div class=\"w-image-h\"><img decoding=\"async\" width=\"21\" height=\"21\" src=\"https:\/\/cosquer.fr\/wp-content\/uploads\/2021\/03\/Calque-lb.png\" class=\"attachment-large size-large\" alt=\"\" loading=\"lazy\" \/><\/div><\/div><div class=\"w-image us_custom_c2685eb8 align_none\"><div class=\"w-image-h\"><img decoding=\"async\" width=\"21\" height=\"21\" src=\"https:\/\/cosquer.fr\/wp-content\/uploads\/2021\/03\/Calque-rb.png\" class=\"attachment-large size-large\" alt=\"\" loading=\"lazy\" \/><\/div><\/div><\/div><\/div><\/div><\/div><\/div><\/section>","protected":false},"excerpt":{"rendered":"MICROBILLAGEPolissageA\u00e9rogommageEbavurageMicrobillageAjustage PolissageA\u00e9rogommageEbavurageMicrobillageAjustage\u2022 Le microbillage : est un proc\u00e9d\u00e9 de traitement de surface par impact. Il consiste \u00e0 projeter des microbilles (verre, c\u00e9ramique ou autre) sur une surface. Le but est de lui donner un aspect ou sous certaines conditions de lui donner une duret\u00e9 superficielle (shot peening \u00e9crouissage, grenaillage de pr\u00e9contrainte). La surface obtenue est...","protected":false},"author":1,"featured_media":0,"parent":0,"menu_order":43,"comment_status":"closed","ping_status":"closed","template":"","meta":{"footnotes":""},"class_list":["post-323","page","type-page","status-publish","hentry"],"yoast_head":"<!-- This site is optimized with the Yoast SEO plugin v27.4 - https:\/\/yoast.com\/product\/yoast-seo-wordpress\/ -->\n<title>Microbillage - Cosquer Sautron<\/title>\n<meta name=\"description\" content=\"COSQUER emploie la technique de microbillage sur divers mat\u00e9riaux afin d&#039;obtenir un fini uniforme et satin\u00e9 impeccable.\" \/>\n<meta name=\"robots\" content=\"index, follow, max-snippet:-1, max-image-preview:large, max-video-preview:-1\" \/>\n<link rel=\"canonical\" href=\"https:\/\/cosquer.fr\/en\/microbillage-de-traitement-de-surface-par-impact-services-cosquer-france\/\" \/>\n<meta property=\"og:locale\" content=\"en_US\" \/>\n<meta property=\"og:type\" content=\"article\" \/>\n<meta property=\"og:title\" content=\"Microbillage - Cosquer Sautron\" \/>\n<meta property=\"og:description\" content=\"COSQUER emploie la technique de microbillage sur divers mat\u00e9riaux afin d&#039;obtenir un fini uniforme et satin\u00e9 impeccable.\" \/>\n<meta property=\"og:url\" content=\"https:\/\/cosquer.fr\/en\/microbillage-de-traitement-de-surface-par-impact-services-cosquer-france\/\" \/>\n<meta property=\"og:site_name\" content=\"Cosquer Sautron\" \/>\n<meta property=\"article:modified_time\" content=\"2023-10-09T12:30:47+00:00\" \/>\n<meta name=\"twitter:card\" content=\"summary_large_image\" \/>\n<meta name=\"twitter:label1\" content=\"Est. reading time\" \/>\n\t<meta name=\"twitter:data1\" content=\"2 minutes\" \/>\n<script type=\"application\/ld+json\" class=\"yoast-schema-graph\">{\"@context\":\"https:\\\/\\\/schema.org\",\"@graph\":[{\"@type\":\"WebPage\",\"@id\":\"https:\\\/\\\/cosquer.fr\\\/microbillage-de-traitement-de-surface-par-impact-services-cosquer-france\\\/\",\"url\":\"https:\\\/\\\/cosquer.fr\\\/microbillage-de-traitement-de-surface-par-impact-services-cosquer-france\\\/\",\"name\":\"Microbillage - Cosquer Sautron\",\"isPartOf\":{\"@id\":\"https:\\\/\\\/cosquer.fr\\\/#website\"},\"datePublished\":\"2021-03-03T16:39:37+00:00\",\"dateModified\":\"2023-10-09T12:30:47+00:00\",\"description\":\"COSQUER emploie la technique de microbillage sur divers mat\u00e9riaux afin d'obtenir un fini uniforme et satin\u00e9 impeccable.\",\"breadcrumb\":{\"@id\":\"https:\\\/\\\/cosquer.fr\\\/microbillage-de-traitement-de-surface-par-impact-services-cosquer-france\\\/#breadcrumb\"},\"inLanguage\":\"en-US\",\"potentialAction\":[{\"@type\":\"ReadAction\",\"target\":[\"https:\\\/\\\/cosquer.fr\\\/microbillage-de-traitement-de-surface-par-impact-services-cosquer-france\\\/\"]}]},{\"@type\":\"BreadcrumbList\",\"@id\":\"https:\\\/\\\/cosquer.fr\\\/microbillage-de-traitement-de-surface-par-impact-services-cosquer-france\\\/#breadcrumb\",\"itemListElement\":[{\"@type\":\"ListItem\",\"position\":1,\"name\":\"Accueil\",\"item\":\"https:\\\/\\\/cosquer.fr\\\/\"},{\"@type\":\"ListItem\",\"position\":2,\"name\":\"Microbillage\"}]},{\"@type\":\"WebSite\",\"@id\":\"https:\\\/\\\/cosquer.fr\\\/#website\",\"url\":\"https:\\\/\\\/cosquer.fr\\\/\",\"name\":\"Cosquer Sautron\",\"description\":\"Traitement de surfaces\",\"publisher\":{\"@id\":\"https:\\\/\\\/cosquer.fr\\\/#organization\"},\"potentialAction\":[{\"@type\":\"SearchAction\",\"target\":{\"@type\":\"EntryPoint\",\"urlTemplate\":\"https:\\\/\\\/cosquer.fr\\\/?s={search_term_string}\"},\"query-input\":{\"@type\":\"PropertyValueSpecification\",\"valueRequired\":true,\"valueName\":\"search_term_string\"}}],\"inLanguage\":\"en-US\"},{\"@type\":\"Organization\",\"@id\":\"https:\\\/\\\/cosquer.fr\\\/#organization\",\"name\":\"Cosquer - Traitement de surface, parach\u00e8vement m\u00e9canique\",\"url\":\"https:\\\/\\\/cosquer.fr\\\/\",\"logo\":{\"@type\":\"ImageObject\",\"inLanguage\":\"en-US\",\"@id\":\"https:\\\/\\\/cosquer.fr\\\/#\\\/schema\\\/logo\\\/image\\\/\",\"url\":\"https:\\\/\\\/cosquer.fr\\\/wp-content\\\/uploads\\\/2021\\\/05\\\/Atelier-Cosquer-a-Sautron-44.jpg\",\"contentUrl\":\"https:\\\/\\\/cosquer.fr\\\/wp-content\\\/uploads\\\/2021\\\/05\\\/Atelier-Cosquer-a-Sautron-44.jpg\",\"width\":1920,\"height\":940,\"caption\":\"Cosquer - Traitement de surface, parach\u00e8vement m\u00e9canique\"},\"image\":{\"@id\":\"https:\\\/\\\/cosquer.fr\\\/#\\\/schema\\\/logo\\\/image\\\/\"}}]}<\/script>\n<!-- \/ Yoast SEO plugin. -->","yoast_head_json":{"title":"Microbillage - Cosquer Sautron","description":"COSQUER emploie la technique de microbillage sur divers mat\u00e9riaux afin d'obtenir un fini uniforme et satin\u00e9 impeccable.","robots":{"index":"index","follow":"follow","max-snippet":"max-snippet:-1","max-image-preview":"max-image-preview:large","max-video-preview":"max-video-preview:-1"},"canonical":"https:\/\/cosquer.fr\/en\/microbillage-de-traitement-de-surface-par-impact-services-cosquer-france\/","og_locale":"en_US","og_type":"article","og_title":"Microbillage - Cosquer Sautron","og_description":"COSQUER emploie la technique de microbillage sur divers mat\u00e9riaux afin d'obtenir un fini uniforme et satin\u00e9 impeccable.","og_url":"https:\/\/cosquer.fr\/en\/microbillage-de-traitement-de-surface-par-impact-services-cosquer-france\/","og_site_name":"Cosquer Sautron","article_modified_time":"2023-10-09T12:30:47+00:00","twitter_card":"summary_large_image","twitter_misc":{"Est. reading time":"2 minutes"},"schema":{"@context":"https:\/\/schema.org","@graph":[{"@type":"WebPage","@id":"https:\/\/cosquer.fr\/microbillage-de-traitement-de-surface-par-impact-services-cosquer-france\/","url":"https:\/\/cosquer.fr\/microbillage-de-traitement-de-surface-par-impact-services-cosquer-france\/","name":"Microbillage - Cosquer Sautron","isPartOf":{"@id":"https:\/\/cosquer.fr\/#website"},"datePublished":"2021-03-03T16:39:37+00:00","dateModified":"2023-10-09T12:30:47+00:00","description":"COSQUER emploie la technique de microbillage sur divers mat\u00e9riaux afin d'obtenir un fini uniforme et satin\u00e9 impeccable.","breadcrumb":{"@id":"https:\/\/cosquer.fr\/microbillage-de-traitement-de-surface-par-impact-services-cosquer-france\/#breadcrumb"},"inLanguage":"en-US","potentialAction":[{"@type":"ReadAction","target":["https:\/\/cosquer.fr\/microbillage-de-traitement-de-surface-par-impact-services-cosquer-france\/"]}]},{"@type":"BreadcrumbList","@id":"https:\/\/cosquer.fr\/microbillage-de-traitement-de-surface-par-impact-services-cosquer-france\/#breadcrumb","itemListElement":[{"@type":"ListItem","position":1,"name":"Accueil","item":"https:\/\/cosquer.fr\/"},{"@type":"ListItem","position":2,"name":"Microbillage"}]},{"@type":"WebSite","@id":"https:\/\/cosquer.fr\/#website","url":"https:\/\/cosquer.fr\/","name":"Cosquer Sautron","description":"Traitement de surfaces","publisher":{"@id":"https:\/\/cosquer.fr\/#organization"},"potentialAction":[{"@type":"SearchAction","target":{"@type":"EntryPoint","urlTemplate":"https:\/\/cosquer.fr\/?s={search_term_string}"},"query-input":{"@type":"PropertyValueSpecification","valueRequired":true,"valueName":"search_term_string"}}],"inLanguage":"en-US"},{"@type":"Organization","@id":"https:\/\/cosquer.fr\/#organization","name":"Cosquer - Traitement de surface, parach\u00e8vement m\u00e9canique","url":"https:\/\/cosquer.fr\/","logo":{"@type":"ImageObject","inLanguage":"en-US","@id":"https:\/\/cosquer.fr\/#\/schema\/logo\/image\/","url":"https:\/\/cosquer.fr\/wp-content\/uploads\/2021\/05\/Atelier-Cosquer-a-Sautron-44.jpg","contentUrl":"https:\/\/cosquer.fr\/wp-content\/uploads\/2021\/05\/Atelier-Cosquer-a-Sautron-44.jpg","width":1920,"height":940,"caption":"Cosquer - Traitement de surface, parach\u00e8vement m\u00e9canique"},"image":{"@id":"https:\/\/cosquer.fr\/#\/schema\/logo\/image\/"}}]}},"_links":{"self":[{"href":"https:\/\/cosquer.fr\/en\/wp-json\/wp\/v2\/pages\/323","targetHints":{"allow":["GET"]}}],"collection":[{"href":"https:\/\/cosquer.fr\/en\/wp-json\/wp\/v2\/pages"}],"about":[{"href":"https:\/\/cosquer.fr\/en\/wp-json\/wp\/v2\/types\/page"}],"author":[{"embeddable":true,"href":"https:\/\/cosquer.fr\/en\/wp-json\/wp\/v2\/users\/1"}],"replies":[{"embeddable":true,"href":"https:\/\/cosquer.fr\/en\/wp-json\/wp\/v2\/comments?post=323"}],"version-history":[{"count":7,"href":"https:\/\/cosquer.fr\/en\/wp-json\/wp\/v2\/pages\/323\/revisions"}],"predecessor-version":[{"id":907,"href":"https:\/\/cosquer.fr\/en\/wp-json\/wp\/v2\/pages\/323\/revisions\/907"}],"wp:attachment":[{"href":"https:\/\/cosquer.fr\/en\/wp-json\/wp\/v2\/media?parent=323"}],"curies":[{"name":"wp","href":"https:\/\/api.w.org\/{rel}","templated":true}]}}